{"id":782,"date":"2017-04-03T14:57:06","date_gmt":"2017-04-03T18:57:06","guid":{"rendered":"http:\/\/www.marianopolis.edu\/horizonsimaginaires\/?page_id=782"},"modified":"2017-04-19T08:35:38","modified_gmt":"2017-04-19T12:35:38","slug":"avis-importants","status":"publish","type":"page","link":"https:\/\/www.marianopolis.edu\/horizonsimaginaires\/avis-importants\/","title":{"rendered":"Avis importants"},"content":{"rendered":"<p>&nbsp;<\/p>\n<p>Quand des \u00e9tudiants veulent transmettre leur passion pour le fantastique, la science-fiction ou la fantasy, cela donne les Horizons imaginaires, une plateforme administr\u00e9e par des \u00e9tudiants et un enseignant de fran\u00e7ais du Coll\u00e8ge Marianopolis, qui ont eu l\u2019id\u00e9e un peu folle de r\u00e9aliser ce projet au printemps 2016.<\/p>\n<p>Son principal objectif est d\u2019assurer la promotion des cultures de l\u2019imaginaire, tant aupr\u00e8s du milieu coll\u00e9gial que du grand public. \u00c0 cela s\u2019ajoute des objectifs p\u00e9dagogiques, soit d\u2019amener des \u00e9tudiants \u00e0 d\u00e9velopper leur compr\u00e9hension des rouages du milieu culturel ainsi qu\u2019\u00e0 aiguiser leur jugement critique. Pour ce faire, les Horizons imaginaires leur offrent un espace m\u00e9diatique qui leur permet d\u2019\u00eatre des participants actifs \u00e0 la vie culturelle et sociale des genres de l\u2019imaginaire, que ce soit comme apprentis r\u00e9dacteurs dans la revue en ligne ou jur\u00e9s \u00e9tudiants pour le Prix des Horizons imaginaires.<\/p>\n<p>Les Horizons imaginaires aspirent ainsi \u00e0 devenir un espace de rencontre convivial, accessible et propice aux \u00e9changes, o\u00f9 tous les amateurs des genres de l\u2019imaginaire peuvent se rassembler.<\/p>\n<h2><\/h2>\n<h2>Avis importants<\/h2>\n<p>&nbsp;<\/p>\n<p>Les opinions partag\u00e9es par les membres de l\u2019\u00e9quipe des Horizons imaginaires et par leurs collaborateurs sur son site Web sont les leurs et ne refl\u00e8tent pas n\u00e9cessairement celles des institutions d\u2019enseignement qu\u2019ils fr\u00e9quentent. Il en va de m\u00eame pour les opinions partag\u00e9es par l\u2019entremise des divers comptes officiels des Horizons imaginaires sur les r\u00e9seaux sociaux.<\/p>\n<p><u>Droits d\u2019auteurs <\/u><\/p>\n<p>Sauf mention contraire, le mat\u00e9riel plac\u00e9 sur le site des Horizons imaginaires est la propri\u00e9t\u00e9 des administrateurs de la plateforme et de leurs collaborateurs, except\u00e9 les citations tir\u00e9es d\u2019autres sources. Cela comprend notamment, sans s\u2019y limiter, le logo des Horizons imaginaires, les textes publi\u00e9s sur le site et les photos prises par les collaborateurs.<\/p>\n<p>La reproduction de ce mat\u00e9riel est permise pour un usage personnel ou \u00e9ducatif, \u00e0 condition d\u2019en attribuer la source selon les normes d\u2019usage. Veuillez noter que pour toute autre utilisation (reproduction sur un site Web, r\u00e9utilisation \u00e0 des fins promotionnelles, etc.), il est strictement interdit de reproduire un extrait ou la totalit\u00e9 d\u2019un article publi\u00e9 sur ce site Web, sans l\u2019autorisation \u00e9crite des administrateurs des Horizons imaginaires. Il suffit de nous la demander : on ne mord pas, et \u00e7a nous fera sans doute plaisir de vous l\u2019accorder !<\/p>\n<p><u>Service de presse<\/u><\/p>\n<p>Il vous est possible d\u2019envoyer vos services de presse aux collaborateurs des Horizons imaginaires en utilisant l\u2019adresse postale affich\u00e9e plus bas. Il peut s\u2019agir d\u2019\u0153uvres litt\u00e9raires, de revues, de films, de jeux (de table ou vid\u00e9os), de billets pour des expositions ou des spectacles, d\u2019une baguette magique, d\u2019une machine \u00e0 explorer le temps, etc. ; par contre, pour vous \u00e9viter toute d\u00e9ception, assurez-vous que le service de presse entretienne des liens \u00e9troits avec les cultures de l\u2019imaginaire !<\/p>\n<p>Nous nous r\u00e9servons toutefois le droit de ne pas faire suite \u00e0 tous les services de presse re\u00e7us. Par ailleurs, si nous traitons d\u2019un produit re\u00e7u en service de presse ou qui fait l\u2019objet d\u2019une commandite, nous nous engageons \u00e0 pr\u00e9ciser cette information \u00e0 m\u00eame l\u2019article.<\/p>\n<p style=\"text-align: left;\"><strong>Mathieu Lauzon-Dicso<\/strong><br \/>\n<strong> Coll\u00e8ge Marianopolis<\/strong><br \/>\n<strong> D\u00e9partement des langues vivantes<\/strong><br \/>\n<strong> 4873, avenue Westmount<\/strong><br \/>\n<strong> Westmount (QC) H3Y 1X9<\/strong><\/p>\n<p><u>Libert\u00e9 d\u2019expression<\/u><\/p>\n<p>Les collaborateurs des Horizons imaginaires conservent une enti\u00e8re libert\u00e9 d\u2019expression pour leurs articles, qu\u2019ils y traitent d\u2019une \u0153uvre qu\u2019ils ont acquise eux-m\u00eames ou d&rsquo;une \u0153uvre qu\u2019ils ont re\u00e7ue en service de presse. L\u2019impartialit\u00e9 est une valeur qui traverse chacune de nos initiatives.<\/p>\n<p><u>Envoi de manuscrits<\/u><\/p>\n<p>Veuillez noter que les Horizons imaginaires n\u2019ont pas, pour l&rsquo;instant, le mandat de publier des textes de cr\u00e9ation litt\u00e9raire et que nous n\u2019acceptons donc pas de manuscrits de romans ou de nouvelles litt\u00e9raires, de po\u00e9sie ou de th\u00e9\u00e2tre.<\/p>\n<p><u>Commentaires des visiteurs<\/u><\/p>\n<p>Vous \u00eates tous invit\u00e9s \u00e0 commenter les articles pr\u00e9sents sur le site Web, que ce soit pour r\u00e9pondre \u00e0 une critique litt\u00e9raire qui vous interpelle, pour ajouter un point d\u2019information \u00e0 un article, pour poser une question \u00e0 l\u2019auteur d\u2019un texte, etc.<\/p>\n<p>Ces commentaires doivent toutefois \u00eatre approuv\u00e9s par les administrateurs des Horizons imaginaires avant d\u2019\u00eatre affich\u00e9s sur le site Web. Les administrateurs peuvent choisir de ne pas les afficher s\u2019ils les consid\u00e8rent comme inappropri\u00e9s.<\/p>\n<p>\u00c0 ce sujet, sachez que les r\u00e8gles de politesse et de n\u00e9tiquette d\u2019usage ont cours. Nous vous prions ainsi de porter attention \u00e0 la langue afin d\u2019assurer une bonne compr\u00e9hension de vos messages\u00a0: par exemple, \u00e9vitez le langage SMS ou l\u2019usage abusif des majuscules.<\/p>\n<p>Nous ne tol\u00e9rerons \u00e9videmment aucun langage insultant ni aucune remarque pouvant passer pour de la cyberintimidation. Les commentaires que nous jugeons haineux, racistes, sexistes ou homophobes ne seront pas publi\u00e9s, tout comme les propos encourageant des actes criminels, y compris le piratage, le t\u00e9l\u00e9chargement ill\u00e9gal d\u2019\u0153uvres ou toute atteinte aux droits des cr\u00e9ateurs.<\/p>\n<p><u>Liens externes<\/u><\/p>\n<p>Les Horizons imaginaires ne peuvent \u00eatre tenus responsables quant au contenu pr\u00e9sent sur des sites externes dont les liens se trouvent sur notre site Web. Vous \u00eates toutefois invit\u00e9s \u00e0 nous contacter si vous notez qu\u2019un lien est bris\u00e9 ou inad\u00e9quat.<\/p>\n<p><u>Coquilles et erreurs<\/u><\/p>\n<p>Si vous trouvez une erreur (grammaticale, factuelle ou technique), veuillez nous \u00e9crire en utilisant le formulaire pr\u00e9sent sur la page des contacts. Il nous fera plaisir de la corriger !<\/p>\n","protected":false},"excerpt":{"rendered":"<p>&nbsp; Quand des \u00e9tudiants veulent transmettre leur passion pour le fantastique, la science-fiction ou la fantasy, cela donne les Horizons imaginaires, une plateforme administr\u00e9e par des \u00e9tudiants et un enseignant de fran\u00e7ais du Coll\u00e8ge Marianopolis, qui ont eu l\u2019id\u00e9e un peu folle de r\u00e9aliser ce projet au printemps 2016. Son principal objectif est d\u2019assurer la [&hellip;]<\/p>\n","protected":false},"author":1,"featured_media":0,"parent":0,"menu_order":0,"comment_status":"closed","ping_status":"closed","template":"","meta":{"_acf_changed":false,"footnotes":""},"class_list":["post-782","page","type-page","status-publish","hentry"],"acf":[],"_links":{"self":[{"href":"https:\/\/www.marianopolis.edu\/horizonsimaginaires\/wp-json\/wp\/v2\/pages\/782","targetHints":{"allow":["GET"]}}],"collection":[{"href":"https:\/\/www.marianopolis.edu\/horizonsimaginaires\/wp-json\/wp\/v2\/pages"}],"about":[{"href":"https:\/\/www.marianopolis.edu\/horizonsimaginaires\/wp-json\/wp\/v2\/types\/page"}],"author":[{"embeddable":true,"href":"https:\/\/www.marianopolis.edu\/horizonsimaginaires\/wp-json\/wp\/v2\/users\/1"}],"replies":[{"embeddable":true,"href":"https:\/\/www.marianopolis.edu\/horizonsimaginaires\/wp-json\/wp\/v2\/comments?post=782"}],"version-history":[{"count":11,"href":"https:\/\/www.marianopolis.edu\/horizonsimaginaires\/wp-json\/wp\/v2\/pages\/782\/revisions"}],"predecessor-version":[{"id":897,"href":"https:\/\/www.marianopolis.edu\/horizonsimaginaires\/wp-json\/wp\/v2\/pages\/782\/revisions\/897"}],"wp:attachment":[{"href":"https:\/\/www.marianopolis.edu\/horizonsimaginaires\/wp-json\/wp\/v2\/media?parent=782"}],"curies":[{"name":"wp","href":"https:\/\/api.w.org\/{rel}","templated":true}]}}