{"id":737,"date":"2017-04-03T14:08:09","date_gmt":"2017-04-03T18:08:09","guid":{"rendered":"http:\/\/www.marianopolis.edu\/horizonsimaginaires\/?page_id=737"},"modified":"2019-05-06T11:10:38","modified_gmt":"2019-05-06T15:10:38","slug":"documentation","status":"publish","type":"page","link":"https:\/\/www.marianopolis.edu\/horizonsimaginaires\/documentation\/","title":{"rendered":"Documentation"},"content":{"rendered":"<p>&nbsp;<\/p>\n<p>Vous trouverez ici les diff\u00e9rents documents qui ont servi \u00e0 assurer la promotion ou la gestion de chacune des \u00e9ditions annuelles du Prix des Horizons imaginaires.<\/p>\n<h2>Affiches promotionnelles<\/h2>\n<hr \/>\n<p><a href=\"http:\/\/www.marianopolis.edu\/horizonsimaginaires\/wp-content\/uploads\/2018\/09\/Affiche_-_Lancement_5_septembre.pdf\" target=\"_blank\" rel=\"noopener noreferrer\">Affiche &#8211; Lancement du Prix des Horizons imaginaires 2019<\/a><\/p>\n<p><a href=\"http:\/\/www.marianopolis.edu\/horizonsimaginaires\/wp-content\/uploads\/2018\/09\/Affiche_-_Prix_des_Horizons_imaginaires_2019.pdf\" target=\"_blank\" rel=\"noopener noreferrer\">Affiche &#8211; Prix des Horizons imaginaires 2019<\/a><\/p>\n<p><a href=\"http:\/\/www.marianopolis.edu\/horizonsimaginaires\/wp-content\/uploads\/2018\/09\/Affiche_finalistes_-_collectif.pdf\" target=\"_blank\" rel=\"noopener noreferrer\">Affiche &#8211; Finalistes du Prix des Horizons imaginaires 2019 <\/a><\/p>\n<p><a href=\"http:\/\/www.marianopolis.edu\/horizonsimaginaires\/wp-content\/uploads\/2017\/04\/Affiche_-_Lancement_du_prix_13_septembre_PDF.pdf\" target=\"_blank\" rel=\"noopener noreferrer\">Affiche &#8211; Lancement du Prix des Horizons imaginaires 2018<\/a><\/p>\n<p><a href=\"http:\/\/www.marianopolis.edu\/horizonsimaginaires\/wp-content\/uploads\/2017\/04\/Affiche_-_Prix_des_Horizons_imaginaires_2018.pdf\" target=\"_blank\" rel=\"noopener noreferrer\">Affiche &#8211; Prix des Horizons imaginaires 2018<\/a><\/p>\n<p><a href=\"http:\/\/www.marianopolis.edu\/horizonsimaginaires\/wp-content\/uploads\/2017\/04\/Affiche_-_Prix_des_Horizons_imaginaires_2017.pdf\" target=\"_blank\" rel=\"noopener noreferrer\">Affiche &#8211; Prix des Horizons imaginaires 2017<\/a><\/p>\n<p>&nbsp;<\/p>\n<h2>Communiqu\u00e9s de presse<\/h2>\n<hr \/>\n<p><a href=\"http:\/\/www.marianopolis.edu\/horizonsimaginaires\/wp-content\/uploads\/2019\/05\/Communique_de_presse_-_Laure_at_et_prochains_finalistes_du_Prix_des_Horizons_imaginaires.pdf\" target=\"_blank\" rel=\"noopener noreferrer\">Prix des Horizons imaginaires &#8211; laur\u00e9ate (3e \u00e9dition) et finalistes (4e \u00e9dition)<\/a><\/p>\n<p><a href=\"http:\/\/www.marianopolis.edu\/horizonsimaginaires\/wp-content\/uploads\/2018\/09\/Communique_de_presse_-_lancement_du_Prix_des_Horizons_imaginaires_2019.pdf\" target=\"_blank\" rel=\"noopener noreferrer\">Prix des Horizons imaginaires 2019 &#8211; Lancement officiel<\/a><\/p>\n<p><a href=\"http:\/\/www.marianopolis.edu\/horizonsimaginaires\/wp-content\/uploads\/2018\/09\/Communique_de_presse_-_Finalistes_du_Prix_des_Horizons_imaginaires_2019.pdf\" target=\"_blank\" rel=\"noopener noreferrer\">Prix des Horizons imaginaires 2019 &#8211; S\u00e9lection des finalistes<\/a><\/p>\n<p><a href=\"http:\/\/www.marianopolis.edu\/horizonsimaginaires\/wp-content\/uploads\/2017\/04\/Communique_de_presse_-_Lancement_du_Prix_des_Horizons_imaginaires_2018.pdf\" target=\"_blank\" rel=\"noopener noreferrer\">Prix des Horizons imaginaires 2018 &#8211; Lancement officiel<\/a><\/p>\n<p><a href=\"http:\/\/www.marianopolis.edu\/horizonsimaginaires\/wp-content\/uploads\/2017\/04\/Communique_de_presse_-_Finalistes_du_Prix_des_Horizons_imaginaires_2018.pdf\" target=\"_blank\" rel=\"noopener noreferrer\">Prix des Horizons imaginaires 2018 &#8211; S\u00e9lection des finalistes<\/a><\/p>\n<p><a href=\"http:\/\/www.marianopolis.edu\/horizonsimaginaires\/wp-content\/uploads\/2018\/05\/Communique_de_presse_-_Francois_Blais_laureat_du_Prix_des_Horizons_imaginaires_2018.pdf\" target=\"_blank\" rel=\"noopener noreferrer\">Prix des Horizons imaginaires 2018 &#8211; Laur\u00e9at<\/a><\/p>\n<p><a href=\"http:\/\/www.marianopolis.edu\/horizonsimaginaires\/wp-content\/uploads\/2017\/04\/Communique_-_Prix_des_Horizons_imginaires_2017_-_se_lection_finale_du_jury.pdf\" target=\"_blank\" rel=\"noopener noreferrer\">Prix des Horizons imaginaires 2017 &#8211; S\u00e9lection finale des laur\u00e9ats<\/a><\/p>\n<p><a href=\"http:\/\/www.marianopolis.edu\/horizonsimaginaires\/wp-content\/uploads\/2017\/05\/Communique_-_Laure_at_du_Prix_des_Horizons_imginaires_2017.pdf\" target=\"_blank\" rel=\"noopener noreferrer\">Prix des Horizons imaginaires 2017 &#8211; Laur\u00e9at<\/a><\/p>\n","protected":false},"excerpt":{"rendered":"<p>&nbsp; Vous trouverez ici les diff\u00e9rents documents qui ont servi \u00e0 assurer la promotion ou la gestion de chacune des \u00e9ditions annuelles du Prix des Horizons imaginaires. Affiches promotionnelles Affiche &#8211; Lancement du Prix des Horizons imaginaires 2019 Affiche &#8211; Prix des Horizons imaginaires 2019 Affiche &#8211; Finalistes du Prix des Horizons imaginaires 2019 Affiche [&hellip;]<\/p>\n","protected":false},"author":1,"featured_media":0,"parent":0,"menu_order":0,"comment_status":"closed","ping_status":"closed","template":"","meta":{"_acf_changed":false,"footnotes":""},"class_list":["post-737","page","type-page","status-publish","hentry"],"acf":[],"_links":{"self":[{"href":"https:\/\/www.marianopolis.edu\/horizonsimaginaires\/wp-json\/wp\/v2\/pages\/737","targetHints":{"allow":["GET"]}}],"collection":[{"href":"https:\/\/www.marianopolis.edu\/horizonsimaginaires\/wp-json\/wp\/v2\/pages"}],"about":[{"href":"https:\/\/www.marianopolis.edu\/horizonsimaginaires\/wp-json\/wp\/v2\/types\/page"}],"author":[{"embeddable":true,"href":"https:\/\/www.marianopolis.edu\/horizonsimaginaires\/wp-json\/wp\/v2\/users\/1"}],"replies":[{"embeddable":true,"href":"https:\/\/www.marianopolis.edu\/horizonsimaginaires\/wp-json\/wp\/v2\/comments?post=737"}],"version-history":[{"count":26,"href":"https:\/\/www.marianopolis.edu\/horizonsimaginaires\/wp-json\/wp\/v2\/pages\/737\/revisions"}],"predecessor-version":[{"id":2509,"href":"https:\/\/www.marianopolis.edu\/horizonsimaginaires\/wp-json\/wp\/v2\/pages\/737\/revisions\/2509"}],"wp:attachment":[{"href":"https:\/\/www.marianopolis.edu\/horizonsimaginaires\/wp-json\/wp\/v2\/media?parent=737"}],"curies":[{"name":"wp","href":"https:\/\/api.w.org\/{rel}","templated":true}]}}