{"id":2234,"date":"2018-04-30T10:12:04","date_gmt":"2018-04-30T14:12:04","guid":{"rendered":"http:\/\/www.marianopolis.edu\/horizonsimaginaires\/?page_id=2234"},"modified":"2018-04-30T10:12:04","modified_gmt":"2018-04-30T14:12:04","slug":"joel-champetier","status":"publish","type":"page","link":"https:\/\/www.marianopolis.edu\/horizonsimaginaires\/dossiers-thematiques\/joel-champetier\/","title":{"rendered":"Jo\u00ebl Champetier"},"content":{"rendered":"<p>&nbsp;<\/p>\n<p>Voici tous les articles que l&rsquo;\u00e9quipe des Horizons imaginaires a fait para\u00eetre du 13 au 27 avril 2018 dans le cadre du dossier sp\u00e9cial sur l&rsquo;auteur Jo\u00ebl Champetier!<\/p>\n<p>&nbsp;<\/p>\n<p>Ce dossier a \u00e9t\u00e9 dirig\u00e9 par Mathieu Lauzon-Dicso.<\/p>\n<p>&nbsp;<\/p>\n<ol>\n<li><a href=\"http:\/\/www.marianopolis.edu\/horizonsimaginaires\/2018\/04\/13\/un-an-un-dossier-un-hommage\/\" target=\"_blank\" rel=\"noopener\">Un an, un dossier, un hommage<\/a> par Mathieu Lauzon-Dicso<\/li>\n<li><a href=\"http:\/\/www.marianopolis.edu\/horizonsimaginaires\/2018\/04\/14\/travel-in-fiction-pour-planifier-votre-prochain-sejour-romanesque\/\" target=\"_blank\" rel=\"noopener\">Travel-in-Fiction : pour planifier votre prochain s\u00e9jour romanesque !<\/a> par Collectif<\/li>\n<li><a href=\"http:\/\/www.marianopolis.edu\/horizonsimaginaires\/2018\/04\/16\/entrevues-exclusives-avec-des-champetiens\/\" target=\"_blank\" rel=\"noopener\">Entrevues exclusives avec des Champetiens<\/a> par Collectif<\/li>\n<li><a href=\"http:\/\/www.marianopolis.edu\/horizonsimaginaires\/2018\/04\/18\/la-marque-des-grands-entretien-avec-ariane-gelinas-sur-lauteur-joel-champetier\/\" target=\"_blank\" rel=\"noopener\">\u00ab La marque des grands \u00bb : entretien avec Ariane G\u00e9linas sur l&rsquo;auteur Jo\u00ebl Champetier<\/a> par Daphn\u00e9e Lopresti et Sabina Roman<\/li>\n<li><a href=\"http:\/\/www.marianopolis.edu\/horizonsimaginaires\/2018\/04\/20\/decouverte-de-manuscrits-anciens-a-contremont\/\" target=\"_blank\" rel=\"noopener\">D\u00e9couverte de manuscrits anciens \u00e0 Contremont<\/a> par Collectif<\/li>\n<li><a href=\"http:\/\/www.marianopolis.edu\/horizonsimaginaires\/2018\/04\/21\/je-lui-dois-beaucoup-entretien-avec-heloise-cote-sur-lauteur-joel-champetier\/\" target=\"_blank\" rel=\"noopener\">\u00ab Je lui dois beaucoup&#8230; \u00bb : entretien avec H\u00e9lo\u00efse C\u00f4t\u00e9 sur l&rsquo;auteur Jo\u00ebl Champetier<\/a> par Daphn\u00e9e Lopresti et Sabina Roman<\/li>\n<li><a href=\"http:\/\/www.marianopolis.edu\/horizonsimaginaires\/2018\/04\/23\/dossier-special-evenements-etranges-en-region\/\" target=\"_blank\" rel=\"noopener\">DOSSIER SP\u00c9CIAL : \u00c9V\u00c9NEMENTS \u00c9TRANGES EN R\u00c9GION<\/a> par Francesca Robitaille et Ila Ghoshal<\/li>\n<li><a href=\"http:\/\/www.marianopolis.edu\/horizonsimaginaires\/2018\/04\/24\/mesurer-son-humilite-et-son-humanite-entretien-avec-frederick-durand-sur-lauteur-joel-champetier\/\" target=\"_blank\" rel=\"noopener\">\u00ab Mesurer son humilit\u00e9 et son humanit\u00e9 \u00bb : entretien avec Fr\u00e9d\u00e9rick Durand sur l&rsquo;auteur Jo\u00ebl Champetier<\/a> par Daphn\u00e9e Lopresti et Sabina Roman<\/li>\n<li><a href=\"http:\/\/www.marianopolis.edu\/horizonsimaginaires\/2018\/04\/27\/une-nouvelle-nuance-de-blanc\/\" target=\"_blank\" rel=\"noopener\">Une nouvelle nuance de blanc<\/a> par Ioana Popescu Crainic<\/li>\n<li><a href=\"http:\/\/www.marianopolis.edu\/horizonsimaginaires\/2018\/04\/27\/parce-quil-sest-lui-meme-senti-encourage-a-ses-debuts-entretien-avec-hugues-morin-sur-lauteur-joel-champetier\/\" target=\"_blank\" rel=\"noopener\">\u00ab Parce qu&rsquo;il s&rsquo;est lui-m\u00eame senti encourag\u00e9 \u00e0 ses d\u00e9buts \u00bb : entretien avec Hugues Morin sur l&rsquo;auteur Jo\u00ebl Champetier<\/a> par Daphn\u00e9e Lopresti et Sabina Roman<\/li>\n<\/ol>\n<p>&nbsp;<\/p>\n","protected":false},"excerpt":{"rendered":"<p>&nbsp; Voici tous les articles que l&rsquo;\u00e9quipe des Horizons imaginaires a fait para\u00eetre du 13 au 27 avril 2018 dans le cadre du dossier sp\u00e9cial sur l&rsquo;auteur Jo\u00ebl Champetier! &nbsp; Ce dossier a \u00e9t\u00e9 dirig\u00e9 par Mathieu Lauzon-Dicso. &nbsp; Un an, un dossier, un hommage par Mathieu Lauzon-Dicso Travel-in-Fiction : pour planifier votre prochain s\u00e9jour [&hellip;]<\/p>\n","protected":false},"author":5,"featured_media":0,"parent":1857,"menu_order":3,"comment_status":"closed","ping_status":"closed","template":"","meta":{"_acf_changed":false,"footnotes":""},"class_list":["post-2234","page","type-page","status-publish","hentry"],"acf":[],"_links":{"self":[{"href":"https:\/\/www.marianopolis.edu\/horizonsimaginaires\/wp-json\/wp\/v2\/pages\/2234","targetHints":{"allow":["GET"]}}],"collection":[{"href":"https:\/\/www.marianopolis.edu\/horizonsimaginaires\/wp-json\/wp\/v2\/pages"}],"about":[{"href":"https:\/\/www.marianopolis.edu\/horizonsimaginaires\/wp-json\/wp\/v2\/types\/page"}],"author":[{"embeddable":true,"href":"https:\/\/www.marianopolis.edu\/horizonsimaginaires\/wp-json\/wp\/v2\/users\/5"}],"replies":[{"embeddable":true,"href":"https:\/\/www.marianopolis.edu\/horizonsimaginaires\/wp-json\/wp\/v2\/comments?post=2234"}],"version-history":[{"count":3,"href":"https:\/\/www.marianopolis.edu\/horizonsimaginaires\/wp-json\/wp\/v2\/pages\/2234\/revisions"}],"predecessor-version":[{"id":2238,"href":"https:\/\/www.marianopolis.edu\/horizonsimaginaires\/wp-json\/wp\/v2\/pages\/2234\/revisions\/2238"}],"up":[{"embeddable":true,"href":"https:\/\/www.marianopolis.edu\/horizonsimaginaires\/wp-json\/wp\/v2\/pages\/1857"}],"wp:attachment":[{"href":"https:\/\/www.marianopolis.edu\/horizonsimaginaires\/wp-json\/wp\/v2\/media?parent=2234"}],"curies":[{"name":"wp","href":"https:\/\/api.w.org\/{rel}","templated":true}]}}