{"id":1859,"date":"2017-10-07T17:49:52","date_gmt":"2017-10-07T21:49:52","guid":{"rendered":"http:\/\/www.marianopolis.edu\/horizonsimaginaires\/?page_id=1859"},"modified":"2017-10-07T17:49:52","modified_gmt":"2017-10-07T21:49:52","slug":"montreal-ville-imaginaire","status":"publish","type":"page","link":"https:\/\/www.marianopolis.edu\/horizonsimaginaires\/dossiers-thematiques\/montreal-ville-imaginaire\/","title":{"rendered":"\u00abMontr\u00e9al, ville imaginaire\u00bb"},"content":{"rendered":"<p>&nbsp;<\/p>\n<p>Voici tous les articles que l&rsquo;\u00e9quipe des Horizons imaginaires a fait para\u00eetre du 22 septembre au 6 octobre dans le cadre du dossier th\u00e9matique \u00abMontr\u00e9al, ville imaginaire\u00bb!<\/p>\n<p>&nbsp;<\/p>\n<p>Ce dossier a \u00e9t\u00e9 dirig\u00e9 par Alina Orza, Daphn\u00e9e Lopresti, Xin Yue Liu et Mathieu Lauzon-Dicso.<\/p>\n<p>&nbsp;<\/p>\n<ol>\n<li><a href=\"http:\/\/www.marianopolis.edu\/horizonsimaginaires\/2017\/09\/22\/montreal-ville-imaginaire-notre-dossier-thematique-de-lautomne-2017\/\" target=\"_blank\" rel=\"noopener\">\u00abMontr\u00e9al, ville imaginaire\u00bb: notre dossier th\u00e9matique de l&rsquo;automne 2017!<\/a> par Daphn\u00e9e Lopresti<\/li>\n<li><a href=\"http:\/\/www.marianopolis.edu\/horizonsimaginaires\/2017\/09\/22\/les-contes-et-legendes-oublies-de-montreal\/\" target=\"_blank\" rel=\"noopener\">Les contes et l\u00e9gendes oubli\u00e9s de Montr\u00e9al<\/a> par Sylvain Liu<\/li>\n<li><a href=\"http:\/\/www.marianopolis.edu\/horizonsimaginaires\/2017\/09\/23\/1668\/\" target=\"_blank\" rel=\"noopener\">\u00c0 la rencontre de l&rsquo;Orchestre de Jeux Vid\u00e9o (OJV) de Montr\u00e9al!<\/a> par Xinyi Zhou<\/li>\n<li><a href=\"http:\/\/www.marianopolis.edu\/horizonsimaginaires\/2017\/09\/23\/un-roman-qui-frappe-dans-le-noir\/\" target=\"_blank\" rel=\"noopener\">Un roman qui frappe dans le noir<\/a> par Francesca Robitaille<\/li>\n<li><a href=\"http:\/\/www.marianopolis.edu\/horizonsimaginaires\/2017\/09\/24\/fortune-fatale\/\" target=\"_blank\" rel=\"noopener\">Fortune fatale<\/a> par Ila Ghoshal<\/li>\n<li><a href=\"http:\/\/www.marianopolis.edu\/horizonsimaginaires\/2017\/09\/25\/les-fantomes-du-mont-royal\/\" target=\"_blank\" rel=\"noopener\">Les fant\u00f4mes du Mont-Royal<\/a> par Alina Orza<\/li>\n<li><a href=\"http:\/\/www.marianopolis.edu\/horizonsimaginaires\/2017\/09\/26\/un-havre-de-grace-ou-un-enfer-glace\/\" target=\"_blank\" rel=\"noopener\">Un havre de gr\u00e2ce&#8230; ou un enfer glac\u00e9?<\/a> par Yu Hong<\/li>\n<li><a href=\"http:\/\/www.marianopolis.edu\/horizonsimaginaires\/2017\/09\/27\/aliss-au-montreal-des-merveilles\/\" target=\"_blank\" rel=\"noopener\">Aliss au Montr\u00e9al des merveilles<\/a> par Dorsa Afshin<\/li>\n<li><a href=\"http:\/\/www.marianopolis.edu\/horizonsimaginaires\/2017\/09\/28\/sombres-secrets-et-aventures-endiablees\/\" target=\"_blank\" rel=\"noopener\">Sombres secrets et aventures endiabl\u00e9es<\/a> par Adario Chirgwin-Dasgupta<\/li>\n<li><a href=\"http:\/\/www.marianopolis.edu\/horizonsimaginaires\/2017\/09\/29\/quete-tachee-de-couleurs-sombres\/\" target=\"_blank\" rel=\"noopener\">Qu\u00eate tach\u00e9e de couleurs sombres<\/a> par Daphn\u00e9e Lopresti<\/li>\n<li><a href=\"http:\/\/www.marianopolis.edu\/horizonsimaginaires\/2017\/09\/30\/quand-montreal-chante-la-fin-du-monde\/\" target=\"_blank\" rel=\"noopener\">Quand Montr\u00e9al chante la fin du monde<\/a> par Sabina Roman<\/li>\n<li><a href=\"http:\/\/www.marianopolis.edu\/horizonsimaginaires\/2017\/10\/01\/quoi-quoi-quoiquoiquoi-quoi\/\" target=\"_blank\" rel=\"noopener\">Quoi? Quoi? Quoiquoiquoi? QUOI?!<\/a> par Alina Orza<\/li>\n<li><a href=\"http:\/\/www.marianopolis.edu\/horizonsimaginaires\/2017\/10\/02\/larchitecture-magique-dun-montreal-bien-reel\/\" target=\"_blank\" rel=\"noopener\">L&rsquo;architecture magique d&rsquo;un Montr\u00e9al bien r\u00e9el<\/a> par Mathieu Lauzon-Dicso<\/li>\n<li><a href=\"http:\/\/www.marianopolis.edu\/horizonsimaginaires\/2017\/10\/03\/un-parcours-touristique-pour-decouvrir-limaginaire-a-montreal\/\" target=\"_blank\" rel=\"noopener\">Un parcours touristique pour d\u00e9couvrir l&rsquo;imaginaire \u00e0 Montr\u00e9al<\/a> par Amalia Greve Danielsen, Mathieu Lauzon-Dicso et Xin Yue Liu<\/li>\n<li><a href=\"http:\/\/www.marianopolis.edu\/horizonsimaginaires\/2017\/10\/04\/faire-vivre-limaginaire-a-montreal-deux-entrevues-avec-des-employes-dubisoft-montreal\/\" target=\"_blank\" rel=\"noopener\">Faire vivre l&rsquo;imaginaire \u00e0 Montr\u00e9al: deux entrevues avec des employ\u00e9s d&rsquo;Ubisoft Montr\u00e9al<\/a> par Ioana Popescu Crainic et Simon Kidd<\/li>\n<li><a href=\"http:\/\/www.marianopolis.edu\/horizonsimaginaires\/2017\/10\/05\/plus-rudes-que-nos-hivers-actuels-des-hivers-nucleaires\/\" target=\"_blank\" rel=\"noopener\">Plus rudes que nos hivers actuels: des hivers nucl\u00e9aires!<\/a> par Dorsa Afshin<\/li>\n<li><a href=\"http:\/\/www.marianopolis.edu\/horizonsimaginaires\/2017\/10\/06\/la-terre-du-milieu-en-symphonie\/\" target=\"_blank\" rel=\"noopener\">La Terre du Milieu en symphonie<\/a> par Adario Chirgwin-Dasgupta<\/li>\n<\/ol>\n","protected":false},"excerpt":{"rendered":"<p>&nbsp; Voici tous les articles que l&rsquo;\u00e9quipe des Horizons imaginaires a fait para\u00eetre du 22 septembre au 6 octobre dans le cadre du dossier th\u00e9matique \u00abMontr\u00e9al, ville imaginaire\u00bb! &nbsp; Ce dossier a \u00e9t\u00e9 dirig\u00e9 par Alina Orza, Daphn\u00e9e Lopresti, Xin Yue Liu et Mathieu Lauzon-Dicso. &nbsp; \u00abMontr\u00e9al, ville imaginaire\u00bb: notre dossier th\u00e9matique de l&rsquo;automne 2017! [&hellip;]<\/p>\n","protected":false},"author":5,"featured_media":0,"parent":1857,"menu_order":0,"comment_status":"closed","ping_status":"closed","template":"","meta":{"_acf_changed":false,"footnotes":""},"class_list":["post-1859","page","type-page","status-publish","hentry"],"acf":[],"_links":{"self":[{"href":"https:\/\/www.marianopolis.edu\/horizonsimaginaires\/wp-json\/wp\/v2\/pages\/1859","targetHints":{"allow":["GET"]}}],"collection":[{"href":"https:\/\/www.marianopolis.edu\/horizonsimaginaires\/wp-json\/wp\/v2\/pages"}],"about":[{"href":"https:\/\/www.marianopolis.edu\/horizonsimaginaires\/wp-json\/wp\/v2\/types\/page"}],"author":[{"embeddable":true,"href":"https:\/\/www.marianopolis.edu\/horizonsimaginaires\/wp-json\/wp\/v2\/users\/5"}],"replies":[{"embeddable":true,"href":"https:\/\/www.marianopolis.edu\/horizonsimaginaires\/wp-json\/wp\/v2\/comments?post=1859"}],"version-history":[{"count":3,"href":"https:\/\/www.marianopolis.edu\/horizonsimaginaires\/wp-json\/wp\/v2\/pages\/1859\/revisions"}],"predecessor-version":[{"id":1862,"href":"https:\/\/www.marianopolis.edu\/horizonsimaginaires\/wp-json\/wp\/v2\/pages\/1859\/revisions\/1862"}],"up":[{"embeddable":true,"href":"https:\/\/www.marianopolis.edu\/horizonsimaginaires\/wp-json\/wp\/v2\/pages\/1857"}],"wp:attachment":[{"href":"https:\/\/www.marianopolis.edu\/horizonsimaginaires\/wp-json\/wp\/v2\/media?parent=1859"}],"curies":[{"name":"wp","href":"https:\/\/api.w.org\/{rel}","templated":true}]}}