{"id":1857,"date":"2017-10-07T17:34:43","date_gmt":"2017-10-07T21:34:43","guid":{"rendered":"http:\/\/www.marianopolis.edu\/horizonsimaginaires\/?page_id=1857"},"modified":"2019-02-18T09:13:33","modified_gmt":"2019-02-18T14:13:33","slug":"dossiers-thematiques","status":"publish","type":"page","link":"https:\/\/www.marianopolis.edu\/horizonsimaginaires\/dossiers-thematiques\/","title":{"rendered":"Dossiers th\u00e9matiques"},"content":{"rendered":"<p>&nbsp;<\/p>\n<p>Deux fois par ann\u00e9e, soit \u00e0 l&rsquo;automne et au printemps, l&rsquo;\u00e9quipe des Horizons imaginaires d\u00e9laisse son rythme de publication habituel d&rsquo;un article par semaine et vous propose des dossiers sp\u00e9ciaux dont les textes se rassemblent tous autour d&rsquo;un th\u00e8me pr\u00e9cis.<\/p>\n<p>&nbsp;<\/p>\n<p>Ces dossiers permettent aux \u00e9tudiants et aux dipl\u00f4m\u00e9s du projet de d\u00e9couvrir des facettes inusit\u00e9es des cultures de l&rsquo;imaginaire, dans le cadre d&rsquo;un projet sp\u00e9cial o\u00f9 toute l&rsquo;\u00e9quipe unit ses forces pour vous pr\u00e9parer une collection d&rsquo;articles pertinents et originaux!<\/p>\n<p>&nbsp;<\/p>\n<p><strong>Dossiers th\u00e9matiques parus jusqu&rsquo;\u00e0 pr\u00e9sent:<\/strong><\/p>\n<p><a href=\"http:\/\/www.marianopolis.edu\/horizonsimaginaires\/dossiers-thematiques\/limaginaire-a-lecole\/\" target=\"_blank\" rel=\"noopener\">Printemps 2017: \u00abL&rsquo;imaginaire \u00e0 l&rsquo;\u00e9cole\u00bb<\/a><\/p>\n<p><a href=\"http:\/\/www.marianopolis.edu\/horizonsimaginaires\/dossiers-thematiques\/montreal-ville-imaginaire\/\" rel=\"noopener\">Automne 2017: \u00abMontr\u00e9al, ville imaginaire\u00bb<\/a><\/p>\n<p><a href=\"http:\/\/www.marianopolis.edu\/horizonsimaginaires\/dossiers-thematiques\/joel-champetier\/\" target=\"_blank\" rel=\"noopener\">Printemps 2018: \u00abJo\u00ebl Champetier\u00bb<\/a><\/p>\n<p><a href=\"http:\/\/www.marianopolis.edu\/horizonsimaginaires\/dossiers-thematiques\/linguistik-des-ailleurs-qui-se-parlent\/\" target=\"_blank\" rel=\"noopener\">Automne 2018: \u00abLinguistik, des ailleurs qui (se) parlent\u00bb<\/a><\/p>\n","protected":false},"excerpt":{"rendered":"<p>&nbsp; Deux fois par ann\u00e9e, soit \u00e0 l&rsquo;automne et au printemps, l&rsquo;\u00e9quipe des Horizons imaginaires d\u00e9laisse son rythme de publication habituel d&rsquo;un article par semaine et vous propose des dossiers sp\u00e9ciaux dont les textes se rassemblent tous autour d&rsquo;un th\u00e8me pr\u00e9cis. &nbsp; Ces dossiers permettent aux \u00e9tudiants et aux dipl\u00f4m\u00e9s du projet de d\u00e9couvrir des [&hellip;]<\/p>\n","protected":false},"author":5,"featured_media":0,"parent":0,"menu_order":0,"comment_status":"closed","ping_status":"closed","template":"","meta":{"_acf_changed":false,"footnotes":""},"class_list":["post-1857","page","type-page","status-publish","hentry"],"acf":[],"_links":{"self":[{"href":"https:\/\/www.marianopolis.edu\/horizonsimaginaires\/wp-json\/wp\/v2\/pages\/1857","targetHints":{"allow":["GET"]}}],"collection":[{"href":"https:\/\/www.marianopolis.edu\/horizonsimaginaires\/wp-json\/wp\/v2\/pages"}],"about":[{"href":"https:\/\/www.marianopolis.edu\/horizonsimaginaires\/wp-json\/wp\/v2\/types\/page"}],"author":[{"embeddable":true,"href":"https:\/\/www.marianopolis.edu\/horizonsimaginaires\/wp-json\/wp\/v2\/users\/5"}],"replies":[{"embeddable":true,"href":"https:\/\/www.marianopolis.edu\/horizonsimaginaires\/wp-json\/wp\/v2\/comments?post=1857"}],"version-history":[{"count":6,"href":"https:\/\/www.marianopolis.edu\/horizonsimaginaires\/wp-json\/wp\/v2\/pages\/1857\/revisions"}],"predecessor-version":[{"id":2476,"href":"https:\/\/www.marianopolis.edu\/horizonsimaginaires\/wp-json\/wp\/v2\/pages\/1857\/revisions\/2476"}],"wp:attachment":[{"href":"https:\/\/www.marianopolis.edu\/horizonsimaginaires\/wp-json\/wp\/v2\/media?parent=1857"}],"curies":[{"name":"wp","href":"https:\/\/api.w.org\/{rel}","templated":true}]}}