{"id":1815,"date":"2017-10-05T13:38:59","date_gmt":"2017-10-05T17:38:59","guid":{"rendered":"http:\/\/www.marianopolis.edu\/horizonsimaginaires\/?page_id=1815"},"modified":"2018-03-24T17:30:16","modified_gmt":"2018-03-24T21:30:16","slug":"petit-questionnaire-de-razvan-banica","status":"publish","type":"page","link":"https:\/\/www.marianopolis.edu\/horizonsimaginaires\/nos-redacteurs\/petit-questionnaire-de-razvan-banica\/","title":{"rendered":"Petit questionnaire de&#8230; Razvan Banica!"},"content":{"rendered":"<p>&nbsp;<\/p>\n<p>\u00c0 venir!<\/p>\n<p>&nbsp;<\/p>\n<hr \/>\n<p>&nbsp;<\/p>\n<p><strong>Articles d\u00e9j\u00e0 parus sur le blogue culturel des Horizons imaginaires<\/strong><\/p>\n<p>&nbsp;<\/p>\n<p><a href=\"http:\/\/www.marianopolis.edu\/horizonsimaginaires\/2018\/03\/24\/maitre-glockenspiel-un-echo-de-notre-societe\/\" target=\"_blank\" rel=\"noopener\">Ma\u00eetre Glockenspiel : un \u00e9cho de notre soci\u00e9t\u00e9<\/a><\/p>\n<p><a href=\"http:\/\/www.marianopolis.edu\/horizonsimaginaires\/2017\/11\/17\/la-poudre-aux-yeux-jette-la-poudre-aux-yeux\/\" target=\"_blank\" rel=\"noopener\">La poudre aux yeux jette la poudre aux yeux<\/a><\/p>\n<p><a href=\"http:\/\/www.marianopolis.edu\/horizonsimaginaires\/2017\/10\/15\/du-fantastique-et-de-la-science-fiction-au-festival-du-nouveau-cinema-2017-22\/\" target=\"_blank\" rel=\"noopener\">Chronique sur Before We Vanish de Kiyoshi Kurosawa (Festival de Nouveau cin\u00e9ma)<\/a><\/p>\n","protected":false},"excerpt":{"rendered":"<p>&nbsp; \u00c0 venir! &nbsp; &nbsp; Articles d\u00e9j\u00e0 parus sur le blogue culturel des Horizons imaginaires &nbsp; Ma\u00eetre Glockenspiel : un \u00e9cho de notre soci\u00e9t\u00e9 La poudre aux yeux jette la poudre aux yeux Chronique sur Before We Vanish de Kiyoshi Kurosawa (Festival de Nouveau cin\u00e9ma)<\/p>\n","protected":false},"author":5,"featured_media":0,"parent":1580,"menu_order":0,"comment_status":"closed","ping_status":"closed","template":"","meta":{"_acf_changed":false,"footnotes":""},"class_list":["post-1815","page","type-page","status-publish","hentry"],"acf":[],"_links":{"self":[{"href":"https:\/\/www.marianopolis.edu\/horizonsimaginaires\/wp-json\/wp\/v2\/pages\/1815","targetHints":{"allow":["GET"]}}],"collection":[{"href":"https:\/\/www.marianopolis.edu\/horizonsimaginaires\/wp-json\/wp\/v2\/pages"}],"about":[{"href":"https:\/\/www.marianopolis.edu\/horizonsimaginaires\/wp-json\/wp\/v2\/types\/page"}],"author":[{"embeddable":true,"href":"https:\/\/www.marianopolis.edu\/horizonsimaginaires\/wp-json\/wp\/v2\/users\/5"}],"replies":[{"embeddable":true,"href":"https:\/\/www.marianopolis.edu\/horizonsimaginaires\/wp-json\/wp\/v2\/comments?post=1815"}],"version-history":[{"count":4,"href":"https:\/\/www.marianopolis.edu\/horizonsimaginaires\/wp-json\/wp\/v2\/pages\/1815\/revisions"}],"predecessor-version":[{"id":2110,"href":"https:\/\/www.marianopolis.edu\/horizonsimaginaires\/wp-json\/wp\/v2\/pages\/1815\/revisions\/2110"}],"up":[{"embeddable":true,"href":"https:\/\/www.marianopolis.edu\/horizonsimaginaires\/wp-json\/wp\/v2\/pages\/1580"}],"wp:attachment":[{"href":"https:\/\/www.marianopolis.edu\/horizonsimaginaires\/wp-json\/wp\/v2\/media?parent=1815"}],"curies":[{"name":"wp","href":"https:\/\/api.w.org\/{rel}","templated":true}]}}