{"id":1813,"date":"2017-10-05T13:38:29","date_gmt":"2017-10-05T17:38:29","guid":{"rendered":"http:\/\/www.marianopolis.edu\/horizonsimaginaires\/?page_id=1813"},"modified":"2017-11-25T11:00:54","modified_gmt":"2017-11-25T16:00:54","slug":"petit-questionnaire-de-hao-chen-he","status":"publish","type":"page","link":"https:\/\/www.marianopolis.edu\/horizonsimaginaires\/nos-redacteurs\/petit-questionnaire-de-hao-chen-he\/","title":{"rendered":"Petit questionnaire de&#8230; Hao Chen He!"},"content":{"rendered":"<p>&nbsp;<\/p>\n<p>\u00c0 venir!<\/p>\n<p>&nbsp;<\/p>\n<hr \/>\n<p>&nbsp;<\/p>\n<p><strong>Articles d\u00e9j\u00e0 parus sur le blogue culturel des Horizons imaginaires<\/strong><\/p>\n<p>&nbsp;<\/p>\n<p><a href=\"http:\/\/www.marianopolis.edu\/horizonsimaginaires\/2017\/11\/24\/poesie-de-robots-et-folie-sagueneenne\/\" target=\"_blank\" rel=\"noopener\">Po\u00e9sie de robots et folie saguen\u00e9enne (avec Sylvain Liu)<\/a><\/p>\n","protected":false},"excerpt":{"rendered":"<p>&nbsp; \u00c0 venir! &nbsp; &nbsp; Articles d\u00e9j\u00e0 parus sur le blogue culturel des Horizons imaginaires &nbsp; Po\u00e9sie de robots et folie saguen\u00e9enne (avec Sylvain Liu)<\/p>\n","protected":false},"author":5,"featured_media":0,"parent":1580,"menu_order":0,"comment_status":"closed","ping_status":"closed","template":"","meta":{"_acf_changed":false,"footnotes":""},"class_list":["post-1813","page","type-page","status-publish","hentry"],"acf":[],"_links":{"self":[{"href":"https:\/\/www.marianopolis.edu\/horizonsimaginaires\/wp-json\/wp\/v2\/pages\/1813","targetHints":{"allow":["GET"]}}],"collection":[{"href":"https:\/\/www.marianopolis.edu\/horizonsimaginaires\/wp-json\/wp\/v2\/pages"}],"about":[{"href":"https:\/\/www.marianopolis.edu\/horizonsimaginaires\/wp-json\/wp\/v2\/types\/page"}],"author":[{"embeddable":true,"href":"https:\/\/www.marianopolis.edu\/horizonsimaginaires\/wp-json\/wp\/v2\/users\/5"}],"replies":[{"embeddable":true,"href":"https:\/\/www.marianopolis.edu\/horizonsimaginaires\/wp-json\/wp\/v2\/comments?post=1813"}],"version-history":[{"count":2,"href":"https:\/\/www.marianopolis.edu\/horizonsimaginaires\/wp-json\/wp\/v2\/pages\/1813\/revisions"}],"predecessor-version":[{"id":2001,"href":"https:\/\/www.marianopolis.edu\/horizonsimaginaires\/wp-json\/wp\/v2\/pages\/1813\/revisions\/2001"}],"up":[{"embeddable":true,"href":"https:\/\/www.marianopolis.edu\/horizonsimaginaires\/wp-json\/wp\/v2\/pages\/1580"}],"wp:attachment":[{"href":"https:\/\/www.marianopolis.edu\/horizonsimaginaires\/wp-json\/wp\/v2\/media?parent=1813"}],"curies":[{"name":"wp","href":"https:\/\/api.w.org\/{rel}","templated":true}]}}