{"id":1646,"date":"2017-09-23T11:47:33","date_gmt":"2017-09-23T15:47:33","guid":{"rendered":"http:\/\/www.marianopolis.edu\/horizonsimaginaires\/?page_id=1646"},"modified":"2018-02-09T20:31:03","modified_gmt":"2018-02-10T01:31:03","slug":"petit-questionnaire-de-yu-hong","status":"publish","type":"page","link":"https:\/\/www.marianopolis.edu\/horizonsimaginaires\/nos-redacteurs\/petit-questionnaire-de-yu-hong\/","title":{"rendered":"Petit questionnaire de&#8230; Yu Hong!"},"content":{"rendered":"<p>&nbsp;<\/p>\n<div id=\"attachment_1737\" style=\"width: 710px\" class=\"wp-caption aligncenter\"><img loading=\"lazy\" decoding=\"async\" aria-describedby=\"caption-attachment-1737\" class=\"wp-image-1737\" src=\"http:\/\/www.marianopolis.edu\/horizonsimaginaires\/wp-content\/uploads\/2017\/09\/Capture_d_e_cran_2017-09-21_a_00.29.38-223x300.png\" alt=\"\" width=\"700\" height=\"940\" srcset=\"https:\/\/www.marianopolis.edu\/horizonsimaginaires\/wp-content\/uploads\/2017\/09\/Capture_d_e_cran_2017-09-21_a_00.29.38-223x300.png 223w, https:\/\/www.marianopolis.edu\/horizonsimaginaires\/wp-content\/uploads\/2017\/09\/Capture_d_e_cran_2017-09-21_a_00.29.38.png 624w\" sizes=\"auto, (max-width: 700px) 100vw, 700px\" \/><p id=\"caption-attachment-1737\" class=\"wp-caption-text\"><strong>Cr\u00e9dit : Fr\u00e9d\u00e9rique Turcot<\/strong><\/p><\/div>\n<p>&nbsp;<\/p>\n<p><strong>1- Quelle formation es-tu en train de suivre et o\u00f9 \u00e9tudies-tu?<\/strong><\/p>\n<p>C\u00f4t\u00e9 \u00e9ducation, en finissant le c\u00e9gep, j\u2019ai d\u00e9cid\u00e9 de poursuivre mes \u00e9tudes en pharmacie \u00e0 l\u2019Universit\u00e9 de Montr\u00e9al.<\/p>\n<p>&nbsp;<\/p>\n<p><strong>2- Collaborer au projet des Horizons imaginaires, honn\u00eatement, \u00e7a t\u2019apporte quoi?<\/strong><\/p>\n<p>Alors que je cours sur mon tapis roulant scolaire dont la vitesse ne cesse d\u2019augmenter, ce projet me donne l\u2019excuse pour prendre quelques instants durant l\u2019ann\u00e9e afin de lire pour moi-m\u00eame, il m\u2019oblige \u00e0 mettre du temps de c\u00f4t\u00e9 pour retrouver le plaisir oubli\u00e9 des lectures non scolaires. \u00c9galement, pour avoir initi\u00e9 le projet avec quatre autres \u00e9tudiants et mon professeur de fran\u00e7ais, le projet des Horizons imaginaires est juste devenu comme un enfant que je veux voir grandir et dont j\u2019aimerais participer \u00e0 la croissance.<\/p>\n<p>&nbsp;<\/p>\n<p><strong>3- Quels sont tes genres de l\u2019imaginaire favoris? Pourquoi les pr\u00e9f\u00e8res-tu aux autres?<\/strong><\/p>\n<p>Sans h\u00e9sitation, c\u2019est la science-fiction! Peut-\u00eatre est-ce parce que j\u2019\u00e9tudie en sciences, mais ce genre d\u2019\u00e9crits m\u2019interpelle, m\u2019int\u00e9resse et r\u00e9ussit \u00e0 cr\u00e9er des mondes que j\u2019aime d\u00e9couvrir.<\/p>\n<p>&nbsp;<\/p>\n<p><strong>4- Qu\u2019\u00e9coutes-tu pendant que tu lis?<\/strong><\/p>\n<p>Je n\u2019\u00e9coute rien, mais j\u2019entends les mots que s\u2019\u00e9changent les gens autour de moi, le bruit des v\u00e9hicules, le chant des oiseaux; bref la musique de mon environnement.<\/p>\n<p>&nbsp;<\/p>\n<p><strong>5- Si demain, tu pouvais obtenir l\u2019emploi de tes r\u00eaves, lequel serait-ce et \u00e0 quoi ressemblerait ta journ\u00e9e de travail?<\/strong><\/p>\n<p>Il y a beaucoup trop de m\u00e9tiers que j\u2019aimerais pratiquer, mais l\u2019un d\u2019eux serait sauveteuse sur la plage, \u00e0 la mer. J\u2019aurais \u00e0 sauver des baigneurs les uns apr\u00e8s les autres. \u00c0 la fin de la journ\u00e9e, je serais \u00e9puis\u00e9e physiquement et mentalement apr\u00e8s avoir affront\u00e9 les vagues \u00e0 maintes reprises, calm\u00e9 la foule paniqu\u00e9e et sprint\u00e9 sur le sable br\u00fblant \u00e0 une telle vitesse que je ne sentirais plus les muscles de mes jambes. Chaque soir, je finirais ma journ\u00e9e assise devant le coucher du soleil, repensant \u00e0 ma journ\u00e9e et en me disant que j\u2019ai fait du bon travail, rejointe par mes coll\u00e8gues. J\u2019irais ensuite au lit et je m\u2019endormirais avec la certitude que le lendemain serait aussi une belle journ\u00e9e remplie de d\u00e9fis.<\/p>\n<p>&nbsp;<\/p>\n<p><strong>6- Si tu avais un super-pouvoir, ce serait lequel?<\/strong><\/p>\n<p>J\u2019aimerais pouvoir retourner dans le pass\u00e9 pour r\u00e9parer les regrets qui marquent et qui restent, ces souvenirs qui font mal et qui ne gu\u00e9rissent pas. Je ne voudrais pas pouvoir aller dans le futur, parce que je veux que le futur conserve toute la beaut\u00e9 de l\u2019inconnu.<\/p>\n<p>&nbsp;<\/p>\n<p><strong>7- Que ce soit pour des livres, des films ou des jeux, c\u00f4t\u00e9 langue, es-tu plut\u00f4t version originale ou traduction? En fran\u00e7ais, en anglais ou autre?<\/strong><\/p>\n<p>Dans la mesure du possible, je lirais les \u0153uvres dans leur langue originale parce que la traduction fait perdre la saveur de l\u2019histoire.<\/p>\n<p>&nbsp;<\/p>\n<hr \/>\n<p>&nbsp;<\/p>\n<p><strong>Articles d\u00e9j\u00e0 parus sur le blogue culturel des Horizons imaginaires<\/strong><\/p>\n<p>&nbsp;<\/p>\n<p><a href=\"http:\/\/www.marianopolis.edu\/horizonsimaginaires\/2018\/02\/09\/un-potager-a-partager-ou-pas\/\" target=\"_blank\" rel=\"noopener\">Un potager \u00e0 partager&#8230; ou pas\u00a0?<\/a><\/p>\n<p><a href=\"http:\/\/www.marianopolis.edu\/horizonsimaginaires\/2017\/09\/26\/un-havre-de-grace-ou-un-enfer-glace\/\" target=\"_blank\" rel=\"noopener\">Un havre de gr\u00e2ce&#8230; ou un enfer glac\u00e9?<\/a><\/p>\n<p><a href=\"http:\/\/www.marianopolis.edu\/horizonsimaginaires\/2017\/09\/08\/voyage-de-reve-aux-iles-de-la-madeleine\/\" target=\"_blank\" rel=\"noopener\">Voyage de r\u00eave aux \u00celes de la Madeleine<\/a><\/p>\n<p><a href=\"http:\/\/www.marianopolis.edu\/horizonsimaginaires\/2017\/05\/10\/de-la-philosophie-anticipative-bien-pensee\/\" target=\"_blank\" rel=\"noopener\">De la philosophie anticipative bien \u00abpens\u00e9e\u00bb!<\/a><\/p>\n<p><a href=\"http:\/\/www.marianopolis.edu\/horizonsimaginaires\/2017\/04\/21\/le-club-magi-em-naissance-dune-communaute-sff-etudiante\/\" target=\"_blank\" rel=\"noopener\">Le club MAGI-EM: naissance d&rsquo;une communaut\u00e9 SFF \u00e9tudiante!<\/a><\/p>\n","protected":false},"excerpt":{"rendered":"<p>&nbsp; &nbsp; 1- Quelle formation es-tu en train de suivre et o\u00f9 \u00e9tudies-tu? C\u00f4t\u00e9 \u00e9ducation, en finissant le c\u00e9gep, j\u2019ai d\u00e9cid\u00e9 de poursuivre mes \u00e9tudes en pharmacie \u00e0 l\u2019Universit\u00e9 de Montr\u00e9al. &nbsp; 2- Collaborer au projet des Horizons imaginaires, honn\u00eatement, \u00e7a t\u2019apporte quoi? Alors que je cours sur mon tapis roulant scolaire dont la vitesse [&hellip;]<\/p>\n","protected":false},"author":5,"featured_media":0,"parent":1580,"menu_order":0,"comment_status":"closed","ping_status":"closed","template":"","meta":{"_acf_changed":false,"footnotes":""},"class_list":["post-1646","page","type-page","status-publish","hentry"],"acf":[],"_links":{"self":[{"href":"https:\/\/www.marianopolis.edu\/horizonsimaginaires\/wp-json\/wp\/v2\/pages\/1646","targetHints":{"allow":["GET"]}}],"collection":[{"href":"https:\/\/www.marianopolis.edu\/horizonsimaginaires\/wp-json\/wp\/v2\/pages"}],"about":[{"href":"https:\/\/www.marianopolis.edu\/horizonsimaginaires\/wp-json\/wp\/v2\/types\/page"}],"author":[{"embeddable":true,"href":"https:\/\/www.marianopolis.edu\/horizonsimaginaires\/wp-json\/wp\/v2\/users\/5"}],"replies":[{"embeddable":true,"href":"https:\/\/www.marianopolis.edu\/horizonsimaginaires\/wp-json\/wp\/v2\/comments?post=1646"}],"version-history":[{"count":4,"href":"https:\/\/www.marianopolis.edu\/horizonsimaginaires\/wp-json\/wp\/v2\/pages\/1646\/revisions"}],"predecessor-version":[{"id":2053,"href":"https:\/\/www.marianopolis.edu\/horizonsimaginaires\/wp-json\/wp\/v2\/pages\/1646\/revisions\/2053"}],"up":[{"embeddable":true,"href":"https:\/\/www.marianopolis.edu\/horizonsimaginaires\/wp-json\/wp\/v2\/pages\/1580"}],"wp:attachment":[{"href":"https:\/\/www.marianopolis.edu\/horizonsimaginaires\/wp-json\/wp\/v2\/media?parent=1646"}],"curies":[{"name":"wp","href":"https:\/\/api.w.org\/{rel}","templated":true}]}}