{"id":1644,"date":"2017-09-23T11:47:17","date_gmt":"2017-09-23T15:47:17","guid":{"rendered":"http:\/\/www.marianopolis.edu\/horizonsimaginaires\/?page_id=1644"},"modified":"2018-03-03T21:08:23","modified_gmt":"2018-03-04T02:08:23","slug":"petit-questionnaire-de-yinnan-huang","status":"publish","type":"page","link":"https:\/\/www.marianopolis.edu\/horizonsimaginaires\/nos-redacteurs\/petit-questionnaire-de-yinnan-huang\/","title":{"rendered":"Petit questionnaire de&#8230; Yin Nan Huang!"},"content":{"rendered":"<p>&nbsp;<\/p>\n<div id=\"attachment_1919\" style=\"width: 710px\" class=\"wp-caption aligncenter\"><img loading=\"lazy\" decoding=\"async\" aria-describedby=\"caption-attachment-1919\" class=\"wp-image-1919\" src=\"http:\/\/www.marianopolis.edu\/horizonsimaginaires\/wp-content\/uploads\/2017\/09\/photo_YinNan-300x169.jpg\" alt=\"\" width=\"700\" height=\"394\" srcset=\"https:\/\/www.marianopolis.edu\/horizonsimaginaires\/wp-content\/uploads\/2017\/09\/photo_YinNan-300x169.jpg 300w, https:\/\/www.marianopolis.edu\/horizonsimaginaires\/wp-content\/uploads\/2017\/09\/photo_YinNan-768x432.jpg 768w, https:\/\/www.marianopolis.edu\/horizonsimaginaires\/wp-content\/uploads\/2017\/09\/photo_YinNan-1024x576.jpg 1024w, https:\/\/www.marianopolis.edu\/horizonsimaginaires\/wp-content\/uploads\/2017\/09\/photo_YinNan-136x77.jpg 136w, https:\/\/www.marianopolis.edu\/horizonsimaginaires\/wp-content\/uploads\/2017\/09\/photo_YinNan.jpg 1706w\" sizes=\"auto, (max-width: 700px) 100vw, 700px\" \/><p id=\"caption-attachment-1919\" class=\"wp-caption-text\"><strong>Cr\u00e9dit: O Yang Zhang<\/strong><\/p><\/div>\n<p>&nbsp;<\/p>\n<p><strong>1- Quelle formation es-tu en train de suivre et o\u00f9 \u00e9tudies-tu? <\/strong><\/p>\n<p>J&rsquo;\u00e9tudie actuellement en sciences, lettres et arts au coll\u00e8ge Marianopolis.<\/p>\n<p>&nbsp;<\/p>\n<p><strong>2- Collaborer au projet des Horizons imaginaires, honn\u00eatement, \u00e7a t\u2019apporte quoi?<\/strong><\/p>\n<p>Participer au projet me permet de faire revivre ma passion pour l&rsquo;\u00e9criture, tout en d\u00e9couvrant de nouvelles \u0153uvres de genres vari\u00e9s.<\/p>\n<p>&nbsp;<\/p>\n<p><strong>3- Si tu avais \u00e0 choisir entre un film, un livre ou un jeu, que choisirais-tu? Pourquoi? <\/strong><\/p>\n<p>Je choisirais un livre, parce que j&rsquo;ai pass\u00e9 la plus grande partie de mon enfance dans les univers des livres, et je pouvais me plonger dans leur histoire au point o\u00f9 je trouvais m\u00eame une fa\u00e7on de lire sous la douche, pour ne pas avoir \u00e0 d\u00e9poser un livre. M\u00eame aujourd&rsquo;hui, certains romans peuvent me faire ressentir des \u00e9motions plus intenses que ce que je ressens normalement dans \u00abla vraie vie\u00bb.<\/p>\n<p>&nbsp;<\/p>\n<p><strong>4-Y a-t-il un endroit o\u00f9 tu pr\u00e9f\u00e8res lire? <\/strong><\/p>\n<p>C&rsquo;est dr\u00f4le, parce que quelques ann\u00e9es auparavant, j&rsquo;ai particip\u00e9 \u00e0 un concours de photo dont le th\u00e8me \u00e9tait \u00able meilleur endroit o\u00f9 lire\u00bb, et j&rsquo;avais pris une photo de moi en train de lire dans un arbre en Italie. J&rsquo;avoue que c&rsquo;est assez chouette lire dans un arbre, mais ce n&rsquo;est pas aussi faisable \u00e0 Montr\u00e9al, alors je me contente des escaliers devant ma maison.<\/p>\n<p>&nbsp;<\/p>\n<p><strong>5- Qu\u2019\u00e9coutes-tu pendant que tu lis? <\/strong><\/p>\n<p>Je n&rsquo;\u00e9coute pas de musique quand je lis.<\/p>\n<p>&nbsp;<\/p>\n<p><strong>6- Qu\u2019est-ce qui te fait le plus peur? <\/strong><\/p>\n<p>J&rsquo;ai vraiment peur des papillons. C&rsquo;est une phobie qui semble \u00eatre pr\u00e9sente depuis mon enfance. En fait, je pense que j&rsquo;ai peur de tout ce qui peut voleter dans ma direction.<\/p>\n<p>&nbsp;<\/p>\n<p><strong>7- Quel est ton plaisir coupable, c\u00f4t\u00e9 litt\u00e9rature, cin\u00e9ma, etc.? <\/strong><\/p>\n<p>Mon plaisir coupable c\u00f4t\u00e9 litt\u00e9rature est la <em>chick lit<\/em> am\u00e9ricaine, et en s\u00e9ries t\u00e9l\u00e9vis\u00e9es, ce seraient les feuilletons chinois.<\/p>\n<p>&nbsp;<\/p>\n<p><strong>8- Que ce soit pour des livres, des films ou des jeux, c\u00f4t\u00e9 langue, es-tu plut\u00f4t version originale ou traduction? En fran\u00e7ais, en anglais ou autre?<\/strong><\/p>\n<p>Je pr\u00e9f\u00e8re les originaux, mais lorsque je ne comprends pas la langue originale, je lirais la traduction pour d\u00e9couvrir l&rsquo;histoire que renferme un livre. J&rsquo;ai d&rsquo;abord beaucoup lu en fran\u00e7ais, puis j&rsquo;ai commenc\u00e9 \u00e0 lire plus en anglais, mais maintenant, j&rsquo;aime alterner les langues que je connais pour essayer de maintenir un bon niveau dans chacune.<\/p>\n<p>&nbsp;<\/p>\n<hr \/>\n<p>&nbsp;<\/p>\n<p><strong>Articles d\u00e9j\u00e0 parus sur le blogue culturel des Horizons imaginaires<\/strong><\/p>\n<p>&nbsp;<\/p>\n<p><a href=\"http:\/\/www.marianopolis.edu\/horizonsimaginaires\/2018\/03\/03\/entrevue-avec-deux-editeurs-de-la-revue-litteraire-brins-deternite\/\" target=\"_blank\" rel=\"noopener\">Entrevue avec deux \u00e9diteurs de la revue litt\u00e9raire Brins d&rsquo;\u00e9ternit\u00e9 (avec Adario Chirgwin-Dasgupta)<\/a><\/p>\n<p><a href=\"http:\/\/www.marianopolis.edu\/horizonsimaginaires\/2017\/10\/20\/un-roman-graphique-destine-a-etre-lu\/\" target=\"_blank\" rel=\"noopener\">Un roman graphique destin\u00e9 \u00e0 \u00eatre lu<\/a><\/p>\n","protected":false},"excerpt":{"rendered":"<p>&nbsp; &nbsp; 1- Quelle formation es-tu en train de suivre et o\u00f9 \u00e9tudies-tu? J&rsquo;\u00e9tudie actuellement en sciences, lettres et arts au coll\u00e8ge Marianopolis. &nbsp; 2- Collaborer au projet des Horizons imaginaires, honn\u00eatement, \u00e7a t\u2019apporte quoi? Participer au projet me permet de faire revivre ma passion pour l&rsquo;\u00e9criture, tout en d\u00e9couvrant de nouvelles \u0153uvres de genres [&hellip;]<\/p>\n","protected":false},"author":5,"featured_media":0,"parent":1580,"menu_order":0,"comment_status":"closed","ping_status":"closed","template":"","meta":{"_acf_changed":false,"footnotes":""},"class_list":["post-1644","page","type-page","status-publish","hentry"],"acf":[],"_links":{"self":[{"href":"https:\/\/www.marianopolis.edu\/horizonsimaginaires\/wp-json\/wp\/v2\/pages\/1644","targetHints":{"allow":["GET"]}}],"collection":[{"href":"https:\/\/www.marianopolis.edu\/horizonsimaginaires\/wp-json\/wp\/v2\/pages"}],"about":[{"href":"https:\/\/www.marianopolis.edu\/horizonsimaginaires\/wp-json\/wp\/v2\/types\/page"}],"author":[{"embeddable":true,"href":"https:\/\/www.marianopolis.edu\/horizonsimaginaires\/wp-json\/wp\/v2\/users\/5"}],"replies":[{"embeddable":true,"href":"https:\/\/www.marianopolis.edu\/horizonsimaginaires\/wp-json\/wp\/v2\/comments?post=1644"}],"version-history":[{"count":4,"href":"https:\/\/www.marianopolis.edu\/horizonsimaginaires\/wp-json\/wp\/v2\/pages\/1644\/revisions"}],"predecessor-version":[{"id":2081,"href":"https:\/\/www.marianopolis.edu\/horizonsimaginaires\/wp-json\/wp\/v2\/pages\/1644\/revisions\/2081"}],"up":[{"embeddable":true,"href":"https:\/\/www.marianopolis.edu\/horizonsimaginaires\/wp-json\/wp\/v2\/pages\/1580"}],"wp:attachment":[{"href":"https:\/\/www.marianopolis.edu\/horizonsimaginaires\/wp-json\/wp\/v2\/media?parent=1644"}],"curies":[{"name":"wp","href":"https:\/\/api.w.org\/{rel}","templated":true}]}}