{"id":1641,"date":"2017-09-23T11:46:57","date_gmt":"2017-09-23T15:46:57","guid":{"rendered":"http:\/\/www.marianopolis.edu\/horizonsimaginaires\/?page_id=1641"},"modified":"2017-11-25T10:49:46","modified_gmt":"2017-11-25T15:49:46","slug":"petit-questionnaire-de-xinyi-zhou","status":"publish","type":"page","link":"https:\/\/www.marianopolis.edu\/horizonsimaginaires\/nos-redacteurs\/petit-questionnaire-de-xinyi-zhou\/","title":{"rendered":"Petit questionnaire de&#8230; Xinyi Zhou!"},"content":{"rendered":"<p>&nbsp;<\/p>\n<div id=\"attachment_1687\" style=\"width: 710px\" class=\"wp-caption aligncenter\"><img loading=\"lazy\" decoding=\"async\" aria-describedby=\"caption-attachment-1687\" class=\"wp-image-1687\" src=\"http:\/\/www.marianopolis.edu\/horizonsimaginaires\/wp-content\/uploads\/2017\/09\/japan_photo4-225x300.jpg\" alt=\"\" width=\"700\" height=\"933\" srcset=\"https:\/\/www.marianopolis.edu\/horizonsimaginaires\/wp-content\/uploads\/2017\/09\/japan_photo4-225x300.jpg 225w, https:\/\/www.marianopolis.edu\/horizonsimaginaires\/wp-content\/uploads\/2017\/09\/japan_photo4.jpg 720w\" sizes=\"auto, (max-width: 700px) 100vw, 700px\" \/><p id=\"caption-attachment-1687\" class=\"wp-caption-text\"><strong>Cr\u00e9dit : Chi-yi Cheng<\/strong><\/p><\/div>\n<p>&nbsp;<\/p>\n<p><strong>1- Quelle formation es-tu en train de suivre et o\u00f9 \u00e9tudies-tu? <\/strong><\/p>\n<p>J\u2019\u00e9tudie pr\u00e9sentement en sciences sociales \u00e0 Marianopolis!<\/p>\n<p>&nbsp;<\/p>\n<p><strong>2- Collaborer au projet des Horizons imaginaires, honn\u00eatement, \u00e7a t\u2019apporte quoi?<\/strong><\/p>\n<p>J\u2019aime tout explorer et toucher \u00e0 tout, et c\u2019est quelque chose que les Horizons imaginaires me permettent de faire. Ce groupe m\u2019offre des opportunit\u00e9s in\u00e9dites, je peux interviewer des gens, lire des livres que je ne lis pas normalement et manger de la pizza gratuitement\u2026! Aussi, j\u2019ai maintenant une nouvelle plateforme gr\u00e2ce \u00e0 laquelle je peux lire, \u00e9crire et m\u00eame dessiner; les trois activit\u00e9s que j\u2019aime faire le plus.<\/p>\n<p>&nbsp;<\/p>\n<p><strong>3- Si tu avais \u00e0 choisir entre un film, un livre ou un jeu, que choisirais-tu? Pourquoi?<\/strong><\/p>\n<p>Un livre! J\u2019adore traduire les mots en images alors un bon livre est semblable \u00e0 une terre fertile o\u00f9 mon imagination peut fleurir. Et pour moi, c\u2019est plut\u00f4t le mot vaut mille images, et je me fais un malin plaisir \u00e0 explorer ces milliers de possibilit\u00e9s.<\/p>\n<p>&nbsp;<\/p>\n<p><strong>4- Si tes pr\u00e9f\u00e9rences en imaginaire se traduisaient par une saveur alimentaire, laquelle serait-ce? <\/strong><\/p>\n<p>Des \u00e9pices et une pinc\u00e9e de sucre! Je d\u00e9guste tout livre qui met en sc\u00e8ne des univers exotiques et d\u00e9bordants de vie. Ajoutez au m\u00e9lange une aventure rocambolesque et des personnages excentriques, et je suis une lectrice satisfaite. Par contre, pour qu\u2019une \u0153uvre s\u2019inscrive dans mon c\u0153ur pour de bon, il lui faut ce petit c\u00f4t\u00e9 sucr\u00e9, cette petite touche de positivit\u00e9 et d\u2019amour. Si les personnages s\u2019entraident et qu\u2019ils \u00e9tablissent des relations pleines d\u2019intrigue et d\u2019amour, je suis compl\u00e8tement en p\u00e2moison.<\/p>\n<p>&nbsp;<\/p>\n<p><strong>5- Si tu avais un super-pouvoir, ce serait lequel? <\/strong><\/p>\n<p>Je voudrais avoir le pouvoir de t\u00e9l\u00e9porter n\u2019importe quel objet \u00e0 un moment sp\u00e9cifique dans le futur. Par exemple, je pourrais envoyer une pomme le 13 janvier 2018 \u00e0 12h, et le 13 janvier 2018 \u00e0 exactement 12h, la pomme r\u00e9appara\u00eetrait entre mes mains. J\u2019utiliserais ce pouvoir pour d\u00e9valiser les buffets des restaurants.<\/p>\n<p>&nbsp;<\/p>\n<p><strong>6- Si tu poss\u00e9dais un artefact magique, qu\u2019en ferais-tu? <\/strong><\/p>\n<p>Je le vendrais sur Kijiji pour payer mes \u00e9tudes universitaires\u2026<\/p>\n<p>&nbsp;<\/p>\n<p><strong>7- Qu\u2019est-ce qui peut te pousser \u00e0 ne plus continuer un livre ou un film? <\/strong><\/p>\n<p>D\u00e8s que l\u2019\u0153uvre en question s\u2019av\u00e8re sexiste, raciste ou homophobe, mon int\u00e9r\u00eat s\u2019\u00e9teint rapidement. Bien s\u00fbr, c\u2019est diff\u00e9rent si l\u2019\u0153uvre en question critique ces sujets ou si c\u2019est un document historique venant d\u2019une \u00e9poque o\u00f9 ces modes de penser \u00e9taient accept\u00e9s.<\/p>\n<p>&nbsp;<\/p>\n<hr \/>\n<p>&nbsp;<\/p>\n<p><strong>Articles d\u00e9j\u00e0 parus sur le blogue culturel des Horizons imaginaires<\/strong><\/p>\n<p>&nbsp;<\/p>\n<p><a href=\"http:\/\/www.marianopolis.edu\/horizonsimaginaires\/2017\/09\/23\/1668\/\" target=\"_blank\" rel=\"noopener\">\u00c0 la rencontre de l&rsquo;Orchestre de Jeux Vid\u00e9o (OJV) de Montr\u00e9al!<\/a><\/p>\n","protected":false},"excerpt":{"rendered":"<p>&nbsp; &nbsp; 1- Quelle formation es-tu en train de suivre et o\u00f9 \u00e9tudies-tu? J\u2019\u00e9tudie pr\u00e9sentement en sciences sociales \u00e0 Marianopolis! &nbsp; 2- Collaborer au projet des Horizons imaginaires, honn\u00eatement, \u00e7a t\u2019apporte quoi? J\u2019aime tout explorer et toucher \u00e0 tout, et c\u2019est quelque chose que les Horizons imaginaires me permettent de faire. Ce groupe m\u2019offre des [&hellip;]<\/p>\n","protected":false},"author":5,"featured_media":0,"parent":1580,"menu_order":0,"comment_status":"closed","ping_status":"closed","template":"","meta":{"_acf_changed":false,"footnotes":""},"class_list":["post-1641","page","type-page","status-publish","hentry"],"acf":[],"_links":{"self":[{"href":"https:\/\/www.marianopolis.edu\/horizonsimaginaires\/wp-json\/wp\/v2\/pages\/1641","targetHints":{"allow":["GET"]}}],"collection":[{"href":"https:\/\/www.marianopolis.edu\/horizonsimaginaires\/wp-json\/wp\/v2\/pages"}],"about":[{"href":"https:\/\/www.marianopolis.edu\/horizonsimaginaires\/wp-json\/wp\/v2\/types\/page"}],"author":[{"embeddable":true,"href":"https:\/\/www.marianopolis.edu\/horizonsimaginaires\/wp-json\/wp\/v2\/users\/5"}],"replies":[{"embeddable":true,"href":"https:\/\/www.marianopolis.edu\/horizonsimaginaires\/wp-json\/wp\/v2\/comments?post=1641"}],"version-history":[{"count":5,"href":"https:\/\/www.marianopolis.edu\/horizonsimaginaires\/wp-json\/wp\/v2\/pages\/1641\/revisions"}],"predecessor-version":[{"id":1998,"href":"https:\/\/www.marianopolis.edu\/horizonsimaginaires\/wp-json\/wp\/v2\/pages\/1641\/revisions\/1998"}],"up":[{"embeddable":true,"href":"https:\/\/www.marianopolis.edu\/horizonsimaginaires\/wp-json\/wp\/v2\/pages\/1580"}],"wp:attachment":[{"href":"https:\/\/www.marianopolis.edu\/horizonsimaginaires\/wp-json\/wp\/v2\/media?parent=1641"}],"curies":[{"name":"wp","href":"https:\/\/api.w.org\/{rel}","templated":true}]}}