{"id":1639,"date":"2017-09-23T11:46:35","date_gmt":"2017-09-23T15:46:35","guid":{"rendered":"http:\/\/www.marianopolis.edu\/horizonsimaginaires\/?page_id=1639"},"modified":"2017-10-04T17:46:58","modified_gmt":"2017-10-04T21:46:58","slug":"petit-questionnaire-de-xin-yue-liu","status":"publish","type":"page","link":"https:\/\/www.marianopolis.edu\/horizonsimaginaires\/nos-redacteurs\/petit-questionnaire-de-xin-yue-liu\/","title":{"rendered":"Petit questionnaire de&#8230; Xin Yue Liu!"},"content":{"rendered":"<p>&nbsp;<\/p>\n<div id=\"attachment_876\" style=\"width: 710px\" class=\"wp-caption aligncenter\"><img loading=\"lazy\" decoding=\"async\" aria-describedby=\"caption-attachment-876\" class=\"wp-image-876\" src=\"http:\/\/www.marianopolis.edu\/horizonsimaginaires\/wp-content\/uploads\/2017\/04\/bio_XinYue-260x300.jpg\" alt=\"\" width=\"700\" height=\"807\" srcset=\"https:\/\/www.marianopolis.edu\/horizonsimaginaires\/wp-content\/uploads\/2017\/04\/bio_XinYue-260x300.jpg 260w, https:\/\/www.marianopolis.edu\/horizonsimaginaires\/wp-content\/uploads\/2017\/04\/bio_XinYue-768x886.jpg 768w, https:\/\/www.marianopolis.edu\/horizonsimaginaires\/wp-content\/uploads\/2017\/04\/bio_XinYue-888x1024.jpg 888w\" sizes=\"auto, (max-width: 700px) 100vw, 700px\" \/><p id=\"caption-attachment-876\" class=\"wp-caption-text\"><strong>Cr\u00e9dit: Tiffany Qian<\/strong><\/p><\/div>\n<p>&nbsp;<\/p>\n<p><strong>1- Quelle formation es-tu en train de suivre et o\u00f9 \u00e9tudies-tu?<\/strong><\/p>\n<p>En ce moment, j\u2019\u00e9tudie \u00e0 McGill en sciences de la vie.<\/p>\n<p>&nbsp;<\/p>\n<p><strong>2- Collaborer au projet des Horizons imaginaires, honn\u00eatement, \u00e7a t\u2019apporte quoi?<\/strong><\/p>\n<p>Au d\u00e9but, quand j\u2019ai rejoint l\u2019\u00e9quipe, je ne pensais pas vraiment \u00e0 grand-chose. C\u2019est seulement apr\u00e8s avoir \u00e9crit mon premier article que j\u2019ai r\u00e9alis\u00e9 que ce projet me permet de faire d\u00e9couvrir aux autres mes \u0153uvres favorites et, bien s\u00fbr, de d\u00e9couvrir d\u2019autres \u0153uvres par la m\u00eame occasion. C\u2019est aussi gr\u00e2ce \u00e0 Horizons imaginaires que j\u2019ai pu assister \u00e0 la convention Otakuthon en tant que \u00abrepr\u00e9sentante des m\u00e9dias\u00bb, ce qui a \u00e9t\u00e9 un privil\u00e8ge, en plus d\u2019une exp\u00e9rience extraordinaire. Je voudrais vivre d\u2019autres exp\u00e9riences du genre aussi marquantes.<\/p>\n<p>&nbsp;<\/p>\n<p><strong>3- Quels sont tes genres de l\u2019imaginaire favoris? Pourquoi les pr\u00e9f\u00e8res-tu aux autres?<\/strong><\/p>\n<p>Je n\u2019ai pas vraiment de pr\u00e9f\u00e9rence. Tant que l\u2019histoire et les personnages sont bien d\u00e9velopp\u00e9s, tout est bon.<\/p>\n<p>&nbsp;<\/p>\n<p><strong>4- Y a-t-il un endroit o\u00f9 tu pr\u00e9f\u00e8res lire?<\/strong><\/p>\n<p>N\u2019importe o\u00f9, tant qu\u2019il y a de la nourriture et que c\u2019est tranquille!<\/p>\n<p>&nbsp;<\/p>\n<p><strong>5- Te voil\u00e0 \u00e9chou\u00e9e sur une \u00eele d\u00e9serte et pour t\u2019en sortir, tu ne peux appeler \u00e0 l\u2019aide que deux personnages de fiction: de qui s\u2019agit-il et pourquoi ces deux-l\u00e0?<\/strong><\/p>\n<p>Le G\u00e9nie d\u2019<em>Aladdin<\/em>, parce qu\u2019avec lui, il n\u2019y a rien \u00e0 craindre. Ce serait des vacances tous les jours. J\u2019appellerais aussi Tom de <em>Tom et Jerry. <\/em>Quoi de mieux que de passer les vacances avec un chat?<\/p>\n<p>&nbsp;<\/p>\n<p><strong>6- Qu\u2019est-ce qui peut te pousser \u00e0 ne plus continuer un livre ou un film?<\/strong><\/p>\n<p>Selon moi, les personnages sont plus importants que l\u2019intrigue. Les personnages poussent l\u2019histoire par leurs motivations et leurs d\u00e9sirs, et les p\u00e9rip\u00e9ties qu\u2019ils vivent sont seulement des \u00e9preuves qui d\u00e9voilent davantage leur personnalit\u00e9. Donc, si les personnages sont mal pr\u00e9sent\u00e9s ou mal d\u00e9velopp\u00e9s, je perds tout int\u00e9r\u00eat et je ne continue pas le livre ou le film.<\/p>\n<p>&nbsp;<\/p>\n<p><strong>7- Que ce soit pour des livres, des films ou des jeux, c\u00f4t\u00e9 langue, es-tu plut\u00f4t version originale ou traduction? En fran\u00e7ais, en anglais ou autre?<\/strong><\/p>\n<p>Bien s\u00fbr, il y a des \u00e9l\u00e9ments que la traduction, m\u00eame si elle est d\u2019une qualit\u00e9 extraordinaire, ne peut transmettre. Les jeux de mots et les r\u00e9f\u00e9rences culturelles en sont de bons exemples. Cela dit, je ne vais pas \u00eatre pointilleuse quand la seule option que j\u2019ai pour d\u00e9couvrir une \u0153uvre est sa version traduite &#8211; si je ne comprends pas la langue originale de l\u2019\u0153uvre, je ne me priverai pas.<\/p>\n<p>&nbsp;<\/p>\n<p>Je suis donc extr\u00eamement reconnaissante envers tous les traducteurs! C\u2019est gr\u00e2ce \u00e0 eux qu\u2019il nous est possible de d\u00e9couvrir tant d\u2019\u0153uvres \u00e9trang\u00e8res.<\/p>\n<p>&nbsp;<\/p>\n<hr \/>\n<p>&nbsp;<\/p>\n<p><strong>Articles d\u00e9j\u00e0 parus sur le blogue culturel des Horizons imaginaires<\/strong><\/p>\n<p>&nbsp;<\/p>\n<p><a href=\"http:\/\/www.marianopolis.edu\/horizonsimaginaires\/2017\/10\/03\/un-parcours-touristique-pour-decouvrir-limaginaire-a-montreal\/\" target=\"_blank\" rel=\"noopener\">Un parcours touristique pour d\u00e9couvrir l&rsquo;imaginaire \u00e0 Montr\u00e9al (collectif)<\/a><\/p>\n<p><a href=\"http:\/\/www.marianopolis.edu\/horizonsimaginaires\/2017\/08\/11\/les-horizons-imaginaires-a-otakuthon-2017-journee-du-dimanche-6-aout\/\" target=\"_blank\" rel=\"noopener\">Les Horizons imaginaires \u00e0 Otakuthon 2017: journ\u00e9e du dimanche 6 ao\u00fbt (collectif)<\/a><\/p>\n<p><a href=\"http:\/\/www.marianopolis.edu\/horizonsimaginaires\/2017\/08\/09\/les-horizons-imaginaires-a-otakuthon-2017-journee-du-samedi-5-aout\/\" target=\"_blank\" rel=\"noopener\">Les Horizons imaginaires \u00e0 Otakuthon 2017: journ\u00e9e du samedi 5 ao\u00fbt (collectif)<\/a><\/p>\n<p><a href=\"http:\/\/www.marianopolis.edu\/horizonsimaginaires\/2017\/08\/07\/les-horizons-imaginaires-a-otakuthon-2017-journee-du-vendredi-4-aout\/\" target=\"_blank\" rel=\"noopener\">Les Horizons imaginaires \u00e0 Otakuthon 2017: journ\u00e9e du vendredi 4 ao\u00fbt (collectif)<\/a><\/p>\n<p><a href=\"http:\/\/www.marianopolis.edu\/horizonsimaginaires\/2017\/04\/25\/survivre-a-lapocalypse-zombie-a-lecole\/\" target=\"_blank\" rel=\"noopener\">Survivre \u00e0 l&rsquo;apocalypse zombie \u00e0 l&rsquo;\u00e9cole<\/a><\/p>\n","protected":false},"excerpt":{"rendered":"<p>&nbsp; &nbsp; 1- Quelle formation es-tu en train de suivre et o\u00f9 \u00e9tudies-tu? En ce moment, j\u2019\u00e9tudie \u00e0 McGill en sciences de la vie. &nbsp; 2- Collaborer au projet des Horizons imaginaires, honn\u00eatement, \u00e7a t\u2019apporte quoi? Au d\u00e9but, quand j\u2019ai rejoint l\u2019\u00e9quipe, je ne pensais pas vraiment \u00e0 grand-chose. C\u2019est seulement apr\u00e8s avoir \u00e9crit mon [&hellip;]<\/p>\n","protected":false},"author":5,"featured_media":0,"parent":1580,"menu_order":0,"comment_status":"closed","ping_status":"closed","template":"","meta":{"_acf_changed":false,"footnotes":""},"class_list":["post-1639","page","type-page","status-publish","hentry"],"acf":[],"_links":{"self":[{"href":"https:\/\/www.marianopolis.edu\/horizonsimaginaires\/wp-json\/wp\/v2\/pages\/1639","targetHints":{"allow":["GET"]}}],"collection":[{"href":"https:\/\/www.marianopolis.edu\/horizonsimaginaires\/wp-json\/wp\/v2\/pages"}],"about":[{"href":"https:\/\/www.marianopolis.edu\/horizonsimaginaires\/wp-json\/wp\/v2\/types\/page"}],"author":[{"embeddable":true,"href":"https:\/\/www.marianopolis.edu\/horizonsimaginaires\/wp-json\/wp\/v2\/users\/5"}],"replies":[{"embeddable":true,"href":"https:\/\/www.marianopolis.edu\/horizonsimaginaires\/wp-json\/wp\/v2\/comments?post=1639"}],"version-history":[{"count":3,"href":"https:\/\/www.marianopolis.edu\/horizonsimaginaires\/wp-json\/wp\/v2\/pages\/1639\/revisions"}],"predecessor-version":[{"id":1812,"href":"https:\/\/www.marianopolis.edu\/horizonsimaginaires\/wp-json\/wp\/v2\/pages\/1639\/revisions\/1812"}],"up":[{"embeddable":true,"href":"https:\/\/www.marianopolis.edu\/horizonsimaginaires\/wp-json\/wp\/v2\/pages\/1580"}],"wp:attachment":[{"href":"https:\/\/www.marianopolis.edu\/horizonsimaginaires\/wp-json\/wp\/v2\/media?parent=1639"}],"curies":[{"name":"wp","href":"https:\/\/api.w.org\/{rel}","templated":true}]}}