{"id":1634,"date":"2017-09-23T11:45:59","date_gmt":"2017-09-23T15:45:59","guid":{"rendered":"http:\/\/www.marianopolis.edu\/horizonsimaginaires\/?page_id=1634"},"modified":"2017-10-05T14:37:42","modified_gmt":"2017-10-05T18:37:42","slug":"petit-questionnaire-de-tiffany-qian","status":"publish","type":"page","link":"https:\/\/www.marianopolis.edu\/horizonsimaginaires\/nos-redacteurs\/petit-questionnaire-de-tiffany-qian\/","title":{"rendered":"Petit questionnaire de&#8230; Tiffany Qian!"},"content":{"rendered":"<p>&nbsp;<\/p>\n<p><img loading=\"lazy\" decoding=\"async\" class=\"aligncenter wp-image-1831\" src=\"http:\/\/www.marianopolis.edu\/horizonsimaginaires\/wp-content\/uploads\/2017\/09\/IMG_1805-300x200.jpg\" alt=\"\" width=\"700\" height=\"467\" srcset=\"https:\/\/www.marianopolis.edu\/horizonsimaginaires\/wp-content\/uploads\/2017\/09\/IMG_1805-300x200.jpg 300w, https:\/\/www.marianopolis.edu\/horizonsimaginaires\/wp-content\/uploads\/2017\/09\/IMG_1805-768x512.jpg 768w, https:\/\/www.marianopolis.edu\/horizonsimaginaires\/wp-content\/uploads\/2017\/09\/IMG_1805-1024x683.jpg 1024w, https:\/\/www.marianopolis.edu\/horizonsimaginaires\/wp-content\/uploads\/2017\/09\/IMG_1805-140x94.jpg 140w\" sizes=\"auto, (max-width: 700px) 100vw, 700px\" \/><\/p>\n<p>&nbsp;<\/p>\n<p><strong>1- Quelle formation es-tu en train de suivre et o\u00f9 \u00e9tudies-tu?<\/strong><\/p>\n<p>J\u2019\u00e9tudie dans le programme de m\u00e9decine de l\u2019Universit\u00e9 de Sherbrooke.<\/p>\n<p>&nbsp;<\/p>\n<p><strong>2- Collaborer au projet des Horizons imaginaires, honn\u00eatement, \u00e7a t\u2019apporte quoi?<\/strong><\/p>\n<p>\u00c9tant donn\u00e9 mon choix de carri\u00e8re, les Horizons imaginaires me permettent d\u2019explorer mon c\u00f4t\u00e9 plus artistique \u2013 que ce soit \u00e0 travers les pages d\u2019un bon roman fantastique ou \u00e0 travers le comit\u00e9 visuel du projet.<\/p>\n<p>&nbsp;<\/p>\n<p><strong>3- Si tu pouvais rencontrer n\u2019importe quel auteur, mort ou vivant, qui serait-ce\u00a0et pourquoi choisis-tu cette personne?<\/strong><\/p>\n<p>Pierre Bottero, pour le remercier d\u2019avoir ouvert la porte du monde de l\u2019Imagination et guid\u00e9 sur cette voie, gr\u00e2ce \u00e0 ses belles m\u00e9taphores et ses personnages attachants, une jeune Tiffany (un peu trop s\u00e9rieuse pour son \u00e2ge), qui a ainsi pu d\u00e9couvrir un monde de mots o\u00f9 tout \u00e9tait possible.<\/p>\n<p>&nbsp;<\/p>\n<p><strong>4- Quels sont tes genres de l\u2019imaginaire favoris? Pourquoi les pr\u00e9f\u00e8res-tu aux autres?<\/strong><\/p>\n<p>Mon genre de l\u2019imaginaire pr\u00e9f\u00e9r\u00e9 est le fantastique, mais mon c\u0153ur a une place sp\u00e9ciale pour la <em>fantasy<\/em>, car c\u2019est ce genre-l\u00e0 qui m\u2019a fait entrer dans les litt\u00e9ratures de l\u2019imaginaire. Le fantastique m\u2019am\u00e8ne dans un monde paradoxal, o\u00f9, en lisant, je marche \u2013 telle une funambule \u2013 le long d\u2019un fin fil qui s\u00e9pare un monde normal et un autre beaucoup plus \u00e9trange. C\u2019est cet \u00e9trange \u00e9quilibre qui m\u2019attire.<\/p>\n<p>&nbsp;<\/p>\n<p><strong>5- Qu\u2019\u00e9coutes-tu pendant que tu lis?<\/strong><\/p>\n<p>\u00c7a va du classique jusqu\u2019au rap (hip-hop). Je n\u2019ai pas tant de pr\u00e9f\u00e9rence, mais j\u2019ai besoin d\u2019un bruit de fond pour me concentrer sur ma lecture.<\/p>\n<p>&nbsp;<\/p>\n<p><strong>6- Quelle mati\u00e8re pr\u00e9f\u00e8res-tu \u00e9tudier\u00a0?<\/strong><\/p>\n<p>Les arts plastiques!<\/p>\n<p>&nbsp;<\/p>\n<p><strong>7- Qu\u2019est-ce qui te fait le plus peur\u00a0?<\/strong><\/p>\n<p>L\u2019oc\u00e9an: c\u2019est une manifestation terrestre du n\u00e9ant et de l\u2019inconnu, et <em>j\u2019aime<\/em> <em>pas<\/em> <em>\u00e7a<\/em>.<\/p>\n<p>&nbsp;<\/p>\n<p><strong>8- Quel est ton plaisir coupable, c\u00f4t\u00e9 litt\u00e9rature, cin\u00e9ma, etc.?<\/strong><\/p>\n<p>Les romans d\u2019amour <em>ben cheesy<\/em>, tr\u00e8s <em>safe<\/em> \u00e0 lire (mais ils doivent quand m\u00eame \u00eatre bien \u00e9crits; j\u2019ai des standards).<\/p>\n<p>&nbsp;<\/p>\n<hr \/>\n<p>&nbsp;<\/p>\n<p><strong>Articles d\u00e9j\u00e0 parus sur le blogue culturel des Horizons imaginaires<\/strong><\/p>\n<p>&nbsp;<\/p>\n<p><a href=\"http:\/\/www.marianopolis.edu\/horizonsimaginaires\/2017\/04\/30\/prof-etou-auteur-une-micro-entrevue-avec-frederick-durand\/\" target=\"_blank\" rel=\"noopener\">Prof et\/ou auteur ? Une micro-entrevue avec Fr\u00e9d\u00e9rick Durand<\/a><\/p>\n<p><a href=\"http:\/\/www.marianopolis.edu\/horizonsimaginaires\/2017\/04\/29\/prof-etou-auteur-une-micro-entrevue-avec-johan-heliot\/\" target=\"_blank\" rel=\"noopener\">Prof et\/ou auteur ? Une micro-entrevue avec Johan Heliot<\/a><\/p>\n<p><a href=\"http:\/\/www.marianopolis.edu\/horizonsimaginaires\/2017\/04\/28\/prof-etou-auteur-une-micro-entrevue-avec-patrick-senecal\/\" target=\"_blank\" rel=\"noopener\">Prof et\/ou auteur ? Une micro-entrevue avec Patrick Sen\u00e9cal<\/a><\/p>\n<p><a href=\"http:\/\/www.marianopolis.edu\/horizonsimaginaires\/2017\/04\/27\/prof-etou-auteure-une-micro-entrevue-avec-sylvie-berard\/\" target=\"_blank\" rel=\"noopener\">Prof et\/ou auteure ? Une micro-entrevue avec Sylvie B\u00e9rard<\/a><\/p>\n<p><a href=\"http:\/\/www.marianopolis.edu\/horizonsimaginaires\/2017\/04\/26\/prof-etou-auteure-une-micro-entrevue-avec-ariane-gelinas\/\" target=\"_blank\" rel=\"noopener\">Prof et\/ou auteure ? Une micro-entrevue avec Ariane G\u00e9linas<\/a><\/p>\n<p><a href=\"http:\/\/www.marianopolis.edu\/horizonsimaginaires\/2017\/04\/25\/prof-etou-auteur-une-micro-entrevue-avec-jonathan-brassard\/\" target=\"_blank\" rel=\"noopener\">Prof et\/ou auteur ? Une micro-entrevue avec Jonathan Brassard<\/a><\/p>\n<p><a href=\"http:\/\/www.marianopolis.edu\/horizonsimaginaires\/2017\/04\/24\/prof-etou-auteure-une-micro-entrevue-avec-jeanne-a-debats\/\" target=\"_blank\" rel=\"noopener\">Prof et\/ou auteure ? Une micro-entrevue avec Jeanne-A. Debats<\/a><\/p>\n<p><a href=\"http:\/\/www.marianopolis.edu\/horizonsimaginaires\/2017\/04\/23\/prof-etou-auteur-une-micro-entrevue-avec-carl-rocheleau\/\" target=\"_blank\" rel=\"noopener\">Prof et\/ou auteur ? Une micro-entrevue avec Carl Rocheleau<\/a><\/p>\n<p><a href=\"http:\/\/www.marianopolis.edu\/horizonsimaginaires\/2017\/04\/22\/prof-etou-auteure-une-micro-entrevue-avec-heloise-cote\/\" target=\"_blank\" rel=\"noopener\">Prof et\/ou auteure ? Une micro-entrevue avec H\u00e9lo\u00efse C\u00f4t\u00e9<\/a><\/p>\n","protected":false},"excerpt":{"rendered":"<p>&nbsp; &nbsp; 1- Quelle formation es-tu en train de suivre et o\u00f9 \u00e9tudies-tu? J\u2019\u00e9tudie dans le programme de m\u00e9decine de l\u2019Universit\u00e9 de Sherbrooke. &nbsp; 2- Collaborer au projet des Horizons imaginaires, honn\u00eatement, \u00e7a t\u2019apporte quoi? \u00c9tant donn\u00e9 mon choix de carri\u00e8re, les Horizons imaginaires me permettent d\u2019explorer mon c\u00f4t\u00e9 plus artistique \u2013 que ce soit [&hellip;]<\/p>\n","protected":false},"author":5,"featured_media":0,"parent":1580,"menu_order":0,"comment_status":"closed","ping_status":"closed","template":"","meta":{"_acf_changed":false,"footnotes":""},"class_list":["post-1634","page","type-page","status-publish","hentry"],"acf":[],"_links":{"self":[{"href":"https:\/\/www.marianopolis.edu\/horizonsimaginaires\/wp-json\/wp\/v2\/pages\/1634","targetHints":{"allow":["GET"]}}],"collection":[{"href":"https:\/\/www.marianopolis.edu\/horizonsimaginaires\/wp-json\/wp\/v2\/pages"}],"about":[{"href":"https:\/\/www.marianopolis.edu\/horizonsimaginaires\/wp-json\/wp\/v2\/types\/page"}],"author":[{"embeddable":true,"href":"https:\/\/www.marianopolis.edu\/horizonsimaginaires\/wp-json\/wp\/v2\/users\/5"}],"replies":[{"embeddable":true,"href":"https:\/\/www.marianopolis.edu\/horizonsimaginaires\/wp-json\/wp\/v2\/comments?post=1634"}],"version-history":[{"count":3,"href":"https:\/\/www.marianopolis.edu\/horizonsimaginaires\/wp-json\/wp\/v2\/pages\/1634\/revisions"}],"predecessor-version":[{"id":1833,"href":"https:\/\/www.marianopolis.edu\/horizonsimaginaires\/wp-json\/wp\/v2\/pages\/1634\/revisions\/1833"}],"up":[{"embeddable":true,"href":"https:\/\/www.marianopolis.edu\/horizonsimaginaires\/wp-json\/wp\/v2\/pages\/1580"}],"wp:attachment":[{"href":"https:\/\/www.marianopolis.edu\/horizonsimaginaires\/wp-json\/wp\/v2\/media?parent=1634"}],"curies":[{"name":"wp","href":"https:\/\/api.w.org\/{rel}","templated":true}]}}