{"id":1631,"date":"2017-09-23T11:45:34","date_gmt":"2017-09-23T15:45:34","guid":{"rendered":"http:\/\/www.marianopolis.edu\/horizonsimaginaires\/?page_id=1631"},"modified":"2017-11-25T10:48:53","modified_gmt":"2017-11-25T15:48:53","slug":"petit-questionnaire-de-simon-kidd","status":"publish","type":"page","link":"https:\/\/www.marianopolis.edu\/horizonsimaginaires\/nos-redacteurs\/petit-questionnaire-de-simon-kidd\/","title":{"rendered":"Petit questionnaire de&#8230; Simon Kidd!"},"content":{"rendered":"<p>&nbsp;<\/p>\n<p><img loading=\"lazy\" decoding=\"async\" class=\"aligncenter wp-image-1829\" src=\"http:\/\/www.marianopolis.edu\/horizonsimaginaires\/wp-content\/uploads\/2017\/09\/21931625_718131058385205_296161170_o-169x300.jpg\" alt=\"\" width=\"700\" height=\"1244\" srcset=\"https:\/\/www.marianopolis.edu\/horizonsimaginaires\/wp-content\/uploads\/2017\/09\/21931625_718131058385205_296161170_o-169x300.jpg 169w, https:\/\/www.marianopolis.edu\/horizonsimaginaires\/wp-content\/uploads\/2017\/09\/21931625_718131058385205_296161170_o-768x1365.jpg 768w, https:\/\/www.marianopolis.edu\/horizonsimaginaires\/wp-content\/uploads\/2017\/09\/21931625_718131058385205_296161170_o-576x1024.jpg 576w, https:\/\/www.marianopolis.edu\/horizonsimaginaires\/wp-content\/uploads\/2017\/09\/21931625_718131058385205_296161170_o.jpg 1152w\" sizes=\"auto, (max-width: 700px) 100vw, 700px\" \/><\/p>\n<p>&nbsp;<\/p>\n<p><strong>1- Quelle formation es-tu en train de suivre et o\u00f9 \u00e9tudies-tu?<\/strong><\/p>\n<p>J&rsquo;\u00e9tudie les arts lib\u00e9raux \u00e0 Marianopolis!<\/p>\n<p>&nbsp;<\/p>\n<p><strong>2- <\/strong><strong>Collaborer au projet des Horizons imaginaires, honn\u00eatement, \u00e7a t\u2019apporte quoi?<\/strong><\/p>\n<p>Je suis anglophone et je veux apprendre le fran\u00e7ais en lisant de la science-fiction et de la fantasy.<\/p>\n<p>&nbsp;<\/p>\n<p><strong>3- <\/strong><strong>Si tu pouvais rencontrer n\u2019importe quel auteur, mort ou vivant, qui serait-ce\u00a0et pourquoi choisis-tu cette personne?<\/strong><\/p>\n<p>Ernest Hemingway, parce que j&rsquo;adore son style d&rsquo;\u00e9criture.<\/p>\n<p>&nbsp;<\/p>\n<p><strong>4- <\/strong><strong>Quels sont tes genres de l\u2019imaginaire favoris? Pourquoi les pr\u00e9f\u00e8res-tu aux autres?<\/strong><\/p>\n<p>Je pr\u00e9f\u00e8re la science-fiction, car ce genre me fait penser \u00e0 l&rsquo;avenir.<\/p>\n<p>&nbsp;<\/p>\n<p><strong>5- <\/strong><strong>Si tu avais \u00e0 choisir entre un film, un livre ou un jeu, que choisirais-tu? Pourquoi?<\/strong><\/p>\n<p>Certainement un livre. Les livres sont les meilleurs, parce qu&rsquo;ils sont comme de la m\u00e9ditation pour l&rsquo;esprit. On peut \u00e9galement lire un livre \u00e0 son propre rythme.<\/p>\n<p>&nbsp;<\/p>\n<hr \/>\n<p>&nbsp;<\/p>\n<p><strong>Articles d\u00e9j\u00e0 parus sur le blogue culturel des Horizons imaginaires<\/strong><\/p>\n<p>&nbsp;<\/p>\n<p><a href=\"http:\/\/www.marianopolis.edu\/horizonsimaginaires\/2017\/10\/04\/faire-vivre-limaginaire-a-montreal-deux-entrevues-avec-des-employes-dubisoft-montreal\/\" target=\"_blank\" rel=\"noopener\">Faire vivre l&rsquo;imaginaire \u00e0 Montr\u00e9al: deux entrevues avec des employ\u00e9s d&rsquo;Ubisoft Montr\u00e9al (avec Ioana Popescu Crainic)<\/a><\/p>\n","protected":false},"excerpt":{"rendered":"<p>&nbsp; &nbsp; 1- Quelle formation es-tu en train de suivre et o\u00f9 \u00e9tudies-tu? J&rsquo;\u00e9tudie les arts lib\u00e9raux \u00e0 Marianopolis! &nbsp; 2- Collaborer au projet des Horizons imaginaires, honn\u00eatement, \u00e7a t\u2019apporte quoi? Je suis anglophone et je veux apprendre le fran\u00e7ais en lisant de la science-fiction et de la fantasy. &nbsp; 3- Si tu pouvais rencontrer [&hellip;]<\/p>\n","protected":false},"author":5,"featured_media":0,"parent":1580,"menu_order":0,"comment_status":"closed","ping_status":"closed","template":"","meta":{"_acf_changed":false,"footnotes":""},"class_list":["post-1631","page","type-page","status-publish","hentry"],"acf":[],"_links":{"self":[{"href":"https:\/\/www.marianopolis.edu\/horizonsimaginaires\/wp-json\/wp\/v2\/pages\/1631","targetHints":{"allow":["GET"]}}],"collection":[{"href":"https:\/\/www.marianopolis.edu\/horizonsimaginaires\/wp-json\/wp\/v2\/pages"}],"about":[{"href":"https:\/\/www.marianopolis.edu\/horizonsimaginaires\/wp-json\/wp\/v2\/types\/page"}],"author":[{"embeddable":true,"href":"https:\/\/www.marianopolis.edu\/horizonsimaginaires\/wp-json\/wp\/v2\/users\/5"}],"replies":[{"embeddable":true,"href":"https:\/\/www.marianopolis.edu\/horizonsimaginaires\/wp-json\/wp\/v2\/comments?post=1631"}],"version-history":[{"count":3,"href":"https:\/\/www.marianopolis.edu\/horizonsimaginaires\/wp-json\/wp\/v2\/pages\/1631\/revisions"}],"predecessor-version":[{"id":1997,"href":"https:\/\/www.marianopolis.edu\/horizonsimaginaires\/wp-json\/wp\/v2\/pages\/1631\/revisions\/1997"}],"up":[{"embeddable":true,"href":"https:\/\/www.marianopolis.edu\/horizonsimaginaires\/wp-json\/wp\/v2\/pages\/1580"}],"wp:attachment":[{"href":"https:\/\/www.marianopolis.edu\/horizonsimaginaires\/wp-json\/wp\/v2\/media?parent=1631"}],"curies":[{"name":"wp","href":"https:\/\/api.w.org\/{rel}","templated":true}]}}