{"id":1629,"date":"2017-09-23T11:45:15","date_gmt":"2017-09-23T15:45:15","guid":{"rendered":"http:\/\/www.marianopolis.edu\/horizonsimaginaires\/?page_id=1629"},"modified":"2018-04-10T11:18:03","modified_gmt":"2018-04-10T15:18:03","slug":"petit-questionnaire-de-sabina-roman","status":"publish","type":"page","link":"https:\/\/www.marianopolis.edu\/horizonsimaginaires\/nos-redacteurs\/petit-questionnaire-de-sabina-roman\/","title":{"rendered":"Petit questionnaire de&#8230; Sabina Roman!"},"content":{"rendered":"<p>&nbsp;<\/p>\n<div id=\"attachment_1771\" style=\"width: 710px\" class=\"wp-caption aligncenter\"><img loading=\"lazy\" decoding=\"async\" aria-describedby=\"caption-attachment-1771\" class=\"wp-image-1771\" src=\"http:\/\/www.marianopolis.edu\/horizonsimaginaires\/wp-content\/uploads\/2017\/09\/4Q1C6711-300x200.jpg\" alt=\"\" width=\"700\" height=\"467\" srcset=\"https:\/\/www.marianopolis.edu\/horizonsimaginaires\/wp-content\/uploads\/2017\/09\/4Q1C6711-300x200.jpg 300w, https:\/\/www.marianopolis.edu\/horizonsimaginaires\/wp-content\/uploads\/2017\/09\/4Q1C6711-768x512.jpg 768w, https:\/\/www.marianopolis.edu\/horizonsimaginaires\/wp-content\/uploads\/2017\/09\/4Q1C6711-1024x683.jpg 1024w, https:\/\/www.marianopolis.edu\/horizonsimaginaires\/wp-content\/uploads\/2017\/09\/4Q1C6711-140x94.jpg 140w\" sizes=\"auto, (max-width: 700px) 100vw, 700px\" \/><p id=\"caption-attachment-1771\" class=\"wp-caption-text\"><strong>Cr\u00e9dit: Daniel Tehrani<\/strong><\/p><\/div>\n<p>&nbsp;<\/p>\n<p><strong>1- Quelle formation es-tu en train de suivre et o\u00f9 \u00e9tudies-tu?<\/strong><\/p>\n<p>J\u2019\u00e9tudie au coll\u00e8ge Marianopolis dans le programme Sciences, Lettres et Arts.<\/p>\n<p>&nbsp;<\/p>\n<p><strong>2- Collaborer au projet des Horizons imaginaires, honn\u00eatement, \u00e7a t\u2019apporte quoi?<\/strong><\/p>\n<p>\u00catre en contact avec des gens passionn\u00e9s de litt\u00e9rature et, en g\u00e9n\u00e9ral, de tout ce qui touche \u00e0 la culture (locale ou internationale). Discuter avec eux, entreprendre des projets o\u00f9 nos capacit\u00e9s diverses sont mises \u00e0 profit, afin de cr\u00e9er un objet dont nous pouvons tous \u00eatre fiers, qui nous a fait grandir. Il y a un beau sentiment de r\u00e9alisation, personnelle autant que collective, au sein de l\u2019\u00e9quipe des Horizons imaginaires.<\/p>\n<p>&nbsp;<\/p>\n<p><strong>3- Y a-t-il un endroit o\u00f9 tu pr\u00e9f\u00e8res lire?<\/strong><\/p>\n<p>Dans les transports en commun! M\u00eame si \u00e7a peut \u00eatre mouvement\u00e9, il y a un certain calme dans cet espace mi-collectif, mi-solitaire. Collectif parce qu\u2019on le partage \u00e0 plusieurs; solitaire parce qu\u2019on n\u2019interagit pas vraiment avec les autres, \u00e0 moins de les conna\u00eetre d\u00e9j\u00e0.<\/p>\n<p>&nbsp;<\/p>\n<p><strong>4- Si demain, tu pouvais obtenir l\u2019emploi de tes r\u00eaves, lequel serait-ce et \u00e0 quoi ressemblerait ta journ\u00e9e de travail?<\/strong><\/p>\n<p>Mon emploi de r\u00eave serait d\u2019ouvrir un espace collectif vou\u00e9 \u00e0 l\u2019art et la culture locale. \u00c7a serait une friperie, une librairie, une galerie d\u2019art, une boutique de mode locale et un endroit pour accueillir des \u00e9v\u00e9nements. Mes journ\u00e9es seraient diff\u00e9rentes chaque jour, mais m\u2019am\u00e8neraient surtout \u00e0 \u00eatre pr\u00e9sente en boutique, \u00e0 trouver des artistes qui voudraient y exposer leurs \u0153uvres, \u00e0 organiser des \u00e9v\u00e9nements, et \u00e0 assurer une pr\u00e9sence sur les r\u00e9seaux sociaux en cr\u00e9ant du contenu visuel int\u00e9ressant.<\/p>\n<p>&nbsp;<\/p>\n<p><strong>5- Qu\u2019est-ce qui peut t\u2019attirer vers une \u0153uvre dont tu n\u2019as jamais entendu parler avant?<\/strong><\/p>\n<p>Sa page couverture, sa maison d\u2019\u00e9dition, les critiques qu\u2019elle a re\u00e7ues, les recommandations de mes amis et de mes connaissances.<\/p>\n<p>&nbsp;<\/p>\n<hr \/>\n<p>&nbsp;<\/p>\n<p><strong>Articles d\u00e9j\u00e0 parus sur le blogue culturel des Horizons imaginaires<\/strong><\/p>\n<p>&nbsp;<\/p>\n<p><a href=\"http:\/\/www.marianopolis.edu\/horizonsimaginaires\/2018\/04\/06\/entrevue-avec-billy-robinson-libraire-a-la-librairie-de-verdun\/\" target=\"_blank\" rel=\"noopener\">Entrevue avec Billy Robinson, libraire \u00e0 la Librairie de Verdun<\/a><\/p>\n<p><a href=\"http:\/\/www.marianopolis.edu\/horizonsimaginaires\/2017\/11\/11\/lorsque-tournent-les-pages-gelees\/\" target=\"_blank\" rel=\"noopener\">Lorsque tournent les pages gel\u00e9es<\/a><\/p>\n<p><a href=\"http:\/\/www.marianopolis.edu\/horizonsimaginaires\/2017\/10\/31\/1932\/\" target=\"_blank\" rel=\"noopener\">Danielle Brown, la Dracula montr\u00e9alaise<\/a><\/p>\n<p><a href=\"http:\/\/www.marianopolis.edu\/horizonsimaginaires\/2017\/10\/13\/1876\/\" target=\"_blank\" rel=\"noopener\">Chronique sur Thelma de Joachim Trier (Festival du nouveau cin\u00e9ma)<\/a><\/p>\n<p><a href=\"http:\/\/www.marianopolis.edu\/horizonsimaginaires\/2017\/09\/30\/quand-montreal-chante-la-fin-du-monde\/\" target=\"_blank\" rel=\"noopener\">Quand Montr\u00e9al chante la fin du monde<\/a><\/p>\n<p><a href=\"http:\/\/www.marianopolis.edu\/horizonsimaginaires\/2017\/08\/05\/trois-dernieres-chroniques-du-festival-international-de-films-fantasia-lu-over-the-wall-spoor-et-the-night-is-short-walk-on-girl\/\" target=\"_blank\" rel=\"noopener\">Chronique sur Spoor d&rsquo;Agnieszka Holland (Festival Fantasia)<\/a><\/p>\n<p><a href=\"http:\/\/www.marianopolis.edu\/horizonsimaginaires\/2017\/08\/02\/deux-chroniques-du-festival-international-de-films-fantasia-les-fantastiques-week-ends-du-cinema-quebecois-volet-science-fiction-et-jojos-bizarre-adventure-diamond-is-unbreakable\/\" target=\"_blank\" rel=\"noopener\">Chronique sur le volet science-fiction des Fantastiques week-ends du cin\u00e9ma qu\u00e9b\u00e9cois (Festival Fantasia)<\/a><\/p>\n<p><a href=\"http:\/\/www.marianopolis.edu\/horizonsimaginaires\/2017\/07\/29\/la-folie-qui-sinfiltre\/\" target=\"_blank\" rel=\"noopener\">La folie qui s&rsquo;infiltre<\/a><\/p>\n<p><a href=\"http:\/\/www.marianopolis.edu\/horizonsimaginaires\/2017\/07\/22\/trois-chroniques-du-festival-international-de-films-fantasia-ghost-story-origami-replace\/\" target=\"_blank\" rel=\"noopener\">Chronique sur A Ghost story de David Lowery (Festival Fantasia)<\/a><\/p>\n","protected":false},"excerpt":{"rendered":"<p>&nbsp; &nbsp; 1- Quelle formation es-tu en train de suivre et o\u00f9 \u00e9tudies-tu? J\u2019\u00e9tudie au coll\u00e8ge Marianopolis dans le programme Sciences, Lettres et Arts. &nbsp; 2- Collaborer au projet des Horizons imaginaires, honn\u00eatement, \u00e7a t\u2019apporte quoi? \u00catre en contact avec des gens passionn\u00e9s de litt\u00e9rature et, en g\u00e9n\u00e9ral, de tout ce qui touche \u00e0 la [&hellip;]<\/p>\n","protected":false},"author":5,"featured_media":0,"parent":1580,"menu_order":0,"comment_status":"closed","ping_status":"closed","template":"","meta":{"_acf_changed":false,"footnotes":""},"class_list":["post-1629","page","type-page","status-publish","hentry"],"acf":[],"_links":{"self":[{"href":"https:\/\/www.marianopolis.edu\/horizonsimaginaires\/wp-json\/wp\/v2\/pages\/1629","targetHints":{"allow":["GET"]}}],"collection":[{"href":"https:\/\/www.marianopolis.edu\/horizonsimaginaires\/wp-json\/wp\/v2\/pages"}],"about":[{"href":"https:\/\/www.marianopolis.edu\/horizonsimaginaires\/wp-json\/wp\/v2\/types\/page"}],"author":[{"embeddable":true,"href":"https:\/\/www.marianopolis.edu\/horizonsimaginaires\/wp-json\/wp\/v2\/users\/5"}],"replies":[{"embeddable":true,"href":"https:\/\/www.marianopolis.edu\/horizonsimaginaires\/wp-json\/wp\/v2\/comments?post=1629"}],"version-history":[{"count":7,"href":"https:\/\/www.marianopolis.edu\/horizonsimaginaires\/wp-json\/wp\/v2\/pages\/1629\/revisions"}],"predecessor-version":[{"id":2140,"href":"https:\/\/www.marianopolis.edu\/horizonsimaginaires\/wp-json\/wp\/v2\/pages\/1629\/revisions\/2140"}],"up":[{"embeddable":true,"href":"https:\/\/www.marianopolis.edu\/horizonsimaginaires\/wp-json\/wp\/v2\/pages\/1580"}],"wp:attachment":[{"href":"https:\/\/www.marianopolis.edu\/horizonsimaginaires\/wp-json\/wp\/v2\/media?parent=1629"}],"curies":[{"name":"wp","href":"https:\/\/api.w.org\/{rel}","templated":true}]}}