{"id":1627,"date":"2017-09-23T11:44:59","date_gmt":"2017-09-23T15:44:59","guid":{"rendered":"http:\/\/www.marianopolis.edu\/horizonsimaginaires\/?page_id=1627"},"modified":"2017-10-15T12:24:50","modified_gmt":"2017-10-15T16:24:50","slug":"petit-questionnaire-de-ioana-popescu-crainic","status":"publish","type":"page","link":"https:\/\/www.marianopolis.edu\/horizonsimaginaires\/nos-redacteurs\/petit-questionnaire-de-ioana-popescu-crainic\/","title":{"rendered":"Petit questionnaire de&#8230; Ioana Popescu Crainic!"},"content":{"rendered":"<p>&nbsp;<\/p>\n<div id=\"attachment_1826\" style=\"width: 710px\" class=\"wp-caption aligncenter\"><img loading=\"lazy\" decoding=\"async\" aria-describedby=\"caption-attachment-1826\" class=\"wp-image-1826\" src=\"http:\/\/www.marianopolis.edu\/horizonsimaginaires\/wp-content\/uploads\/2017\/09\/Image_uploaded_from_iOS_1_-267x300.jpg\" alt=\"\" width=\"700\" height=\"786\" srcset=\"https:\/\/www.marianopolis.edu\/horizonsimaginaires\/wp-content\/uploads\/2017\/09\/Image_uploaded_from_iOS_1_-267x300.jpg 267w, https:\/\/www.marianopolis.edu\/horizonsimaginaires\/wp-content\/uploads\/2017\/09\/Image_uploaded_from_iOS_1_-768x862.jpg 768w, https:\/\/www.marianopolis.edu\/horizonsimaginaires\/wp-content\/uploads\/2017\/09\/Image_uploaded_from_iOS_1_-912x1024.jpg 912w, https:\/\/www.marianopolis.edu\/horizonsimaginaires\/wp-content\/uploads\/2017\/09\/Image_uploaded_from_iOS_1_.jpg 1242w\" sizes=\"auto, (max-width: 700px) 100vw, 700px\" \/><p id=\"caption-attachment-1826\" class=\"wp-caption-text\"><strong>Cr\u00e9dit: Laur\u00e9e Corbeil-Philipps<\/strong><\/p><\/div>\n<p>&nbsp;<\/p>\n<p><strong>1- Quelle formation es-tu en train de suivre et o\u00f9 \u00e9tudies-tu?<\/strong><strong>\u00a0 <\/strong><\/p>\n<p>Je suis en Honors Health Science au Coll\u00e8ge Marianopolis. J&rsquo;esp\u00e8re pouvoir travailler dans le domaine des soins de la sant\u00e9.<\/p>\n<p>&nbsp;<\/p>\n<p><strong>2- Collaborer au projet des Horizons imaginaires, honn\u00eatement, \u00e7a t\u2019apporte quoi?<\/strong><\/p>\n<p>Collaborer aux Horizons imaginaires me donne l&rsquo;opportunit\u00e9 de participer \u00e0 un projet qui promeut mes genres litt\u00e9raires pr\u00e9f\u00e9r\u00e9s et qui met en vedette les litt\u00e9ratures de imaginaire qu\u00e9becoises. Dans le monde des litt\u00e9ratures de l\u2019imaginaire, on parle souvent des nouvelles parutions aux \u00c9tats-Unis et en Europe: je suis d&rsquo;avis qu&rsquo;il est important d\u2019aussi mettre en valeur les talents du Qu\u00e9bec et de les pr\u00e9senter aux jeunes \u00e9tudiants. Je suis heureuse de pouvoir faire partie d&rsquo;un mouvement qui est aussi magique et unique, qui fait et continuera de faire un grand changement ici et \u00e0 encourager la beaut\u00e9 des genres de l&rsquo;imaginaire.<\/p>\n<p>&nbsp;<\/p>\n<p><strong>3- Qu\u2019\u00e9coutes-tu pendant que tu lis?<\/strong><\/p>\n<p>De la musique traditionelle chinoise ou de la musique classique.<\/p>\n<p>&nbsp;<\/p>\n<p><strong>4- Quelle mati\u00e8re pr\u00e9f\u00e8res-tu \u00e9tudier?<\/strong><\/p>\n<p>J&rsquo;adore les math\u00e9matiques!!! Sp\u00e9cialement le calcul diff\u00e9rentiel et le calcul int\u00e9gral. C&rsquo;est tellement logique, et r\u00e9soudre des probl\u00e8mes math\u00e9matiques me rend heureuse.<\/p>\n<p>&nbsp;<\/p>\n<p><strong>5- Tu dois t\u2019enfermer dans un bunker anti-zombies pendant un an. Tu as droit \u00e0 cinq livres: qu\u2019apportes-tu, sans trop r\u00e9fl\u00e9chir\u00a0parce qu\u2019il faut faire vite?<\/strong><\/p>\n<p><em>Memoirs of a Geisha<\/em> de Arthur Golden;<\/p>\n<p><em>Inkheart<\/em> de Cornelia Funke;<\/p>\n<p><em>Twilight<\/em> de Stephenie Meyer;<\/p>\n<p><em>Harry Potter and the Goblet of Fire<\/em> de J.K Rowling;<\/p>\n<p><em>Flowers for Algernon<\/em> de Daniel Keyes.<\/p>\n<p>&nbsp;<\/p>\n<p><strong>6- Si tu avais un super-pouvoir, ce serait lequel?<\/strong><\/p>\n<p>Sans vouloir sonner qu\u00e9taine, j&rsquo;aimerais pouvoir voler. J&rsquo;adore voyager, alors si je pouvais voler, je pourrais visiter toutes les destinations que je souhaite explorer sans avoir \u00e0 payer mon billet d&rsquo;avion!<\/p>\n<p>&nbsp;<\/p>\n<p><strong>7- Qu\u2019est-ce qui se boit bien en d\u00e9couvrant un livre, un film ou un jeu, selon toi?<\/strong><\/p>\n<p>Un latt\u00e9 glac\u00e9 au matcha de chez Starbucks.<\/p>\n<p>&nbsp;<\/p>\n<hr \/>\n<p>&nbsp;<\/p>\n<p><strong>Articles d\u00e9j\u00e0 parus sur le blogue culturel des Horizons imaginaires<\/strong><\/p>\n<p>&nbsp;<\/p>\n<p><a href=\"http:\/\/www.marianopolis.edu\/horizonsimaginaires\/2017\/10\/04\/faire-vivre-limaginaire-a-montreal-deux-entrevues-avec-des-employes-dubisoft-montreal\/\" target=\"_blank\" rel=\"noopener\">Faire vivre l&rsquo;imaginaire \u00e0 Montr\u00e9al: deux entrevues avec des employ\u00e9s d&rsquo;Ubisoft Montr\u00e9al (avec Simon Kidd)<\/a><\/p>\n","protected":false},"excerpt":{"rendered":"<p>&nbsp; &nbsp; 1- Quelle formation es-tu en train de suivre et o\u00f9 \u00e9tudies-tu?\u00a0 Je suis en Honors Health Science au Coll\u00e8ge Marianopolis. J&rsquo;esp\u00e8re pouvoir travailler dans le domaine des soins de la sant\u00e9. &nbsp; 2- Collaborer au projet des Horizons imaginaires, honn\u00eatement, \u00e7a t\u2019apporte quoi? Collaborer aux Horizons imaginaires me donne l&rsquo;opportunit\u00e9 de participer \u00e0 [&hellip;]<\/p>\n","protected":false},"author":5,"featured_media":0,"parent":1580,"menu_order":0,"comment_status":"closed","ping_status":"closed","template":"","meta":{"_acf_changed":false,"footnotes":""},"class_list":["post-1627","page","type-page","status-publish","hentry"],"acf":[],"_links":{"self":[{"href":"https:\/\/www.marianopolis.edu\/horizonsimaginaires\/wp-json\/wp\/v2\/pages\/1627","targetHints":{"allow":["GET"]}}],"collection":[{"href":"https:\/\/www.marianopolis.edu\/horizonsimaginaires\/wp-json\/wp\/v2\/pages"}],"about":[{"href":"https:\/\/www.marianopolis.edu\/horizonsimaginaires\/wp-json\/wp\/v2\/types\/page"}],"author":[{"embeddable":true,"href":"https:\/\/www.marianopolis.edu\/horizonsimaginaires\/wp-json\/wp\/v2\/users\/5"}],"replies":[{"embeddable":true,"href":"https:\/\/www.marianopolis.edu\/horizonsimaginaires\/wp-json\/wp\/v2\/comments?post=1627"}],"version-history":[{"count":4,"href":"https:\/\/www.marianopolis.edu\/horizonsimaginaires\/wp-json\/wp\/v2\/pages\/1627\/revisions"}],"predecessor-version":[{"id":1895,"href":"https:\/\/www.marianopolis.edu\/horizonsimaginaires\/wp-json\/wp\/v2\/pages\/1627\/revisions\/1895"}],"up":[{"embeddable":true,"href":"https:\/\/www.marianopolis.edu\/horizonsimaginaires\/wp-json\/wp\/v2\/pages\/1580"}],"wp:attachment":[{"href":"https:\/\/www.marianopolis.edu\/horizonsimaginaires\/wp-json\/wp\/v2\/media?parent=1627"}],"curies":[{"name":"wp","href":"https:\/\/api.w.org\/{rel}","templated":true}]}}