{"id":1625,"date":"2017-09-23T11:44:39","date_gmt":"2017-09-23T15:44:39","guid":{"rendered":"http:\/\/www.marianopolis.edu\/horizonsimaginaires\/?page_id=1625"},"modified":"2018-03-31T12:16:30","modified_gmt":"2018-03-31T16:16:30","slug":"petit-questionnaire-de-ila-ghoshal","status":"publish","type":"page","link":"https:\/\/www.marianopolis.edu\/horizonsimaginaires\/nos-redacteurs\/petit-questionnaire-de-ila-ghoshal\/","title":{"rendered":"Petit questionnaire de&#8230; Ila Ghoshal!"},"content":{"rendered":"<p>&nbsp;<\/p>\n<div id=\"attachment_1708\" style=\"width: 710px\" class=\"wp-caption aligncenter\"><img loading=\"lazy\" decoding=\"async\" aria-describedby=\"caption-attachment-1708\" class=\"wp-image-1708\" src=\"http:\/\/www.marianopolis.edu\/horizonsimaginaires\/wp-content\/uploads\/2017\/09\/cre_dit_Francesca_Robitaille-300x200.jpg\" alt=\"\" width=\"700\" height=\"467\" srcset=\"https:\/\/www.marianopolis.edu\/horizonsimaginaires\/wp-content\/uploads\/2017\/09\/cre_dit_Francesca_Robitaille-300x200.jpg 300w, https:\/\/www.marianopolis.edu\/horizonsimaginaires\/wp-content\/uploads\/2017\/09\/cre_dit_Francesca_Robitaille-768x512.jpg 768w, https:\/\/www.marianopolis.edu\/horizonsimaginaires\/wp-content\/uploads\/2017\/09\/cre_dit_Francesca_Robitaille-1024x683.jpg 1024w, https:\/\/www.marianopolis.edu\/horizonsimaginaires\/wp-content\/uploads\/2017\/09\/cre_dit_Francesca_Robitaille-140x94.jpg 140w\" sizes=\"auto, (max-width: 700px) 100vw, 700px\" \/><p id=\"caption-attachment-1708\" class=\"wp-caption-text\"><strong>Cr\u00e9dit : Francesca Robitaille<\/strong><\/p><\/div>\n<p>&nbsp;<\/p>\n<p><strong>1- Quelle formation es-tu en train de suivre et o\u00f9 \u00e9tudies-tu?<\/strong><\/p>\n<p>Je fais mon B. Sc. en informatique et biologie \u00e0 l\u2019Universit\u00e9 McGill en ce moment.<\/p>\n<p>&nbsp;<\/p>\n<p><strong>2- Collaborer au projet des Horizons imaginaires, honn\u00eatement, \u00e7a t\u2019apporte quoi?<\/strong><\/p>\n<p>\u00c7a me donne l\u2019opportunit\u00e9 de continuer \u00e0 \u00e9crire en fran\u00e7ais et, en m\u00eame temps, d\u2019en apprendre davantage sur la science-fiction et le fantastique. Et honn\u00eatement, \u00e7a m\u2019apporte aussi des livres gratuits de temps en temps\u2026 !<\/p>\n<p>&nbsp;<\/p>\n<p><strong>3- Y a-t-il un endroit o\u00f9 tu pr\u00e9f\u00e8res lire?<\/strong><\/p>\n<p>\u00c0 la plage, surtout quand il fait trop froid pour nager et que la plage est d\u00e9serte.<\/p>\n<p>&nbsp;<\/p>\n<p><strong>4- Tu dois t\u2019enfermer dans un bunker anti-zombies pendant un an. Tu as droit \u00e0 cinq livres\u00a0: qu\u2019apportes-tu, sans trop r\u00e9fl\u00e9chir\u00a0parce qu\u2019il faut faire vite?<\/strong><\/p>\n<p><em>Station Eleven<\/em> d\u2019Emily St. John Mandel<br \/>\n<em>1984 <\/em>de George Orwell<br \/>\n<em>Good Omens<\/em> de Neil Gaiman et Terry Pratchett<br \/>\nUn livre de recettes<br \/>\nUn manuel de biologie (parce que c\u2019est lourd et que je pourrai l\u2019utiliser pour me d\u00e9fendre)<\/p>\n<p>&nbsp;<\/p>\n<p><strong>5- Si tu avais un super-pouvoir, ce serait lequel?<\/strong><\/p>\n<p>\u00catre capable de faire des lignes parfaitement droites sans utiliser de r\u00e8gle.<\/p>\n<p>&nbsp;<\/p>\n<hr \/>\n<p>&nbsp;<\/p>\n<p><strong>Articles d\u00e9j\u00e0 parus sur le blogue culturel des Horizons imaginaires<\/strong><\/p>\n<p>&nbsp;<\/p>\n<p><a href=\"http:\/\/www.marianopolis.edu\/horizonsimaginaires\/2018\/03\/31\/une-critique-holistique\/\" target=\"_blank\" rel=\"noopener\">Une critique holistique<\/a><\/p>\n<p><a href=\"http:\/\/www.marianopolis.edu\/horizonsimaginaires\/2017\/09\/24\/fortune-fatale\/\" target=\"_blank\" rel=\"noopener\">Fortune fatale<\/a><\/p>\n<p><a href=\"http:\/\/www.marianopolis.edu\/horizonsimaginaires\/2017\/05\/17\/galavant\/\" target=\"_blank\" rel=\"noopener\">Une s\u00e9rie t\u00e9l\u00e9 \u00abm\u00e9di\u00e9vale\u00bb, musicale et marrante: Galavant!<\/a><\/p>\n<p><a href=\"http:\/\/www.marianopolis.edu\/horizonsimaginaires\/2017\/04\/27\/et-si-la-magie-ne-resolvait-pas-tous-les-problemes\/\" target=\"_blank\" rel=\"noopener\">Et si la magie ne r\u00e9solvait pas tous les probl\u00e8mes?<\/a><\/p>\n","protected":false},"excerpt":{"rendered":"<p>&nbsp; &nbsp; 1- Quelle formation es-tu en train de suivre et o\u00f9 \u00e9tudies-tu? Je fais mon B. Sc. en informatique et biologie \u00e0 l\u2019Universit\u00e9 McGill en ce moment. &nbsp; 2- Collaborer au projet des Horizons imaginaires, honn\u00eatement, \u00e7a t\u2019apporte quoi? \u00c7a me donne l\u2019opportunit\u00e9 de continuer \u00e0 \u00e9crire en fran\u00e7ais et, en m\u00eame temps, d\u2019en [&hellip;]<\/p>\n","protected":false},"author":5,"featured_media":0,"parent":1580,"menu_order":0,"comment_status":"closed","ping_status":"closed","template":"","meta":{"_acf_changed":false,"footnotes":""},"class_list":["post-1625","page","type-page","status-publish","hentry"],"acf":[],"_links":{"self":[{"href":"https:\/\/www.marianopolis.edu\/horizonsimaginaires\/wp-json\/wp\/v2\/pages\/1625","targetHints":{"allow":["GET"]}}],"collection":[{"href":"https:\/\/www.marianopolis.edu\/horizonsimaginaires\/wp-json\/wp\/v2\/pages"}],"about":[{"href":"https:\/\/www.marianopolis.edu\/horizonsimaginaires\/wp-json\/wp\/v2\/types\/page"}],"author":[{"embeddable":true,"href":"https:\/\/www.marianopolis.edu\/horizonsimaginaires\/wp-json\/wp\/v2\/users\/5"}],"replies":[{"embeddable":true,"href":"https:\/\/www.marianopolis.edu\/horizonsimaginaires\/wp-json\/wp\/v2\/comments?post=1625"}],"version-history":[{"count":4,"href":"https:\/\/www.marianopolis.edu\/horizonsimaginaires\/wp-json\/wp\/v2\/pages\/1625\/revisions"}],"predecessor-version":[{"id":2116,"href":"https:\/\/www.marianopolis.edu\/horizonsimaginaires\/wp-json\/wp\/v2\/pages\/1625\/revisions\/2116"}],"up":[{"embeddable":true,"href":"https:\/\/www.marianopolis.edu\/horizonsimaginaires\/wp-json\/wp\/v2\/pages\/1580"}],"wp:attachment":[{"href":"https:\/\/www.marianopolis.edu\/horizonsimaginaires\/wp-json\/wp\/v2\/media?parent=1625"}],"curies":[{"name":"wp","href":"https:\/\/api.w.org\/{rel}","templated":true}]}}