{"id":1623,"date":"2017-09-23T11:44:22","date_gmt":"2017-09-23T15:44:22","guid":{"rendered":"http:\/\/www.marianopolis.edu\/horizonsimaginaires\/?page_id=1623"},"modified":"2018-07-13T18:38:06","modified_gmt":"2018-07-13T22:38:06","slug":"petit-questionnaire-de-francesca-robitaille","status":"publish","type":"page","link":"https:\/\/www.marianopolis.edu\/horizonsimaginaires\/nos-redacteurs\/petit-questionnaire-de-francesca-robitaille\/","title":{"rendered":"Petit questionnaire de&#8230; Francesca Robitaille!"},"content":{"rendered":"<p>&nbsp;<\/p>\n<div id=\"attachment_1689\" style=\"width: 710px\" class=\"wp-caption aligncenter\"><img loading=\"lazy\" decoding=\"async\" aria-describedby=\"caption-attachment-1689\" class=\"wp-image-1689\" src=\"http:\/\/www.marianopolis.edu\/horizonsimaginaires\/wp-content\/uploads\/2017\/09\/FullSizeRender-224x300.jpg\" alt=\"\" width=\"700\" height=\"939\" srcset=\"https:\/\/www.marianopolis.edu\/horizonsimaginaires\/wp-content\/uploads\/2017\/09\/FullSizeRender-224x300.jpg 224w, https:\/\/www.marianopolis.edu\/horizonsimaginaires\/wp-content\/uploads\/2017\/09\/FullSizeRender.jpg 750w\" sizes=\"auto, (max-width: 700px) 100vw, 700px\" \/><p id=\"caption-attachment-1689\" class=\"wp-caption-text\"><strong>Cr\u00e9dit : Ila Ghoshal<\/strong><\/p><\/div>\n<p>&nbsp;<\/p>\n<p><strong>1- Quelle formation es-tu en train de suivre et o\u00f9 \u00e9tudies-tu?<\/strong><\/p>\n<p>J&rsquo;\u00e9tudie en comptabilit\u00e9 \u00e0 la John Molson School of Business (\u00c9cole de gestion John-Molson).<\/p>\n<p>&nbsp;<\/p>\n<p><strong>2- Collaborer au projet des Horizons imaginaires, honn\u00eatement, \u00e7a t&rsquo;apporte quoi?<\/strong><\/p>\n<p>Je peux faire des lectures vari\u00e9es gr\u00e2ce au projet, et de belles d\u00e9couvertes.<\/p>\n<p>&nbsp;<\/p>\n<p><strong>3- Si tu avais un super-pouvoir, ce serait lequel?<\/strong><\/p>\n<p>Lire dans les pens\u00e9es des autres.<\/p>\n<p>&nbsp;<\/p>\n<p><strong>4- Qu&rsquo;est-ce qui peut t&rsquo;attirer vers une oeuvre dont tu n&rsquo;as jamais entendue parler avant?<\/strong><\/p>\n<p>Un synopsis intrigant, des personnages complexes et r\u00e9alistes et des th\u00e8mes pertinents qui se transposent dans la r\u00e9alit\u00e9, dans ce qu&rsquo;on vit r\u00e9ellement. Et une histoire qui ne donne pas l&rsquo;impression d\u2019avoir \u00e9t\u00e9 forc\u00e9e par l\u2019auteur\u2026<\/p>\n<p>&nbsp;<\/p>\n<p><strong>5- Y a-t-il un endroit o\u00f9 tu pr\u00e9f\u00e8res lire?<\/strong><\/p>\n<p>Non, tant que je suis seule.<\/p>\n<p>&nbsp;<\/p>\n<hr \/>\n<p>&nbsp;<\/p>\n<p><strong>Articles d\u00e9j\u00e0 parus sur le blogue culturel des Horizons imaginaires<\/strong><\/p>\n<p>&nbsp;<\/p>\n<p><a href=\"http:\/\/www.marianopolis.edu\/horizonsimaginaires\/2018\/07\/13\/2262\/\" target=\"_blank\" rel=\"noopener\">Une nouvelle cor\u00e9dactrice en chef : entretien avec Kate Sheckler<\/a><\/p>\n<p><a href=\"http:\/\/www.marianopolis.edu\/horizonsimaginaires\/2018\/02\/24\/linterface-entre-elles\/\" target=\"_blank\" rel=\"noopener\">L&rsquo;interface entre elles<\/a><\/p>\n<p><a href=\"http:\/\/www.marianopolis.edu\/horizonsimaginaires\/2017\/10\/28\/voir-rouge\/\" target=\"_blank\" rel=\"noopener\">Voir rouge?<\/a><\/p>\n<p><a href=\"http:\/\/www.marianopolis.edu\/horizonsimaginaires\/2017\/09\/23\/un-roman-qui-frappe-dans-le-noir\/\" target=\"_blank\" rel=\"noopener\">Un roman qui frappe dans le noir<\/a><\/p>\n<p><a href=\"http:\/\/www.marianopolis.edu\/horizonsimaginaires\/2017\/07\/26\/une-entrevue-avec-emmanuel-chastelliere-partie-2-de-2\/\" target=\"_blank\" rel=\"noopener\">Une entrevue avec Emmanuel Chastelli\u00e8re (partie 2 de 2)<\/a><\/p>\n<p><a href=\"http:\/\/www.marianopolis.edu\/horizonsimaginaires\/2017\/07\/19\/une-entrevue-avec-emmanuel-chastelliere-partie-1-de-2\/\" target=\"_blank\" rel=\"noopener\">Une entrevue avec Emmanuel Chastelli\u00e8re (partie 1 de 2)<\/a><\/p>\n<p><a href=\"http:\/\/www.marianopolis.edu\/horizonsimaginaires\/2017\/07\/12\/changer-davion-changer-de-monde\/\" target=\"_blank\" rel=\"noopener\">Changer d&rsquo;avion, changer de monde?<\/a><\/p>\n<p><a href=\"http:\/\/www.marianopolis.edu\/horizonsimaginaires\/2017\/05\/17\/galavant\/\" target=\"_blank\" rel=\"noopener\">Une s\u00e9rie t\u00e9l\u00e9 \u00abm\u00e9di\u00e9vale\u00bb, musicale et marrante: Galavant!<\/a><\/p>\n<p><a href=\"http:\/\/www.marianopolis.edu\/horizonsimaginaires\/2017\/04\/21\/lancement-dans-3-2-1-decollage-des-horizons-imaginaires\/\" target=\"_blank\" rel=\"noopener\">R\u00e9union des dix ans \u00e0 Poudlard<\/a><\/p>\n","protected":false},"excerpt":{"rendered":"<p>&nbsp; &nbsp; 1- Quelle formation es-tu en train de suivre et o\u00f9 \u00e9tudies-tu? J&rsquo;\u00e9tudie en comptabilit\u00e9 \u00e0 la John Molson School of Business (\u00c9cole de gestion John-Molson). &nbsp; 2- Collaborer au projet des Horizons imaginaires, honn\u00eatement, \u00e7a t&rsquo;apporte quoi? Je peux faire des lectures vari\u00e9es gr\u00e2ce au projet, et de belles d\u00e9couvertes. &nbsp; 3- Si [&hellip;]<\/p>\n","protected":false},"author":5,"featured_media":0,"parent":1580,"menu_order":0,"comment_status":"closed","ping_status":"closed","template":"","meta":{"_acf_changed":false,"footnotes":""},"class_list":["post-1623","page","type-page","status-publish","hentry"],"acf":[],"_links":{"self":[{"href":"https:\/\/www.marianopolis.edu\/horizonsimaginaires\/wp-json\/wp\/v2\/pages\/1623","targetHints":{"allow":["GET"]}}],"collection":[{"href":"https:\/\/www.marianopolis.edu\/horizonsimaginaires\/wp-json\/wp\/v2\/pages"}],"about":[{"href":"https:\/\/www.marianopolis.edu\/horizonsimaginaires\/wp-json\/wp\/v2\/types\/page"}],"author":[{"embeddable":true,"href":"https:\/\/www.marianopolis.edu\/horizonsimaginaires\/wp-json\/wp\/v2\/users\/5"}],"replies":[{"embeddable":true,"href":"https:\/\/www.marianopolis.edu\/horizonsimaginaires\/wp-json\/wp\/v2\/comments?post=1623"}],"version-history":[{"count":8,"href":"https:\/\/www.marianopolis.edu\/horizonsimaginaires\/wp-json\/wp\/v2\/pages\/1623\/revisions"}],"predecessor-version":[{"id":2271,"href":"https:\/\/www.marianopolis.edu\/horizonsimaginaires\/wp-json\/wp\/v2\/pages\/1623\/revisions\/2271"}],"up":[{"embeddable":true,"href":"https:\/\/www.marianopolis.edu\/horizonsimaginaires\/wp-json\/wp\/v2\/pages\/1580"}],"wp:attachment":[{"href":"https:\/\/www.marianopolis.edu\/horizonsimaginaires\/wp-json\/wp\/v2\/media?parent=1623"}],"curies":[{"name":"wp","href":"https:\/\/api.w.org\/{rel}","templated":true}]}}