{"id":1621,"date":"2017-09-23T11:44:03","date_gmt":"2017-09-23T15:44:03","guid":{"rendered":"http:\/\/www.marianopolis.edu\/horizonsimaginaires\/?page_id=1621"},"modified":"2018-03-09T16:46:53","modified_gmt":"2018-03-09T21:46:53","slug":"petit-questionnaire-de-dorsa-afshin","status":"publish","type":"page","link":"https:\/\/www.marianopolis.edu\/horizonsimaginaires\/nos-redacteurs\/petit-questionnaire-de-dorsa-afshin\/","title":{"rendered":"Petit questionnaire de&#8230; Dorsa Afshin!"},"content":{"rendered":"<p>&nbsp;<\/p>\n<div id=\"attachment_1781\" style=\"width: 710px\" class=\"wp-caption aligncenter\"><img loading=\"lazy\" decoding=\"async\" aria-describedby=\"caption-attachment-1781\" class=\"wp-image-1781\" src=\"http:\/\/www.marianopolis.edu\/horizonsimaginaires\/wp-content\/uploads\/2017\/09\/Dorsa_Afshin_-_cre_dit_Sabina_Roman-200x300.jpg\" alt=\"\" width=\"700\" height=\"1050\" srcset=\"https:\/\/www.marianopolis.edu\/horizonsimaginaires\/wp-content\/uploads\/2017\/09\/Dorsa_Afshin_-_cre_dit_Sabina_Roman-200x300.jpg 200w, https:\/\/www.marianopolis.edu\/horizonsimaginaires\/wp-content\/uploads\/2017\/09\/Dorsa_Afshin_-_cre_dit_Sabina_Roman-768x1152.jpg 768w, https:\/\/www.marianopolis.edu\/horizonsimaginaires\/wp-content\/uploads\/2017\/09\/Dorsa_Afshin_-_cre_dit_Sabina_Roman-683x1024.jpg 683w, https:\/\/www.marianopolis.edu\/horizonsimaginaires\/wp-content\/uploads\/2017\/09\/Dorsa_Afshin_-_cre_dit_Sabina_Roman.jpg 1365w\" sizes=\"auto, (max-width: 700px) 100vw, 700px\" \/><p id=\"caption-attachment-1781\" class=\"wp-caption-text\"><strong>Cr\u00e9dit: Sabina Roman<\/strong><\/p><\/div>\n<p>&nbsp;<\/p>\n<p><strong>1- Quelle formation es-tu en train de suivre et o\u00f9 \u00e9tudies-tu? <\/strong><\/p>\n<p>En ce moment, j\u2019en suis \u00e0 ma deuxi\u00e8me (et esp\u00e9rons-le, la derni\u00e8re!) de c\u00e9gep dans le programme de Sciences de la Sant\u00e9 \u00e0 Marianopolis.<\/p>\n<p>&nbsp;<\/p>\n<p><strong>2- Collaborer au projet des Horizons imaginaires, honn\u00eatement, \u00e7a t\u2019apporte quoi?<\/strong><\/p>\n<p>\u00c7a am\u00e9liore \u00e9norm\u00e9ment mon \u00e9criture en fran\u00e7ais, mais ce n\u2019est pas la seule raison pourquoi je me suis embarqu\u00e9e l\u00e0-dedans. J\u2019ai toujours aim\u00e9 la science-fiction et le fantastique, et maintenant, j\u2019ai la chance de c\u00f4toyer des personnes merveilleuses qui partagent cette passion, en plus de d\u00e9couvrir davantage d\u2019\u0153uvres de ces genres.<\/p>\n<p>&nbsp;<\/p>\n<p><strong>3- Quels sont tes genres de l\u2019imaginaire favoris? Pourquoi les pr\u00e9f\u00e8res-tu aux autres?<\/strong><\/p>\n<p>J\u2019adore la science-fiction, et c\u2019est l\u2019une des raisons pourquoi je suis tomb\u00e9e en amour avec la s\u00e9rie <em>Black Mirror<\/em>. J\u2019aime vraiment les sciences \u00e0 la base, et le genre SF les exploite bien et en int\u00e8gre des bouts dans les \u0153uvres; m\u00eame si beaucoup d\u2019\u00e9l\u00e9ments y sont fictifs, tout a une explication, tout est relativement logique.<\/p>\n<p>&nbsp;<\/p>\n<p><strong>4- Si tu avais \u00e0 choisir entre un film, un livre ou un jeu, que choisirais-tu? Pourquoi?<\/strong><\/p>\n<p>\u00abMalheureusement\u00bb, je choisirais un film. M\u00eame si les films ne saisissent pas la m\u00eame essence et ne laissent pas autant de place \u00e0 l\u2019imagination individuelle, le cin\u00e9ma est quelque chose que j\u2019appr\u00e9cie \u00e9norm\u00e9ment, et j\u2019admire la beaut\u00e9 que les images peuvent capturer et les \u00e9motions que l\u2019on peut ressentir gr\u00e2ce au r\u00e9cit et au jeu des acteurs lorsqu\u2019ils sont bons.<\/p>\n<p>&nbsp;<\/p>\n<p><strong>5- Y a-t-il un endroit o\u00f9 tu pr\u00e9f\u00e8res lire?<\/strong><\/p>\n<p>J\u2019adore lire \u00e0 l\u2019ext\u00e9rieur, mais puisqu\u2019on vit au Qu\u00e9bec, cela n\u2019est pas toujours possible&#8230;<\/p>\n<p>&nbsp;<\/p>\n<p><strong>6- Qu\u2019est-ce qui te fait le plus peur? <\/strong><\/p>\n<p>\u00catre coinc\u00e9e dans des espaces un peu trop serr\u00e9s est la chose que je d\u00e9teste le plus. Je me sens \u00e9touff\u00e9e, et ce n\u2019est pas exactement agr\u00e9able.<\/p>\n<p>&nbsp;<\/p>\n<p><strong>7- Quel est ton plaisir coupable, c\u00f4t\u00e9 litt\u00e9rature, cin\u00e9ma, etc.? <\/strong><\/p>\n<p>J\u2019ai commenc\u00e9 \u00e0 r\u00e9\u00e9couter <em>Ramdam<\/em> il n\u2019y a pas longtemps, et m\u00eame si cette s\u00e9rie ado est compl\u00e8tement ridicule, \u00e7a me divertit beaucoup! Mais je sens quelques-unes de mes neurones mourir en m\u00eame temps&#8230;<\/p>\n<p>&nbsp;<\/p>\n<hr \/>\n<p>&nbsp;<\/p>\n<p><strong>Articles d\u00e9j\u00e0 parus sur le blogue culturel des Horizons imaginaires<\/strong><\/p>\n<p>&nbsp;<\/p>\n<p><a href=\"http:\/\/www.marianopolis.edu\/horizonsimaginaires\/2018\/03\/09\/black-mirror-entre-pessimisme-pur-et-prediction-du-futur\/\" target=\"_blank\" rel=\"noopener\">Black Mirror : entre pessimisme pur et pr\u00e9diction du futur<\/a><\/p>\n<p><a href=\"http:\/\/www.marianopolis.edu\/horizonsimaginaires\/2017\/10\/05\/plus-rudes-que-nos-hivers-actuels-des-hivers-nucleaires\/\" target=\"_blank\" rel=\"noopener\">Plus rudes que nos hivers actuels: des hivers nucl\u00e9aires!<\/a><\/p>\n<p><a href=\"http:\/\/www.marianopolis.edu\/horizonsimaginaires\/2017\/09\/27\/aliss-au-montreal-des-merveilles\/\" target=\"_blank\" rel=\"noopener\">Aliss au Montr\u00e9al des merveilles<\/a><\/p>\n<p><a href=\"http:\/\/www.marianopolis.edu\/horizonsimaginaires\/2017\/04\/21\/lacademie-des-chasseurs-de-primes-un-vrai-plaisir-pour-les-yeux\/\" target=\"_blank\" rel=\"noopener\">L&rsquo;Acad\u00e9mie des chasseurs de primes, un vrai plaisir pour les yeux<\/a><\/p>\n","protected":false},"excerpt":{"rendered":"<p>&nbsp; &nbsp; 1- Quelle formation es-tu en train de suivre et o\u00f9 \u00e9tudies-tu? En ce moment, j\u2019en suis \u00e0 ma deuxi\u00e8me (et esp\u00e9rons-le, la derni\u00e8re!) de c\u00e9gep dans le programme de Sciences de la Sant\u00e9 \u00e0 Marianopolis. &nbsp; 2- Collaborer au projet des Horizons imaginaires, honn\u00eatement, \u00e7a t\u2019apporte quoi? \u00c7a am\u00e9liore \u00e9norm\u00e9ment mon \u00e9criture en [&hellip;]<\/p>\n","protected":false},"author":5,"featured_media":0,"parent":1580,"menu_order":0,"comment_status":"closed","ping_status":"closed","template":"","meta":{"_acf_changed":false,"footnotes":""},"class_list":["post-1621","page","type-page","status-publish","hentry"],"acf":[],"_links":{"self":[{"href":"https:\/\/www.marianopolis.edu\/horizonsimaginaires\/wp-json\/wp\/v2\/pages\/1621","targetHints":{"allow":["GET"]}}],"collection":[{"href":"https:\/\/www.marianopolis.edu\/horizonsimaginaires\/wp-json\/wp\/v2\/pages"}],"about":[{"href":"https:\/\/www.marianopolis.edu\/horizonsimaginaires\/wp-json\/wp\/v2\/types\/page"}],"author":[{"embeddable":true,"href":"https:\/\/www.marianopolis.edu\/horizonsimaginaires\/wp-json\/wp\/v2\/users\/5"}],"replies":[{"embeddable":true,"href":"https:\/\/www.marianopolis.edu\/horizonsimaginaires\/wp-json\/wp\/v2\/comments?post=1621"}],"version-history":[{"count":5,"href":"https:\/\/www.marianopolis.edu\/horizonsimaginaires\/wp-json\/wp\/v2\/pages\/1621\/revisions"}],"predecessor-version":[{"id":2093,"href":"https:\/\/www.marianopolis.edu\/horizonsimaginaires\/wp-json\/wp\/v2\/pages\/1621\/revisions\/2093"}],"up":[{"embeddable":true,"href":"https:\/\/www.marianopolis.edu\/horizonsimaginaires\/wp-json\/wp\/v2\/pages\/1580"}],"wp:attachment":[{"href":"https:\/\/www.marianopolis.edu\/horizonsimaginaires\/wp-json\/wp\/v2\/media?parent=1621"}],"curies":[{"name":"wp","href":"https:\/\/api.w.org\/{rel}","templated":true}]}}