{"id":1617,"date":"2017-09-23T11:43:18","date_gmt":"2017-09-23T15:43:18","guid":{"rendered":"http:\/\/www.marianopolis.edu\/horizonsimaginaires\/?page_id=1617"},"modified":"2018-02-02T20:16:50","modified_gmt":"2018-02-03T01:16:50","slug":"petit-questionnaire-de-amalia-greve-danielsen","status":"publish","type":"page","link":"https:\/\/www.marianopolis.edu\/horizonsimaginaires\/nos-redacteurs\/petit-questionnaire-de-amalia-greve-danielsen\/","title":{"rendered":"Petit questionnaire de&#8230; Amalia Greve Danielsen!"},"content":{"rendered":"<p>&nbsp;<\/p>\n<div id=\"attachment_1821\" style=\"width: 710px\" class=\"wp-caption aligncenter\"><img loading=\"lazy\" decoding=\"async\" aria-describedby=\"caption-attachment-1821\" class=\"wp-image-1821\" src=\"http:\/\/www.marianopolis.edu\/horizonsimaginaires\/wp-content\/uploads\/2017\/09\/cre_dit_photo_Thor_Greve_Danielsen-206x300.jpg\" alt=\"\" width=\"700\" height=\"1019\" srcset=\"https:\/\/www.marianopolis.edu\/horizonsimaginaires\/wp-content\/uploads\/2017\/09\/cre_dit_photo_Thor_Greve_Danielsen-206x300.jpg 206w, https:\/\/www.marianopolis.edu\/horizonsimaginaires\/wp-content\/uploads\/2017\/09\/cre_dit_photo_Thor_Greve_Danielsen-768x1118.jpg 768w, https:\/\/www.marianopolis.edu\/horizonsimaginaires\/wp-content\/uploads\/2017\/09\/cre_dit_photo_Thor_Greve_Danielsen-703x1024.jpg 703w, https:\/\/www.marianopolis.edu\/horizonsimaginaires\/wp-content\/uploads\/2017\/09\/cre_dit_photo_Thor_Greve_Danielsen.jpg 1211w\" sizes=\"auto, (max-width: 700px) 100vw, 700px\" \/><p id=\"caption-attachment-1821\" class=\"wp-caption-text\"><strong>Cr\u00e9dit: Thor Greve Danielsen<\/strong><\/p><\/div>\n<p>&nbsp;<\/p>\n<p><strong>1- Quelle formation es-tu en train de suivre et o\u00f9 \u00e9tudies-tu?<\/strong><\/p>\n<p>Je suis en Sciences humaines au Coll\u00e8ge Marianopolis.<\/p>\n<p>&nbsp;<\/p>\n<p><strong>2- Collaborer au projet des Horizons imaginaires, honn\u00eatement, \u00e7a t\u2019apporte quoi?<\/strong><\/p>\n<p>Depuis que j\u2019ai rejoint le projet des Horizons imaginaires, je d\u00e9couvre \u00e9norm\u00e9ment d\u2019\u0153uvres francophones, ce que j\u2019adore, puisque pendant un moment, je ne lisais presque rien d\u2019autre que des \u0153uvres anglo-saxonnes. Aussi, je peux pratiquer l\u2019\u00e9criture, une activit\u00e9 que j\u2019aime beaucoup!<\/p>\n<p>&nbsp;<\/p>\n<p><strong>3- Que ce soit pour des livres, des films ou des jeux, c\u00f4t\u00e9 langue, es-tu plut\u00f4t version originale ou traduction? En fran\u00e7ais, en anglais ou autre?<\/strong><\/p>\n<p>Je pr\u00e9f\u00e8re de loin la version originale! Si elles ne sont pas originalement en fran\u00e7ais ou en anglais, j\u2019\u00e9coute mes \u00e9missions avec les sous-titres. Par contre, lorsque je ne peux pas lire une \u0153uvre dans sa version originale, \u00e7a m\u2019importe peu que ce soit traduit en fran\u00e7ais ou en anglais.<\/p>\n<p>&nbsp;<\/p>\n<p><strong>4- Y a-t-il un endroit o\u00f9 tu pr\u00e9f\u00e8res lire? <\/strong><\/p>\n<p>Mon endroit pr\u00e9f\u00e9r\u00e9 pour lire est sous le gazebo, pieds nus quand il fait chaud dehors! :3<\/p>\n<p>&nbsp;<\/p>\n<p><strong>5- Tu dois t\u2019enfermer dans un bunker anti-zombies pendant un an. Tu as droit \u00e0 cinq livres: qu\u2019apportes-tu, sans trop r\u00e9fl\u00e9chir parce qu\u2019il faut faire vite?<\/strong><\/p>\n<p>Hum\u2026 J\u2019apporterai\u00a0:<\/p>\n<p>&#8211; <em>Qui es-tu Alaska? <\/em>de John Green<\/p>\n<p><em>&#8211; La Horde du Contrevent<\/em> d\u2019Alain Damasio<\/p>\n<p>&#8211; <em>Le Ch\u00e2teau de Hurle <\/em>de Diana Wynne Jones<\/p>\n<p>&#8211; <em>Le Nom du vent <\/em>de Patrick Rothfuss<\/p>\n<p>&#8211; Le tome 1 du<em> Gar\u00e7on d\u2019\u00e0 c\u00f4t\u00e9<\/em> de Robico<\/p>\n<p>&nbsp;<\/p>\n<hr \/>\n<p>&nbsp;<\/p>\n<p><strong>Articles d\u00e9j\u00e0 parus sur le blogue culturel des Horizons imaginaires<\/strong><\/p>\n<p>&nbsp;<\/p>\n<p><a href=\"http:\/\/www.marianopolis.edu\/horizonsimaginaires\/2018\/02\/02\/absorbant-et-seul-en-son-genre-le-jeu-du-demiurge-partie-2\/\" target=\"_blank\" rel=\"noopener\">Absorbant et seul en son genre\u00a0: Le Jeu du D\u00e9miurge (Partie 2)<\/a><\/p>\n<p><a href=\"http:\/\/www.marianopolis.edu\/horizonsimaginaires\/2017\/11\/03\/absorbant-et-seul-son-genre-le-jeu-du-demiurge\/\" target=\"_blank\" rel=\"noopener\">Absorbant et seul en son genre\u00a0: Le Jeu du D\u00e9miurge (Partie 1)<\/a><\/p>\n<p><a href=\"http:\/\/www.marianopolis.edu\/horizonsimaginaires\/2017\/10\/13\/1876\/\" target=\"_blank\" rel=\"noopener\">Chronique sur Mutafukaz de Shoujirou Nishimi et Guillaume Renard (Festival du nouveau cin\u00e9ma)<\/a><\/p>\n<p><a href=\"http:\/\/www.marianopolis.edu\/horizonsimaginaires\/2017\/10\/03\/un-parcours-touristique-pour-decouvrir-limaginaire-a-montreal\/\" target=\"_blank\" rel=\"noopener\">Un parcours touristique pour d\u00e9couvrir l&rsquo;imaginaire \u00e0 Montr\u00e9al (collectif)<\/a><\/p>\n<p><a href=\"http:\/\/www.marianopolis.edu\/horizonsimaginaires\/2017\/06\/07\/un-manga-amusant-aux-personnages-diversifies\/\" target=\"_blank\" rel=\"noopener\">Un manga amusant, aux personnages diversifi\u00e9s!<\/a><\/p>\n<p><a href=\"http:\/\/www.marianopolis.edu\/horizonsimaginaires\/2017\/04\/22\/des-aventures-epiques-a-luniversite\/\" target=\"_blank\" rel=\"noopener\">Des aventures \u00e9piques! (&#8230; \u00e0 l&rsquo;universit\u00e9?)<\/a><\/p>\n","protected":false},"excerpt":{"rendered":"<p>&nbsp; &nbsp; 1- Quelle formation es-tu en train de suivre et o\u00f9 \u00e9tudies-tu? Je suis en Sciences humaines au Coll\u00e8ge Marianopolis. &nbsp; 2- Collaborer au projet des Horizons imaginaires, honn\u00eatement, \u00e7a t\u2019apporte quoi? Depuis que j\u2019ai rejoint le projet des Horizons imaginaires, je d\u00e9couvre \u00e9norm\u00e9ment d\u2019\u0153uvres francophones, ce que j\u2019adore, puisque pendant un moment, je [&hellip;]<\/p>\n","protected":false},"author":5,"featured_media":0,"parent":1580,"menu_order":0,"comment_status":"closed","ping_status":"closed","template":"","meta":{"_acf_changed":false,"footnotes":""},"class_list":["post-1617","page","type-page","status-publish","hentry"],"acf":[],"_links":{"self":[{"href":"https:\/\/www.marianopolis.edu\/horizonsimaginaires\/wp-json\/wp\/v2\/pages\/1617","targetHints":{"allow":["GET"]}}],"collection":[{"href":"https:\/\/www.marianopolis.edu\/horizonsimaginaires\/wp-json\/wp\/v2\/pages"}],"about":[{"href":"https:\/\/www.marianopolis.edu\/horizonsimaginaires\/wp-json\/wp\/v2\/types\/page"}],"author":[{"embeddable":true,"href":"https:\/\/www.marianopolis.edu\/horizonsimaginaires\/wp-json\/wp\/v2\/users\/5"}],"replies":[{"embeddable":true,"href":"https:\/\/www.marianopolis.edu\/horizonsimaginaires\/wp-json\/wp\/v2\/comments?post=1617"}],"version-history":[{"count":8,"href":"https:\/\/www.marianopolis.edu\/horizonsimaginaires\/wp-json\/wp\/v2\/pages\/1617\/revisions"}],"predecessor-version":[{"id":2037,"href":"https:\/\/www.marianopolis.edu\/horizonsimaginaires\/wp-json\/wp\/v2\/pages\/1617\/revisions\/2037"}],"up":[{"embeddable":true,"href":"https:\/\/www.marianopolis.edu\/horizonsimaginaires\/wp-json\/wp\/v2\/pages\/1580"}],"wp:attachment":[{"href":"https:\/\/www.marianopolis.edu\/horizonsimaginaires\/wp-json\/wp\/v2\/media?parent=1617"}],"curies":[{"name":"wp","href":"https:\/\/api.w.org\/{rel}","templated":true}]}}