{"id":1615,"date":"2017-09-23T11:42:55","date_gmt":"2017-09-23T15:42:55","guid":{"rendered":"http:\/\/www.marianopolis.edu\/horizonsimaginaires\/?page_id=1615"},"modified":"2017-11-25T10:45:07","modified_gmt":"2017-11-25T15:45:07","slug":"petit-questionnaire-de-alina-orza","status":"publish","type":"page","link":"https:\/\/www.marianopolis.edu\/horizonsimaginaires\/nos-redacteurs\/petit-questionnaire-de-alina-orza\/","title":{"rendered":"Petit questionnaire de&#8230; Alina Orza!"},"content":{"rendered":"<p>&nbsp;<\/p>\n<div id=\"attachment_1724\" style=\"width: 710px\" class=\"wp-caption aligncenter\"><img loading=\"lazy\" decoding=\"async\" aria-describedby=\"caption-attachment-1724\" class=\"wp-image-1724\" src=\"http:\/\/www.marianopolis.edu\/horizonsimaginaires\/wp-content\/uploads\/2017\/09\/alina_1_1024-300x225.jpg\" alt=\"\" width=\"700\" height=\"525\" srcset=\"https:\/\/www.marianopolis.edu\/horizonsimaginaires\/wp-content\/uploads\/2017\/09\/alina_1_1024-300x225.jpg 300w, https:\/\/www.marianopolis.edu\/horizonsimaginaires\/wp-content\/uploads\/2017\/09\/alina_1_1024-768x576.jpg 768w, https:\/\/www.marianopolis.edu\/horizonsimaginaires\/wp-content\/uploads\/2017\/09\/alina_1_1024.jpg 1024w\" sizes=\"auto, (max-width: 700px) 100vw, 700px\" \/><p id=\"caption-attachment-1724\" class=\"wp-caption-text\"><strong>Cr\u00e9dit : Alina Orza<\/strong><\/p><\/div>\n<p>&nbsp;<\/p>\n<p><strong>1- Quelle formation es-tu en train de suivre et o\u00f9 \u00e9tudies-tu?<\/strong><\/p>\n<p>Je suis une \u00e9tudiante de deuxi\u00e8me ann\u00e9e en sciences de la sant\u00e9 au Coll\u00e8ge Marianopolis.<\/p>\n<p><strong>\u00a0<\/strong><\/p>\n<p><strong>2- Collaborer au projet des Horizons imaginaires, honn\u00eatement, \u00e7a t\u2019apporte quoi?<\/strong><\/p>\n<p>Je suis une grande lectrice par nature, et j\u2019ai toujours ador\u00e9 les genres de l\u2019imaginaire. Les Horizons imaginaires, \u00e7a me permet de partager mes impressions sur mes lectures, ainsi que faire partie d\u2019une communaut\u00e9 qui partage mes int\u00e9r\u00eats, avec qui je peux \u00e9changer. Les Horizons imaginaires m\u2019ont permis de d\u00e9couvrir un monde litt\u00e9raire dont je n\u2019avais pas connaissance jusqu\u2019\u00e0 tout r\u00e9cemment, et j\u2019ai encore beaucoup \u00e0 explorer!<\/p>\n<p><strong>\u00a0<\/strong><\/p>\n<p><strong>3- Quels sont tes genres de l\u2019imaginaire favoris? Pourquoi les pr\u00e9f\u00e8res-tu aux autres?<\/strong><\/p>\n<p>J\u2019adore la fantasy, mais plus pr\u00e9cis\u00e9ment la high fantasy. J\u2019adore lire \u00e0 propos de personnages fantastiques, de pouvoirs magiques, de cr\u00e9atures inconnues; j\u2019aime explorer et me perdre dans un monde que je ne connais pas (parce que je n\u2019arrive jamais \u00e0 me rep\u00e9rer dans les mondes imaginaires s\u2019il n\u2019y a pas une carte au d\u00e9but du roman\u2026 je donne un F- \u00e0 mon sens de l\u2019orientation)! <em>Shoutout<\/em> \u00e0 une des premi\u00e8res s\u00e9ries de HF que j\u2019ai lues, <em>Le dernier royaume <\/em>de Morgan Rhodes, pour m\u2019avoir rendue totalement accro\u2026<\/p>\n<p>J\u2019aime aussi la science-fiction, mais il ne m\u2019arrive que tr\u00e8s rarement de trouver une s\u00e9rie de science-fiction qui m\u2019accroche. Je suis ouverte aux suggestions!<\/p>\n<p><strong>\u00a0<\/strong><\/p>\n<p><strong>4- Est-ce qu\u2019il y a une \u0153uvre qui t\u2019a rendue accro \u00e0 l\u2019imaginaire? \u00c7a raconte quoi?<\/strong><\/p>\n<p>Comme tous les accros \u00e0 l\u2019imaginaire, j\u2019ai lu la s\u00e9rie des <em>Harry Potter<\/em> tr\u00e8s jeune et je l\u2019ai ador\u00e9e. Mais s\u2019il y a une s\u00e9rie qui m\u2019a fait tomber follement en amour avec les genres de l\u2019imaginaire, c\u2019est <em>Percy Jackson et les Olympiens<\/em> par Rick Riordan. Pour r\u00e9sumer grossi\u00e8rement, c\u2019est l\u2019histoire d\u2019un gar\u00e7on qui d\u00e9couvre qu\u2019il est le fils du dieu grec Pos\u00e9idon. Avec ses amis Annabeth et Grover, il part souvent dans des qu\u00eates dont d\u00e9pendent souvent la survie de l\u2019humanit\u00e9, rencontrant en cours de route des cr\u00e9atures mythologiques et des dieux grecs\u2026 J\u2019essaie de convaincre mon fr\u00e8re de le lire, mais il s\u2019obstine \u00e0 refuser. Je vais finir par le convaincre, ne vous inqui\u00e9tez pas\u2026<\/p>\n<p><strong>\u00a0<\/strong><\/p>\n<p><strong>6- Y a-t-il un endroit o\u00f9 tu pr\u00e9f\u00e8res lire?<\/strong><\/p>\n<p>Dans mon lit, emmitoufl\u00e9e dans ma couverture, une tasse de lait au chocolat \u00e0 port\u00e9e de main.<\/p>\n<p><strong>\u00a0<\/strong><\/p>\n<p><strong>7- Qu\u2019\u00e9coutes-tu pendant que tu lis?<\/strong><\/p>\n<p>J\u2019\u00e9coute de la musique classique, surtout. Parfois, j\u2019\u00e9coute de la musique acoustique. Je ne peux pas me concentrer sur ma lecture si j\u2019\u00e9coute de la musique avec des paroles&#8230;<\/p>\n<p><strong>\u00a0<\/strong><\/p>\n<p><strong>8- Qu\u2019est-ce qui peut te pousser \u00e0 ne plus continuer un livre ou un film?<\/strong><\/p>\n<p>Dans ma vie, je n\u2019ai pas laiss\u00e9 tomber beaucoup de livres. Ceux que j\u2019ai abandonn\u00e9s, c\u2019\u00e9tait soit parce que je d\u00e9testais les personnages principaux, soit parce que l\u2019intrigue \u00e9tait trop lente. Une fois, j\u2019ai abandonn\u00e9 un livre parce que l\u2019intrigue se d\u00e9roulait en Roumanie, mon pays d\u2019origine, et je ne pouvais pas supporter la fa\u00e7on dont l\u2019auteur avait massacr\u00e9 ma culture et ma langue!<\/p>\n<p>&nbsp;<\/p>\n<hr \/>\n<p>&nbsp;<\/p>\n<p><strong>Articles d\u00e9j\u00e0 parus sur le blogue culturel des Horizons imaginaires<\/strong><\/p>\n<p>&nbsp;<\/p>\n<p><a href=\"http:\/\/www.marianopolis.edu\/horizonsimaginaires\/2017\/10\/01\/quoi-quoi-quoiquoiquoi-quoi\/\" target=\"_blank\" rel=\"noopener\">Quoi? Quoi? Quoiquoiquoi? QUOI?!<\/a><\/p>\n<p><a href=\"http:\/\/www.marianopolis.edu\/horizonsimaginaires\/2017\/09\/25\/les-fantomes-du-mont-royal\/\" target=\"_blank\" rel=\"noopener\">Les fant\u00f4mes du Mont-Royal<\/a><\/p>\n<p><a href=\"http:\/\/www.marianopolis.edu\/horizonsimaginaires\/2017\/06\/21\/une-spirale-a-travers-le-temps\/\" target=\"_blank\" rel=\"noopener\">Une spirale \u00e0 travers le temps&#8230;<\/a><\/p>\n<p><a href=\"http:\/\/www.marianopolis.edu\/horizonsimaginaires\/2017\/04\/24\/la-face-cachee-de-la-magie\/\" target=\"_blank\" rel=\"noopener\">La face cach\u00e9e de la magie<\/a><\/p>\n","protected":false},"excerpt":{"rendered":"<p>&nbsp; &nbsp; 1- Quelle formation es-tu en train de suivre et o\u00f9 \u00e9tudies-tu? Je suis une \u00e9tudiante de deuxi\u00e8me ann\u00e9e en sciences de la sant\u00e9 au Coll\u00e8ge Marianopolis. \u00a0 2- Collaborer au projet des Horizons imaginaires, honn\u00eatement, \u00e7a t\u2019apporte quoi? Je suis une grande lectrice par nature, et j\u2019ai toujours ador\u00e9 les genres de l\u2019imaginaire. [&hellip;]<\/p>\n","protected":false},"author":5,"featured_media":0,"parent":1580,"menu_order":0,"comment_status":"closed","ping_status":"closed","template":"","meta":{"_acf_changed":false,"footnotes":""},"class_list":["post-1615","page","type-page","status-publish","hentry"],"acf":[],"_links":{"self":[{"href":"https:\/\/www.marianopolis.edu\/horizonsimaginaires\/wp-json\/wp\/v2\/pages\/1615","targetHints":{"allow":["GET"]}}],"collection":[{"href":"https:\/\/www.marianopolis.edu\/horizonsimaginaires\/wp-json\/wp\/v2\/pages"}],"about":[{"href":"https:\/\/www.marianopolis.edu\/horizonsimaginaires\/wp-json\/wp\/v2\/types\/page"}],"author":[{"embeddable":true,"href":"https:\/\/www.marianopolis.edu\/horizonsimaginaires\/wp-json\/wp\/v2\/users\/5"}],"replies":[{"embeddable":true,"href":"https:\/\/www.marianopolis.edu\/horizonsimaginaires\/wp-json\/wp\/v2\/comments?post=1615"}],"version-history":[{"count":6,"href":"https:\/\/www.marianopolis.edu\/horizonsimaginaires\/wp-json\/wp\/v2\/pages\/1615\/revisions"}],"predecessor-version":[{"id":1995,"href":"https:\/\/www.marianopolis.edu\/horizonsimaginaires\/wp-json\/wp\/v2\/pages\/1615\/revisions\/1995"}],"up":[{"embeddable":true,"href":"https:\/\/www.marianopolis.edu\/horizonsimaginaires\/wp-json\/wp\/v2\/pages\/1580"}],"wp:attachment":[{"href":"https:\/\/www.marianopolis.edu\/horizonsimaginaires\/wp-json\/wp\/v2\/media?parent=1615"}],"curies":[{"name":"wp","href":"https:\/\/api.w.org\/{rel}","templated":true}]}}