{"id":1609,"date":"2017-09-23T11:41:36","date_gmt":"2017-09-23T15:41:36","guid":{"rendered":"http:\/\/www.marianopolis.edu\/horizonsimaginaires\/?page_id=1609"},"modified":"2018-03-03T21:07:41","modified_gmt":"2018-03-04T02:07:41","slug":"petit-questionnaire-de-adario-chirgwin-dasgupta","status":"publish","type":"page","link":"https:\/\/www.marianopolis.edu\/horizonsimaginaires\/nos-redacteurs\/petit-questionnaire-de-adario-chirgwin-dasgupta\/","title":{"rendered":"Petit questionnaire de&#8230; Adario Chirgwin-Dasgupta!"},"content":{"rendered":"<p>&nbsp;<\/p>\n<div id=\"attachment_1753\" style=\"width: 710px\" class=\"wp-caption aligncenter\"><img loading=\"lazy\" decoding=\"async\" aria-describedby=\"caption-attachment-1753\" class=\"wp-image-1753\" src=\"http:\/\/www.marianopolis.edu\/horizonsimaginaires\/wp-content\/uploads\/2017\/09\/Adario-264x300.jpg\" alt=\"\" width=\"700\" height=\"797\" srcset=\"https:\/\/www.marianopolis.edu\/horizonsimaginaires\/wp-content\/uploads\/2017\/09\/Adario-264x300.jpg 264w, https:\/\/www.marianopolis.edu\/horizonsimaginaires\/wp-content\/uploads\/2017\/09\/Adario.jpg 578w\" sizes=\"auto, (max-width: 700px) 100vw, 700px\" \/><p id=\"caption-attachment-1753\" class=\"wp-caption-text\"><strong>Cr\u00e9dit: Adario Chirgwin-Dasgupta<\/strong><\/p><\/div>\n<p>&nbsp;<\/p>\n<p><strong>1- Quelle formation es-tu en train de suivre et o\u00f9 \u00e9tudies-tu?<\/strong><\/p>\n<p>Je suis en train de compl\u00e9ter ma deuxi\u00e8me ann\u00e9e de c\u00e9gep dans le programme Sciences, Lettres et Arts au coll\u00e8ge Marianopolis. Nul repos, beaucoup de caf\u00e9!<\/p>\n<p>&nbsp;<\/p>\n<p><strong>2- Collaborer au projet des Horizons imaginaires, honn\u00eatement, \u00e7a t\u2019apporte quoi?<\/strong><\/p>\n<p>Il y a tr\u00e8s longtemps, quand j\u2019\u00e9tais au primaire, je m&rsquo;adonnais constamment \u00e0 mes \u00ab\u00e9tudes\u00bb en fantasy. J\u2019apprenais par coeur toutes sortes de panth\u00e9ons divins, je raffolais de la mythologie grecque, et je me sentais toujours pr\u00eat \u00e0 d\u00e9couvrir de nouveaux mondes domin\u00e9s par la magie et l\u2019impossible. Huit ans plus tard, le projet des Horizons imaginaires me donne l\u2019opportunit\u00e9 de poursuivre cette exploration. J\u2019ai maintenant la chance de partager mes connaissances et mes trouvailles obscures avec ceux et celles qui daignent lire mes articles quelque peu excentriques!<\/p>\n<p>&nbsp;<\/p>\n<p><strong>3- Quels sont tes genres de l\u2019imaginaire favoris? Pourquoi les pr\u00e9f\u00e8res-tu aux autres?<\/strong><\/p>\n<p>La fantasy pseudom\u00e9di\u00e9vale \u00abmagique\u00bb, sans aucun doute. <em>Amos Daragon<\/em>, <em>Eragon<\/em>, <em>Game of Thrones<\/em>, ces mondes de dieux d\u00e9chus et d\u2019\u00eatres l\u00e9gendaires m\u2019ont toujours rempli d\u2019\u00e9merveillement.<\/p>\n<p>&nbsp;<\/p>\n<p><strong>4- Te voil\u00e0 \u00e9chou\u00e9 sur une \u00eele d\u00e9serte et pour t\u2019en sortir, tu ne peux appeler \u00e0 l\u2019aide que deux personnages de fiction: de qui s\u2019agit-il et pourquoi ces deux-l\u00e0?<\/strong><\/p>\n<p>Pose\u00efdon et Calypso. C\u2019est Pose\u00efdon qui permet aux naufrag\u00e9s de retrouver leur chez-soi &#8211; ou de les en emp\u00eacher, dans le cas d\u2019Ulysse dans l\u2019<em>Odyss\u00e9e<\/em>! Mais pour ce qui est du radeau qui me permettra de naviguer l\u2019oc\u00e9an, seule la N\u00e9r\u00e9ide Calypso poss\u00e8de l\u2019expertise requise pour construire une embarcation qui ne sombrera jamais!<\/p>\n<p>&nbsp;<\/p>\n<p><strong>5- Qu\u2019\u00e9coutes-tu pendant que tu lis?<\/strong><\/p>\n<p>Le silence. Vu que j\u2019ai tendance \u00e0 m\u2019endormir apr\u00e8s avoir lu deux ou trois pages d\u2019un roman (cause habituelle: manques de sommeil et de caf\u00e9ine = combo brutal), me distraire encore plus avec de la musique serait une mauvaise id\u00e9e.<\/p>\n<p>&nbsp;<\/p>\n<hr \/>\n<p>&nbsp;<\/p>\n<p><strong>Articles d\u00e9j\u00e0 parus sur le blogue culturel des Horizons imaginaires<\/strong><\/p>\n<p>&nbsp;<\/p>\n<p><a href=\"http:\/\/www.marianopolis.edu\/horizonsimaginaires\/2018\/03\/03\/entrevue-avec-deux-editeurs-de-la-revue-litteraire-brins-deternite\/\" target=\"_blank\" rel=\"noopener\">Entrevue avec deux \u00e9diteurs de la revue litt\u00e9raire Brins d&rsquo;\u00e9ternit\u00e9 (avec Yin Nan Huang)<\/a><\/p>\n<p><a href=\"http:\/\/www.marianopolis.edu\/horizonsimaginaires\/2017\/10\/06\/la-terre-du-milieu-en-symphonie\/\" target=\"_blank\" rel=\"noopener\">La Terre du Milieu en symphonie<\/a><\/p>\n<p><a href=\"http:\/\/www.marianopolis.edu\/horizonsimaginaires\/2017\/09\/28\/sombres-secrets-et-aventures-endiablees\/\" target=\"_blank\" rel=\"noopener\">Sombres secrets et aventures endiabl\u00e9es<\/a><\/p>\n","protected":false},"excerpt":{"rendered":"<p>&nbsp; &nbsp; 1- Quelle formation es-tu en train de suivre et o\u00f9 \u00e9tudies-tu? Je suis en train de compl\u00e9ter ma deuxi\u00e8me ann\u00e9e de c\u00e9gep dans le programme Sciences, Lettres et Arts au coll\u00e8ge Marianopolis. Nul repos, beaucoup de caf\u00e9! &nbsp; 2- Collaborer au projet des Horizons imaginaires, honn\u00eatement, \u00e7a t\u2019apporte quoi? Il y a tr\u00e8s [&hellip;]<\/p>\n","protected":false},"author":5,"featured_media":0,"parent":1580,"menu_order":0,"comment_status":"closed","ping_status":"closed","template":"","meta":{"_acf_changed":false,"footnotes":""},"class_list":["post-1609","page","type-page","status-publish","hentry"],"acf":[],"_links":{"self":[{"href":"https:\/\/www.marianopolis.edu\/horizonsimaginaires\/wp-json\/wp\/v2\/pages\/1609","targetHints":{"allow":["GET"]}}],"collection":[{"href":"https:\/\/www.marianopolis.edu\/horizonsimaginaires\/wp-json\/wp\/v2\/pages"}],"about":[{"href":"https:\/\/www.marianopolis.edu\/horizonsimaginaires\/wp-json\/wp\/v2\/types\/page"}],"author":[{"embeddable":true,"href":"https:\/\/www.marianopolis.edu\/horizonsimaginaires\/wp-json\/wp\/v2\/users\/5"}],"replies":[{"embeddable":true,"href":"https:\/\/www.marianopolis.edu\/horizonsimaginaires\/wp-json\/wp\/v2\/comments?post=1609"}],"version-history":[{"count":5,"href":"https:\/\/www.marianopolis.edu\/horizonsimaginaires\/wp-json\/wp\/v2\/pages\/1609\/revisions"}],"predecessor-version":[{"id":2080,"href":"https:\/\/www.marianopolis.edu\/horizonsimaginaires\/wp-json\/wp\/v2\/pages\/1609\/revisions\/2080"}],"up":[{"embeddable":true,"href":"https:\/\/www.marianopolis.edu\/horizonsimaginaires\/wp-json\/wp\/v2\/pages\/1580"}],"wp:attachment":[{"href":"https:\/\/www.marianopolis.edu\/horizonsimaginaires\/wp-json\/wp\/v2\/media?parent=1609"}],"curies":[{"name":"wp","href":"https:\/\/api.w.org\/{rel}","templated":true}]}}