{"id":1585,"date":"2017-09-22T01:30:34","date_gmt":"2017-09-22T05:30:34","guid":{"rendered":"http:\/\/www.marianopolis.edu\/horizonsimaginaires\/?page_id=1585"},"modified":"2017-11-25T10:44:31","modified_gmt":"2017-11-25T15:44:31","slug":"petit-questionnaire-de-sylvain-liu","status":"publish","type":"page","link":"https:\/\/www.marianopolis.edu\/horizonsimaginaires\/nos-redacteurs\/petit-questionnaire-de-sylvain-liu\/","title":{"rendered":"Petit questionnaire de\u2026 Sylvain Liu!"},"content":{"rendered":"<p>&nbsp;<\/p>\n<div id=\"attachment_1586\" style=\"width: 710px\" class=\"wp-caption aligncenter\"><img loading=\"lazy\" decoding=\"async\" aria-describedby=\"caption-attachment-1586\" class=\"wp-image-1586\" src=\"http:\/\/www.marianopolis.edu\/horizonsimaginaires\/wp-content\/uploads\/2017\/09\/Sylvain_Liu_photo-300x225.jpg\" alt=\"\" width=\"700\" height=\"525\" srcset=\"https:\/\/www.marianopolis.edu\/horizonsimaginaires\/wp-content\/uploads\/2017\/09\/Sylvain_Liu_photo-300x225.jpg 300w, https:\/\/www.marianopolis.edu\/horizonsimaginaires\/wp-content\/uploads\/2017\/09\/Sylvain_Liu_photo.jpg 480w\" sizes=\"auto, (max-width: 700px) 100vw, 700px\" \/><p id=\"caption-attachment-1586\" class=\"wp-caption-text\"><strong>Cr\u00e9dit photo : Sylvain Liu<\/strong><\/p><\/div>\n<p>&nbsp;<\/p>\n<p><strong>1- Quelle formation es-tu en train de suivre et o\u00f9 \u00e9tudies-tu?<\/strong><\/p>\n<p>Je suis en train de suivre un programme de sciences de la sant\u00e9, au coll\u00e8ge Marianopolis.<\/p>\n<p>&nbsp;<\/p>\n<p><strong>2- Collaborer au projet des Horizons imaginaires, honn\u00eatement, \u00e7a t\u2019apporte quoi?<\/strong><\/p>\n<p>Participer au projet des Horizons imaginaires me donne une occasion d\u2019\u00e9crire et d\u2019\u00e9changer avec d\u2019autres gens qui partagent la m\u00eame passion pour l\u2019imaginaire. Je suis heureux d\u2019avoir l\u2019opportunit\u00e9 de lire, d\u2019\u00e9couter, et d\u2019\u00e9changer des histoires avec mes amis et de laisser libre cours \u00e0 mon imagination.<\/p>\n<p>&nbsp;<\/p>\n<p><strong>3- Si tu pouvais rencontrer n\u2019importe quel auteur, mort ou vivant, qui serait-ce\u00a0et pourquoi choisis-tu cette personne? Que lui demanderais-tu?<\/strong><\/p>\n<p>Jules Verne. Sans \u00e9quivoque. Ce sont ses \u0153uvres qui m\u2019ont ouvert la porte menant aux mondes de l\u2019imaginaire, plus pr\u00e9cis\u00e9ment ceux des r\u00e9cits d\u2019aventures et de science-fiction. J\u2019ai \u00e9t\u00e9 \u00e9merveill\u00e9 de d\u00e9couvrir que, quelque cent trente ann\u00e9es avant ma naissance, quelqu\u2019un avait d\u00e9j\u00e0 imagin\u00e9 des histoires aussi \u00e9poustouflantes. Je prendrais bien un caf\u00e9 avec lui pour lui demander d\u2019o\u00f9 lui est venue sa passion pour l\u2019\u00e9criture et pour savoir ce qui l\u2019a le plus inspir\u00e9 \u00e0 \u00e9crire ses \u0153uvres.<\/p>\n<p>&nbsp;<\/p>\n<p><strong>4- Y a-t-il un endroit o\u00f9 tu pr\u00e9f\u00e8res lire?<\/strong><\/p>\n<p>\u00c7a d\u00e9pend de ce que je lis. S\u2019il s\u2019agissait d\u2019une histoire d\u2019amour ou d\u2019un r\u00e9cit philosophique, je choisirais un endroit o\u00f9 je pourrais \u00eatre entour\u00e9 d\u2019arbres et de fleurs. Par contre, si j\u2019\u00e9tais en train de lire un r\u00e9cit policier, je pr\u00e9f\u00e9rerais m\u2019isoler dans une petite pi\u00e8ce silencieuse, berc\u00e9 par le tic-tac d\u2019une horloge. Et dans le cas d\u2019un roman de science-fiction, a fortiori un roman qui parle de voyage interstellaire, il faudrait que ce soit dans un observatoire astronomique ou au sommet d\u2019une montagne o\u00f9 je pourrais m\u2019installer, le soir, avec une lampe portative.<\/p>\n<p>&nbsp;<\/p>\n<p><strong>5- Si demain, tu pouvais obtenir l\u2019emploi de tes r\u00eaves, lequel serait-ce et \u00e0 quoi ressemblerait ta journ\u00e9e de travail?<\/strong><\/p>\n<p>Je serais un guerrier du Global Unlimited Task Squad (GUTS), une troupe qui d\u00e9fend l\u2019humanit\u00e9 contre les catastrophes naturelles et les attaques d\u2019envahisseurs extraterrestres. Je me r\u00e9veillerais le matin dans ma chambre du Quartier g\u00e9n\u00e9ral, situ\u00e9 dans la baie de Tokyo. Je patrouillerais sur la surface de la plan\u00e8te \u00e0 bord de mon appareil ultrasonique. Je serais \u00e0 l\u2019aff\u00fbt de tout ph\u00e9nom\u00e8ne \u00e9trange qui risquerait de potentiellement menacer l\u2019humanit\u00e9.<\/p>\n<p>&nbsp;<\/p>\n<p><strong>6- Si tu avais un super-pouvoir, ce serait lequel?<\/strong><\/p>\n<p>Celui de gu\u00e9rir toutes les maladies et toutes les blessures. J\u2019apposerais mes mains sur le corps des gens, une lumi\u00e8re bleut\u00e9e \u00e9manerait de mes paumes, et on verrait les plaies r\u00e9tr\u00e9cir jusqu\u2019\u00e0 dispara\u00eetre compl\u00e8tement; on verrait la maladie s\u2019\u00e9vaporer en une fum\u00e9e noire et les visages bl\u00eames reprendre des couleurs.<\/p>\n<p>&nbsp;<\/p>\n<hr \/>\n<p>&nbsp;<\/p>\n<p><strong>Articles d\u00e9j\u00e0 parus sur le blogue culturel des Horizons imaginaires<\/strong><\/p>\n<p>&nbsp;<\/p>\n<p><a href=\"http:\/\/www.marianopolis.edu\/horizonsimaginaires\/2017\/11\/24\/poesie-de-robots-et-folie-sagueneenne\/\" target=\"_blank\" rel=\"noopener\">Po\u00e9sie de robots et folie saguen\u00e9enne (avec Hao Chen He)<\/a><\/p>\n<p><a href=\"http:\/\/www.marianopolis.edu\/horizonsimaginaires\/2017\/09\/22\/les-contes-et-legendes-oublies-de-montreal\/\" target=\"_blank\" rel=\"noopener\">Les contes et l\u00e9gendes oubli\u00e9s de Montr\u00e9al<\/a><\/p>\n<p><a href=\"http:\/\/www.marianopolis.edu\/horizonsimaginaires\/2017\/05\/31\/prends-garde-a-crimson-peak\/\" target=\"_blank\" rel=\"noopener\">\u00ab Prends garde \u00e0 Crimson Peak\u2026 \u00bb<\/a><\/p>\n<p><a href=\"http:\/\/www.marianopolis.edu\/horizonsimaginaires\/2017\/04\/26\/le-sixieme-sommeil-une-initiation-au-monde-des-reves\/\" target=\"_blank\" rel=\"noopener\">Le Sixi\u00e8me sommeil : une initiation au monde des r\u00eaves<\/a><\/p>\n","protected":false},"excerpt":{"rendered":"<p>&nbsp; &nbsp; 1- Quelle formation es-tu en train de suivre et o\u00f9 \u00e9tudies-tu? Je suis en train de suivre un programme de sciences de la sant\u00e9, au coll\u00e8ge Marianopolis. &nbsp; 2- Collaborer au projet des Horizons imaginaires, honn\u00eatement, \u00e7a t\u2019apporte quoi? Participer au projet des Horizons imaginaires me donne une occasion d\u2019\u00e9crire et d\u2019\u00e9changer avec [&hellip;]<\/p>\n","protected":false},"author":5,"featured_media":0,"parent":1580,"menu_order":0,"comment_status":"closed","ping_status":"closed","template":"","meta":{"_acf_changed":false,"footnotes":""},"class_list":["post-1585","page","type-page","status-publish","hentry"],"acf":[],"_links":{"self":[{"href":"https:\/\/www.marianopolis.edu\/horizonsimaginaires\/wp-json\/wp\/v2\/pages\/1585","targetHints":{"allow":["GET"]}}],"collection":[{"href":"https:\/\/www.marianopolis.edu\/horizonsimaginaires\/wp-json\/wp\/v2\/pages"}],"about":[{"href":"https:\/\/www.marianopolis.edu\/horizonsimaginaires\/wp-json\/wp\/v2\/types\/page"}],"author":[{"embeddable":true,"href":"https:\/\/www.marianopolis.edu\/horizonsimaginaires\/wp-json\/wp\/v2\/users\/5"}],"replies":[{"embeddable":true,"href":"https:\/\/www.marianopolis.edu\/horizonsimaginaires\/wp-json\/wp\/v2\/comments?post=1585"}],"version-history":[{"count":5,"href":"https:\/\/www.marianopolis.edu\/horizonsimaginaires\/wp-json\/wp\/v2\/pages\/1585\/revisions"}],"predecessor-version":[{"id":1994,"href":"https:\/\/www.marianopolis.edu\/horizonsimaginaires\/wp-json\/wp\/v2\/pages\/1585\/revisions\/1994"}],"up":[{"embeddable":true,"href":"https:\/\/www.marianopolis.edu\/horizonsimaginaires\/wp-json\/wp\/v2\/pages\/1580"}],"wp:attachment":[{"href":"https:\/\/www.marianopolis.edu\/horizonsimaginaires\/wp-json\/wp\/v2\/media?parent=1585"}],"curies":[{"name":"wp","href":"https:\/\/api.w.org\/{rel}","templated":true}]}}