{"id":1572,"date":"2017-09-22T00:49:04","date_gmt":"2017-09-22T04:49:04","guid":{"rendered":"http:\/\/www.marianopolis.edu\/horizonsimaginaires\/?page_id=1572"},"modified":"2018-02-17T22:30:52","modified_gmt":"2018-02-18T03:30:52","slug":"petit-questionnaire-de-daphnee-lopresti","status":"publish","type":"page","link":"https:\/\/www.marianopolis.edu\/horizonsimaginaires\/nos-redacteurs\/petit-questionnaire-de-daphnee-lopresti\/","title":{"rendered":"Petit questionnaire de&#8230; Daphn\u00e9e Lopresti!"},"content":{"rendered":"<h2><\/h2>\n<p>&nbsp;<\/p>\n<div id=\"attachment_1574\" style=\"width: 710px\" class=\"wp-caption aligncenter\"><img loading=\"lazy\" decoding=\"async\" aria-describedby=\"caption-attachment-1574\" class=\"wp-image-1574\" src=\"http:\/\/www.marianopolis.edu\/horizonsimaginaires\/wp-content\/uploads\/2017\/09\/Daphne_e_Lopresti-225x300.jpg\" alt=\"\" width=\"700\" height=\"933\" srcset=\"https:\/\/www.marianopolis.edu\/horizonsimaginaires\/wp-content\/uploads\/2017\/09\/Daphne_e_Lopresti-225x300.jpg 225w, https:\/\/www.marianopolis.edu\/horizonsimaginaires\/wp-content\/uploads\/2017\/09\/Daphne_e_Lopresti-768x1024.jpg 768w, https:\/\/www.marianopolis.edu\/horizonsimaginaires\/wp-content\/uploads\/2017\/09\/Daphne_e_Lopresti.jpg 1536w\" sizes=\"auto, (max-width: 700px) 100vw, 700px\" \/><p id=\"caption-attachment-1574\" class=\"wp-caption-text\"><strong>Cr\u00e9dit photo : Zhen Yan Cao<\/strong><\/p><\/div>\n<p>&nbsp;<\/p>\n<p><strong>1- Quelle formation es-tu en train de suivre et o\u00f9 \u00e9tudies-tu?<\/strong><\/p>\n<p>J&rsquo;\u00e9tudie au Coll\u00e8ge Marianopolis dans le programme Arts &amp; Sciences.<\/p>\n<p>&nbsp;<\/p>\n<p><strong>2- Collaborer au projet des Horizons imaginaires, honn\u00eatement, \u00e7a t\u2019apporte quoi?<\/strong><\/p>\n<p>\u00c7a me permet de rencontrer plein de gens int\u00e9ressants et \u00e7a me donne une bonne raison de mettre mes livres d&rsquo;\u00e9cole de c\u00f4t\u00e9 et de terminer les romans que je laisse trop souvent en plan.<\/p>\n<p>&nbsp;<\/p>\n<p><strong>3- Te voil\u00e0 \u00e9chou\u00e9e sur une \u00eele d\u00e9serte et pour t\u2019en sortir, tu ne peux appeler \u00e0 l\u2019aide que deux personnages de fiction: de qui s\u2019agit-il et pourquoi ces deux-l\u00e0?<\/strong><\/p>\n<p>J&rsquo;appellerais \u00e0 l&rsquo;aide Hiccup et Toothless (Harold et Krokmou en Fran\u00e7ais) du film <em>Dragon<\/em> parce que quitter une \u00eele d\u00e9serte \u00e0 dos de<em> furie nocturne, <\/em>\u00e7a doit \u00eatre tr\u00e8s, tr\u00e8s chouette!<\/p>\n<p>&nbsp;<\/p>\n<p><strong>4- Quel est ton plaisir coupable, c\u00f4t\u00e9 litt\u00e9rature, cin\u00e9ma, etc.?<\/strong><\/p>\n<p>Je me sens toujours un peu coupable d&rsquo;appr\u00e9cier et de me laisser emporter par des \u0153uvres o\u00f9 les personnages f\u00e9minins sont absents, sans personnalit\u00e9, st\u00e9r\u00e9otyp\u00e9s ou un m\u00e9lange des trois. Parfois, c&rsquo;est bon quand m\u00eame, et l&rsquo;univers reste convaincant. La plupart du temps, par contre, \u00e7a tue la magie, et mon monologue int\u00e9rieur sur le sujet m&#8217;emp\u00eache de me concentrer sur l&rsquo;\u0153uvre (je suis d\u00e9j\u00e0 sortie d&rsquo;une salle de cin\u00e9ma en n&rsquo;ayant qu&rsquo;une id\u00e9e tr\u00e8s basique du sc\u00e9nario du film que je venais de voir parce que j&rsquo;avais arr\u00eat\u00e9 d&rsquo;\u00e9couter s\u00e9rieusement apr\u00e8s quelques minutes seulement, compl\u00e8tement d\u00e9courag\u00e9e par le ratio femme\/homme et les th\u00e8mes mis de l&rsquo;avant!).<\/p>\n<p>&nbsp;<\/p>\n<p><strong>5- Qu\u2019est-ce qui peut t\u2019attirer vers une \u0153uvre dont tu n\u2019as jamais entendu parler avant?<\/strong><\/p>\n<p>Les personnages intrigants! J&rsquo;aime les h\u00e9ro\u00efnes plus grandes que nature et les martyrs dramatiques. Ce qui m&rsquo;interpelle plus que tout, ce sont ces \u0153uvres o\u00f9 l&rsquo;on ne peut s&#8217;emp\u00eacher de comprendre les personnages et de s&rsquo;identifier \u00e0 eux, m\u00eame s\u2019ils posent des gestes inhumains, comme dans <em>Le Vide<\/em> de Patrick Sen\u00e9cal ou <em>Les Maitres de l&rsquo;illusion<\/em> de Donna Tartt. Me proposer un roman sous l&rsquo;angle des personnages, c&rsquo;est piquer ma curiosit\u00e9 \u00e0 coup s\u00fbr!<\/p>\n<p>&nbsp;<\/p>\n<hr \/>\n<p>&nbsp;<\/p>\n<p><strong>Articles parus sur le blogue culturel des Horizons imaginaires<\/strong><\/p>\n<p>&nbsp;<\/p>\n<p><a href=\"http:\/\/www.marianopolis.edu\/horizonsimaginaires\/2018\/02\/16\/john-scalzi-ou-lincessant-renouvellement-creatif\/\" target=\"_blank\" rel=\"noopener\">John Scalzi, ou l&rsquo;incessant renouvellement cr\u00e9atif<\/a><\/p>\n<p><a href=\"http:\/\/www.marianopolis.edu\/horizonsimaginaires\/2017\/09\/29\/quete-tachee-de-couleurs-sombres\/\" target=\"_blank\" rel=\"noopener\">Qu\u00eate tach\u00e9e de couleurs sombres<\/a><\/p>\n<p><a href=\"http:\/\/www.marianopolis.edu\/horizonsimaginaires\/2017\/09\/22\/montreal-ville-imaginaire-notre-dossier-thematique-de-lautomne-2017\/\" target=\"_blank\" rel=\"noopener\">\u00abMontr\u00e9al, ville imaginaire\u00bb: notre dossier th\u00e9matique de l&rsquo;automne 2017!<\/a><\/p>\n<p><a href=\"http:\/\/www.marianopolis.edu\/horizonsimaginaires\/2017\/09\/15\/mon-carnet-de-vacances-la-magie-prend-son-envol\/\" target=\"_blank\" rel=\"noopener\">Mon carnet de vacances: la magie prend son envol!<\/a><\/p>\n","protected":false},"excerpt":{"rendered":"<p>&nbsp; &nbsp; 1- Quelle formation es-tu en train de suivre et o\u00f9 \u00e9tudies-tu? J&rsquo;\u00e9tudie au Coll\u00e8ge Marianopolis dans le programme Arts &amp; Sciences. &nbsp; 2- Collaborer au projet des Horizons imaginaires, honn\u00eatement, \u00e7a t\u2019apporte quoi? \u00c7a me permet de rencontrer plein de gens int\u00e9ressants et \u00e7a me donne une bonne raison de mettre mes livres [&hellip;]<\/p>\n","protected":false},"author":5,"featured_media":0,"parent":1580,"menu_order":0,"comment_status":"closed","ping_status":"closed","template":"","meta":{"_acf_changed":false,"footnotes":""},"class_list":["post-1572","page","type-page","status-publish","hentry"],"acf":[],"_links":{"self":[{"href":"https:\/\/www.marianopolis.edu\/horizonsimaginaires\/wp-json\/wp\/v2\/pages\/1572","targetHints":{"allow":["GET"]}}],"collection":[{"href":"https:\/\/www.marianopolis.edu\/horizonsimaginaires\/wp-json\/wp\/v2\/pages"}],"about":[{"href":"https:\/\/www.marianopolis.edu\/horizonsimaginaires\/wp-json\/wp\/v2\/types\/page"}],"author":[{"embeddable":true,"href":"https:\/\/www.marianopolis.edu\/horizonsimaginaires\/wp-json\/wp\/v2\/users\/5"}],"replies":[{"embeddable":true,"href":"https:\/\/www.marianopolis.edu\/horizonsimaginaires\/wp-json\/wp\/v2\/comments?post=1572"}],"version-history":[{"count":10,"href":"https:\/\/www.marianopolis.edu\/horizonsimaginaires\/wp-json\/wp\/v2\/pages\/1572\/revisions"}],"predecessor-version":[{"id":2060,"href":"https:\/\/www.marianopolis.edu\/horizonsimaginaires\/wp-json\/wp\/v2\/pages\/1572\/revisions\/2060"}],"up":[{"embeddable":true,"href":"https:\/\/www.marianopolis.edu\/horizonsimaginaires\/wp-json\/wp\/v2\/pages\/1580"}],"wp:attachment":[{"href":"https:\/\/www.marianopolis.edu\/horizonsimaginaires\/wp-json\/wp\/v2\/media?parent=1572"}],"curies":[{"name":"wp","href":"https:\/\/api.w.org\/{rel}","templated":true}]}}